{"id":469,"date":"2021-05-19T10:11:44","date_gmt":"2021-05-19T08:11:44","guid":{"rendered":"http:\/\/suryn.pl\/?page_id=469"},"modified":"2021-05-19T18:09:57","modified_gmt":"2021-05-19T16:09:57","slug":"strona-110-i-111","status":"publish","type":"page","link":"http:\/\/suryn.pl\/index.php\/strona-110-i-111\/","title":{"rendered":"Strona 110 i 111"},"content":{"rendered":"\n<pre class=\"wp-block-verse\" style=\"font-size:17px\"><strong>pusta strona<\/strong>\notw\u00f3rz m\u00f3wi\u0119 ci otw\u00f3rz\nale nie wchod\u017a bez cienia\nma tyle \u015blicznych w\u0105tpliwo\u015bci\ndumniejsza od twego spojrzenia\n&nbsp;\nsnem bia\u0142ym \u015bpi\u0105 tu pelikany\nwalet to pi\u0119knie wygra na rogu\nprzyszed\u0142e\u015b z ni\u0105\nwi\u0119c z powrotem ci j\u0105 w\u0142o\u017c\u0119\ntak to pust\u0105 stron\u0105 ka\u017cdy by\u0107 mo\u017ce\n&nbsp;\notw\u00f3rz m\u00f3wi\u0119 ci otw\u00f3rz\nale nie zbud\u017a przeci\u0105gu\nale nie zgub milczenia\nlepiej przemilcz sw\u0105 zgub\u0119\n<em>&nbsp;&nbsp;&nbsp;&nbsp;&nbsp;&nbsp;&nbsp;&nbsp;&nbsp;&nbsp;&nbsp;&nbsp;Sulima-Suryn, Darski<\/em><\/pre>\n\n\n\n<div style=\"height:258px\" aria-hidden=\"true\" class=\"wp-block-spacer\"><\/div>\n\n\n\n<pre class=\"wp-block-verse\" style=\"font-size:17px\"><strong>Jethro Tull<\/strong>\nsen poza obrazem i okiem\ndzie\u0144 kt\u00f3ry zaboli\njethroodrzutowiec ponad d\u017awi\u0119kiem muzyka czas las\nstyczniowe wilki w p\u00f3\u0142nocnym ogniu\nwibracje dickensowskich kart po\u017c\u00f3\u0142k\u0142ozielonych\nko\u0142ysania ko\u0142ysania ko\u0142ysania w\u015br\u00f3d drzew\nposadzonych na flety\ntrolle dziwo\u017cony banderzwierze\nodbywa si\u0119 angielskie polowanie\n\u0142aciate psy konie i lis\nflagowanie wiatru\npalec drwala na trzonku siekiery\ngraj\u0105 cudn\u0105 melodi\u0119\n&nbsp;\ndrugi u\u015bmiech spoza ultramaryny obrazu\n&nbsp;\nta ta ti tam tum dum ti di dam \u2013 let it feel\ni te wonne kobiety na koniach\nweso\u0142a dru\u017cyna Robin Hooda odziana w zielone sukno\nwulkany kopyta wulkany kopyta\n\u015bredniowieczne czcionki reklam piwa w Nottingham\no\u015blepiaj\u0105ca pogo\u0144 linii s\u0142\u00f3w kolor\u00f3w\nceltycki las birnamski idzie na studia muzyczne Londynu\n<em>&nbsp;&nbsp;&nbsp;&nbsp;&nbsp;&nbsp;&nbsp;&nbsp;&nbsp;&nbsp;&nbsp;&nbsp;Sulima-Suryn, Darski<\/em><\/pre>\n\n\n\n<p class=\"has-text-align-right\"><a href=\"http:\/\/suryn.pl\/index.php\/strona-108-i-109\/\" data-type=\"URL\" data-id=\"http:\/\/suryn.pl\/index.php\/strona-108-i-109\/\">Poprzednia<\/a>\u00a0 <a href=\"http:\/\/suryn.pl\/index.php\/strona-112-i-113\/\" data-type=\"URL\" data-id=\"http:\/\/suryn.pl\/index.php\/strona-112-i-113\/\">Nast\u0119pna<\/a><\/p>\n","protected":false},"excerpt":{"rendered":"<p>pusta strona otw\u00f3rz m\u00f3wi\u0119 ci otw\u00f3rz ale nie wchod\u017a bez cienia ma tyle \u015blicznych w\u0105tpliwo\u015bci dumniejsza od twego spojrzenia &nbsp; snem bia\u0142ym \u015bpi\u0105 tu pelikany walet to pi\u0119knie wygra na rogu przyszed\u0142e\u015b z ni\u0105 wi\u0119c z powrotem ci j\u0105 w\u0142o\u017c\u0119 tak to pust\u0105 stron\u0105 ka\u017cdy by\u0107 mo\u017ce &nbsp; otw\u00f3rz m\u00f3wi\u0119 ci otw\u00f3rz ale nie zbud\u017a przeci\u0105gu ale nie zgub milczenia &#8230;<\/p>\n","protected":false},"author":1,"featured_media":0,"parent":0,"menu_order":0,"comment_status":"closed","ping_status":"closed","template":"","meta":{"footnotes":""},"class_list":["post-469","page","type-page","status-publish","hentry"],"_links":{"self":[{"href":"http:\/\/suryn.pl\/index.php\/wp-json\/wp\/v2\/pages\/469","targetHints":{"allow":["GET"]}}],"collection":[{"href":"http:\/\/suryn.pl\/index.php\/wp-json\/wp\/v2\/pages"}],"about":[{"href":"http:\/\/suryn.pl\/index.php\/wp-json\/wp\/v2\/types\/page"}],"author":[{"embeddable":true,"href":"http:\/\/suryn.pl\/index.php\/wp-json\/wp\/v2\/users\/1"}],"replies":[{"embeddable":true,"href":"http:\/\/suryn.pl\/index.php\/wp-json\/wp\/v2\/comments?post=469"}],"version-history":[{"count":4,"href":"http:\/\/suryn.pl\/index.php\/wp-json\/wp\/v2\/pages\/469\/revisions"}],"predecessor-version":[{"id":800,"href":"http:\/\/suryn.pl\/index.php\/wp-json\/wp\/v2\/pages\/469\/revisions\/800"}],"wp:attachment":[{"href":"http:\/\/suryn.pl\/index.php\/wp-json\/wp\/v2\/media?parent=469"}],"curies":[{"name":"wp","href":"https:\/\/api.w.org\/{rel}","templated":true}]}}