{"id":455,"date":"2021-05-19T10:06:13","date_gmt":"2021-05-19T08:06:13","guid":{"rendered":"http:\/\/suryn.pl\/?page_id=455"},"modified":"2021-05-19T18:08:23","modified_gmt":"2021-05-19T16:08:23","slug":"strona-106-i-107","status":"publish","type":"page","link":"http:\/\/suryn.pl\/index.php\/strona-106-i-107\/","title":{"rendered":"Strona 106 i 107"},"content":{"rendered":"\n<pre class=\"wp-block-verse\" style=\"font-size:17px\"><strong>pustka madame Bovary<\/strong>\nkiedy moje pragnienia\nstr\u0105caj\u0105 lawiny\nmy\u015bl\u0119 o niezm\u0105conej\nsadzawce\nw kt\u00f3rej ju\u017c nic\npr\u00f3cz spokoju\nnie ujrz\u0119<\/pre>\n\n\n\n<div style=\"height:87px\" aria-hidden=\"true\" class=\"wp-block-spacer\"><\/div>\n\n\n\n<pre class=\"wp-block-verse\" style=\"font-size:17px\"><strong>cyklameny albo nieustaj\u0105ca pieszczota<\/strong>\ndzie\u0144 \u2013 srebrny muflon\nco rogami\nw naszej po\u015bcieli\nwyp\u0142asza\u0142\nnie\u015bmia\u0142ych stra\u017cnik\u00f3w seksu<\/pre>\n\n\n\n<div style=\"height:100px\" aria-hidden=\"true\" class=\"wp-block-spacer\"><\/div>\n\n\n\n<p class=\"has-text-align-right\"><a href=\"http:\/\/suryn.pl\/index.php\/strona-104-i-105\/\" data-type=\"URL\" data-id=\"http:\/\/suryn.pl\/index.php\/strona-104-i-105\/\">Poprzednia<\/a>\u00a0 <a href=\"http:\/\/suryn.pl\/index.php\/strona-108-i-109\/\" data-type=\"URL\" data-id=\"http:\/\/suryn.pl\/index.php\/strona-108-i-109\/\">Nast\u0119pna<\/a><\/p>\n","protected":false},"excerpt":{"rendered":"<p>pustka madame Bovary kiedy moje pragnienia str\u0105caj\u0105 lawiny my\u015bl\u0119 o niezm\u0105conej sadzawce w kt\u00f3rej ju\u017c nic pr\u00f3cz spokoju nie ujrz\u0119 cyklameny albo nieustaj\u0105ca pieszczota dzie\u0144 \u2013 srebrny muflon co rogami w naszej po\u015bcieli wyp\u0142asza\u0142 nie\u015bmia\u0142ych stra\u017cnik\u00f3w seksu Poprzednia\u00a0 Nast\u0119pna<\/p>\n","protected":false},"author":1,"featured_media":0,"parent":0,"menu_order":0,"comment_status":"closed","ping_status":"closed","template":"","meta":{"footnotes":""},"class_list":["post-455","page","type-page","status-publish","hentry"],"_links":{"self":[{"href":"http:\/\/suryn.pl\/index.php\/wp-json\/wp\/v2\/pages\/455","targetHints":{"allow":["GET"]}}],"collection":[{"href":"http:\/\/suryn.pl\/index.php\/wp-json\/wp\/v2\/pages"}],"about":[{"href":"http:\/\/suryn.pl\/index.php\/wp-json\/wp\/v2\/types\/page"}],"author":[{"embeddable":true,"href":"http:\/\/suryn.pl\/index.php\/wp-json\/wp\/v2\/users\/1"}],"replies":[{"embeddable":true,"href":"http:\/\/suryn.pl\/index.php\/wp-json\/wp\/v2\/comments?post=455"}],"version-history":[{"count":7,"href":"http:\/\/suryn.pl\/index.php\/wp-json\/wp\/v2\/pages\/455\/revisions"}],"predecessor-version":[{"id":798,"href":"http:\/\/suryn.pl\/index.php\/wp-json\/wp\/v2\/pages\/455\/revisions\/798"}],"wp:attachment":[{"href":"http:\/\/suryn.pl\/index.php\/wp-json\/wp\/v2\/media?parent=455"}],"curies":[{"name":"wp","href":"https:\/\/api.w.org\/{rel}","templated":true}]}}