{"id":447,"date":"2021-05-19T10:02:52","date_gmt":"2021-05-19T08:02:52","guid":{"rendered":"http:\/\/suryn.pl\/?page_id=447"},"modified":"2021-05-19T18:07:45","modified_gmt":"2021-05-19T16:07:45","slug":"strona-104-i-105","status":"publish","type":"page","link":"http:\/\/suryn.pl\/index.php\/strona-104-i-105\/","title":{"rendered":"Strona 104 i 105"},"content":{"rendered":"\n<pre class=\"wp-block-verse\" style=\"font-size:17px\"><strong>dla Ciebie zakl\u0119cie g\u0142\u00f3wne<\/strong>\nten facet pe\u0142en\neleganckich wierszy\nsmutny jest na co dzie\u0144\njedynie \u015bwi\u0119to przelotu zimorodka\npowolne mu kobiety\ni przestrze\u0144 je\u015bli akurat\njest \u0142askawa\nprzywracaj\u0105 daleki spok\u00f3j\ni u\u015bmiech jak pusta zatoka<\/pre>\n\n\n\n<div style=\"height:59px\" aria-hidden=\"true\" class=\"wp-block-spacer\"><\/div>\n\n\n\n<pre class=\"wp-block-verse\" style=\"font-size:17px\"><strong>andaluzja i skrzypce<\/strong>\njak\u017ce ol\u015bniewaj\u0105co milczysz\nw pe\u0142ni skrzyde\u0142\nt\u0119\u017cej\u0105cych dzwon\u00f3w\nnie dziwi\u0105 ci\u0119\nnajwy\u017csze pr\u00f3by ognia\n\n<\/pre>\n\n\n\n<div style=\"height:100px\" aria-hidden=\"true\" class=\"wp-block-spacer\"><\/div>\n\n\n\n<p class=\"has-text-align-right\"><a href=\"http:\/\/suryn.pl\/index.php\/strona-102-i-103\/\" data-type=\"URL\" data-id=\"http:\/\/suryn.pl\/index.php\/strona-102-i-103\/\">Poprzednia<\/a>\u00a0 <a href=\"http:\/\/suryn.pl\/index.php\/strona-106-i-107\/\" data-type=\"URL\" data-id=\"http:\/\/suryn.pl\/index.php\/strona-106-i-107\/\">Nast\u0119pna<\/a><\/p>\n","protected":false},"excerpt":{"rendered":"<p>dla Ciebie zakl\u0119cie g\u0142\u00f3wne ten facet pe\u0142en eleganckich wierszy smutny jest na co dzie\u0144 jedynie \u015bwi\u0119to przelotu zimorodka powolne mu kobiety i przestrze\u0144 je\u015bli akurat jest \u0142askawa przywracaj\u0105 daleki spok\u00f3j i u\u015bmiech jak pusta zatoka andaluzja i skrzypce jak\u017ce ol\u015bniewaj\u0105co milczysz w pe\u0142ni skrzyde\u0142 t\u0119\u017cej\u0105cych dzwon\u00f3w nie dziwi\u0105 ci\u0119 najwy\u017csze pr\u00f3by ognia Poprzednia\u00a0 Nast\u0119pna<\/p>\n","protected":false},"author":1,"featured_media":0,"parent":0,"menu_order":0,"comment_status":"closed","ping_status":"closed","template":"","meta":{"footnotes":""},"class_list":["post-447","page","type-page","status-publish","hentry"],"_links":{"self":[{"href":"http:\/\/suryn.pl\/index.php\/wp-json\/wp\/v2\/pages\/447","targetHints":{"allow":["GET"]}}],"collection":[{"href":"http:\/\/suryn.pl\/index.php\/wp-json\/wp\/v2\/pages"}],"about":[{"href":"http:\/\/suryn.pl\/index.php\/wp-json\/wp\/v2\/types\/page"}],"author":[{"embeddable":true,"href":"http:\/\/suryn.pl\/index.php\/wp-json\/wp\/v2\/users\/1"}],"replies":[{"embeddable":true,"href":"http:\/\/suryn.pl\/index.php\/wp-json\/wp\/v2\/comments?post=447"}],"version-history":[{"count":8,"href":"http:\/\/suryn.pl\/index.php\/wp-json\/wp\/v2\/pages\/447\/revisions"}],"predecessor-version":[{"id":797,"href":"http:\/\/suryn.pl\/index.php\/wp-json\/wp\/v2\/pages\/447\/revisions\/797"}],"wp:attachment":[{"href":"http:\/\/suryn.pl\/index.php\/wp-json\/wp\/v2\/media?parent=447"}],"curies":[{"name":"wp","href":"https:\/\/api.w.org\/{rel}","templated":true}]}}