{"id":437,"date":"2021-05-19T09:58:42","date_gmt":"2021-05-19T07:58:42","guid":{"rendered":"http:\/\/suryn.pl\/?page_id=437"},"modified":"2021-05-20T19:22:24","modified_gmt":"2021-05-20T17:22:24","slug":"strona-102-i-103","status":"publish","type":"page","link":"http:\/\/suryn.pl\/index.php\/strona-102-i-103\/","title":{"rendered":"Strona 102 i 103"},"content":{"rendered":"\n<pre class=\"wp-block-verse\" style=\"font-size:17px\"><strong>do Cendrarsa<\/strong>\nwystarczy wam pragnienie\nznak \u017ce by\u0142em\nwyspy rozkoszne\nob\u0142\u0119d prorok\u00f3w\ndamy czu\u0142e\nopowiadania B\u00f3g wie sk\u0105d\noto dziel\u0119 si\u0119 z tob\u0105\nt\u0105 chwil\u0105\n\u015blad mej woli\ntrwa tam gdzie zechc\u0119<\/pre>\n\n\n\n<div style=\"height:364px\" aria-hidden=\"true\" class=\"wp-block-spacer\"><\/div>\n\n\n\n<pre class=\"wp-block-verse\" style=\"font-size:17px\">\nKUBIN prowadzi miasto w tobie\nm\u00f3wi\u0105 \u015bnisz\njeste\u015b pierwsze dziecko\njeste\u015b dialog\ndialog dekalog\nlog\nnie chodzisz i nie spotykasz\nfryzjer\u00f3w burmistrz\u00f3w\nczarne zegary i wie\u017ce\ni nagle du\u017co dotykalnego czasu\ntzw. czas zegarowy\njedyn\u0105 muzyk\u0105 kamerton\njakby spod wody\nsp\u00f3jrz jak tych ludzi uszcz\u0119\u015bliwia\nowo dozowanie czasu\noto galerie bia\u0142e\noto galerie czarne\nrewolucje i drzewa \u015bpi\u0105\nnikt szczeg\u00f3lnie nie wymy\u015bla bog\u00f3w\nbiegiem rzeczy\non jest\ni nic ponadto\n\/sic\/<\/pre>\n\n\n\n<p class=\"has-text-align-right\"><a href=\"http:\/\/suryn.pl\/index.php\/strona-100-i-101\/\" data-type=\"URL\" data-id=\"http:\/\/suryn.pl\/index.php\/strona-100-i-101\/\">Poprzednia<\/a>&nbsp; <a href=\"http:\/\/suryn.pl\/index.php\/strona-104-i-105\/\" data-type=\"URL\" data-id=\"http:\/\/suryn.pl\/index.php\/strona-104-i-105\/\">Nast\u0119pna<\/a><\/p>\n","protected":false},"excerpt":{"rendered":"<p>do Cendrarsa wystarczy wam pragnienie znak \u017ce by\u0142em wyspy rozkoszne ob\u0142\u0119d prorok\u00f3w damy czu\u0142e opowiadania B\u00f3g wie sk\u0105d oto dziel\u0119 si\u0119 z tob\u0105 t\u0105 chwil\u0105 \u015blad mej woli trwa tam gdzie zechc\u0119 KUBIN prowadzi miasto w tobie m\u00f3wi\u0105 \u015bnisz jeste\u015b pierwsze dziecko jeste\u015b dialog dialog dekalog log nie chodzisz i nie spotykasz fryzjer\u00f3w burmistrz\u00f3w czarne zegary i wie\u017ce i nagle &#8230;<\/p>\n","protected":false},"author":1,"featured_media":0,"parent":0,"menu_order":0,"comment_status":"closed","ping_status":"closed","template":"","meta":{"footnotes":""},"class_list":["post-437","page","type-page","status-publish","hentry"],"_links":{"self":[{"href":"http:\/\/suryn.pl\/index.php\/wp-json\/wp\/v2\/pages\/437","targetHints":{"allow":["GET"]}}],"collection":[{"href":"http:\/\/suryn.pl\/index.php\/wp-json\/wp\/v2\/pages"}],"about":[{"href":"http:\/\/suryn.pl\/index.php\/wp-json\/wp\/v2\/types\/page"}],"author":[{"embeddable":true,"href":"http:\/\/suryn.pl\/index.php\/wp-json\/wp\/v2\/users\/1"}],"replies":[{"embeddable":true,"href":"http:\/\/suryn.pl\/index.php\/wp-json\/wp\/v2\/comments?post=437"}],"version-history":[{"count":13,"href":"http:\/\/suryn.pl\/index.php\/wp-json\/wp\/v2\/pages\/437\/revisions"}],"predecessor-version":[{"id":1184,"href":"http:\/\/suryn.pl\/index.php\/wp-json\/wp\/v2\/pages\/437\/revisions\/1184"}],"wp:attachment":[{"href":"http:\/\/suryn.pl\/index.php\/wp-json\/wp\/v2\/media?parent=437"}],"curies":[{"name":"wp","href":"https:\/\/api.w.org\/{rel}","templated":true}]}}