{"id":418,"date":"2021-05-18T21:48:44","date_gmt":"2021-05-18T19:48:44","guid":{"rendered":"http:\/\/suryn.pl\/?page_id=418"},"modified":"2021-05-20T19:20:27","modified_gmt":"2021-05-20T17:20:27","slug":"strona-94-i-95","status":"publish","type":"page","link":"http:\/\/suryn.pl\/index.php\/strona-94-i-95\/","title":{"rendered":"Strona 94 i 95"},"content":{"rendered":"\n<pre class=\"wp-block-verse\" style=\"font-size:17px\"><strong>***<\/strong>\nTak b\u0119dzie i ju\u017c jest\nkonie rozp\u0119dem wpadaj\u0105 do rze\u017ani\ni krwi potrzeba na zar\u00f3\u017cowienie \u015bwitu<\/pre>\n\n\n\n<div style=\"height:431px\" aria-hidden=\"true\" class=\"wp-block-spacer\"><\/div>\n\n\n\n<pre class=\"wp-block-verse\" style=\"font-size:17px\"><strong>for the good king Tagoberth<\/strong>\nto ja was przedrze\u017aniam z mur\u00f3w\nmnie w\u0105chacie w kwiatach\nja podnosz\u0119 wam palec\njestem podr\u00f3\u017c\u0105 \u015bwiata<\/pre>\n\n\n\n<div style=\"height:324px\" aria-hidden=\"true\" class=\"wp-block-spacer\"><\/div>\n\n\n\n<p class=\"has-text-align-right\"><a href=\"http:\/\/suryn.pl\/index.php\/strona-92-i-93\/\" data-type=\"URL\" data-id=\"http:\/\/suryn.pl\/index.php\/strona-92-i-93\/\">Poprzednia<\/a>&nbsp; <a href=\"http:\/\/suryn.pl\/index.php\/strona-96-i-97\/\" data-type=\"URL\" data-id=\"http:\/\/suryn.pl\/index.php\/strona-96-i-97\/\">Nast\u0119pna<\/a><\/p>\n","protected":false},"excerpt":{"rendered":"<p>*** Tak b\u0119dzie i ju\u017c jest konie rozp\u0119dem wpadaj\u0105 do rze\u017ani i krwi potrzeba na zar\u00f3\u017cowienie \u015bwitu for the good king Tagoberth to ja was przedrze\u017aniam z mur\u00f3w mnie w\u0105chacie w kwiatach ja podnosz\u0119 wam palec jestem podr\u00f3\u017c\u0105 \u015bwiata Poprzednia&nbsp; Nast\u0119pna<\/p>\n","protected":false},"author":1,"featured_media":0,"parent":0,"menu_order":0,"comment_status":"closed","ping_status":"closed","template":"","meta":{"footnotes":""},"class_list":["post-418","page","type-page","status-publish","hentry"],"_links":{"self":[{"href":"http:\/\/suryn.pl\/index.php\/wp-json\/wp\/v2\/pages\/418","targetHints":{"allow":["GET"]}}],"collection":[{"href":"http:\/\/suryn.pl\/index.php\/wp-json\/wp\/v2\/pages"}],"about":[{"href":"http:\/\/suryn.pl\/index.php\/wp-json\/wp\/v2\/types\/page"}],"author":[{"embeddable":true,"href":"http:\/\/suryn.pl\/index.php\/wp-json\/wp\/v2\/users\/1"}],"replies":[{"embeddable":true,"href":"http:\/\/suryn.pl\/index.php\/wp-json\/wp\/v2\/comments?post=418"}],"version-history":[{"count":7,"href":"http:\/\/suryn.pl\/index.php\/wp-json\/wp\/v2\/pages\/418\/revisions"}],"predecessor-version":[{"id":1179,"href":"http:\/\/suryn.pl\/index.php\/wp-json\/wp\/v2\/pages\/418\/revisions\/1179"}],"wp:attachment":[{"href":"http:\/\/suryn.pl\/index.php\/wp-json\/wp\/v2\/media?parent=418"}],"curies":[{"name":"wp","href":"https:\/\/api.w.org\/{rel}","templated":true}]}}