{"id":406,"date":"2021-05-18T21:39:25","date_gmt":"2021-05-18T19:39:25","guid":{"rendered":"http:\/\/suryn.pl\/?page_id=406"},"modified":"2021-05-26T16:04:05","modified_gmt":"2021-05-26T14:04:05","slug":"strona-92-i-93","status":"publish","type":"page","link":"http:\/\/suryn.pl\/index.php\/strona-92-i-93\/","title":{"rendered":"Strona 92 i 93"},"content":{"rendered":"\n<pre class=\"wp-block-verse\" style=\"font-size:17px\"><strong>Gra<\/strong>\nTo jest bardzo dobra gra\nregu\u0142y jej niesko\u0144czone\nwygl\u0105daj\u0105c przez kominy \u015bwiata\nzobaczysz jak policjanci\nu\u015bmiechaj\u0105 si\u0119\ndo woskowych figur, koty wymiotuj\u0105\nzbo\u017ce kwitnie 6-razy w roku\nna parkingach wy\u015bwietlaj\u0105 biografie i stare sny\nwiatr przegania przez ja\u0142owe place stada k\u00f3z\ni kolorowe gazety. G\u00f3ry pulsuj\u0105, herosi t\u0142umacz\u0105\nsi\u0119 ze swego bohaterstwa, g\u0142\u00f3wki szpilek p\u0119kaj\u0105\nz nadmiaru diabelskiego st\u0119\u017cenia.\nDziewczynka znad jeziora \u015bpiewa srebrn\u0105 piosenk\u0119\nwielkie ryby podp\u0142ywaj\u0105 do brzegu (ma\u0142e zosta\u0142y po\u017carte).\nKupcy sprzedaj\u0105 i kupuj\u0105 siebie nawzajem\nszczury si\u0119 \u015bmiej\u0105, poci\u0105gi gubi\u0105 pasa\u017cer\u00f3w.\nWielkie bia\u0142e ptaki str\u0105caj\u0105 samoloty do morza\nnie ma mowy o pomy\u0142kach, gra jest wielka\njej regu\u0142y niesko\u0144czone, pisz\u0119 to pij\u0105c wino\nza wasze zdrowie \u2013 bo jak powiedzia\u0142a g\u0105sienica\nAlicji \u2013 jedna strona uczyni ci\u0119 wy\u017csz\u0105, druga strona\nuczyni ci\u0119 ni\u017csz\u0105. - Czego? Zapyta\u0142a Alicja\ngrzyba oczywi\u015bcie!\n<\/pre>\n\n\n\n<div style=\"height:40px\" aria-hidden=\"true\" class=\"wp-block-spacer\"><\/div>\n\n\n\n<pre class=\"wp-block-verse\" style=\"font-size:17px\"><strong>Panie, \u015bni\u0142em dzi\u015b konie....<\/strong>\n\u00a0\u00a0\u00a0\u00a0jeste\u015b g\u0142odny wi\u0119c \u017cyjesz\n\u00a0\u00a0\u00a0\u00a0\u00a0\u00a0\u00a0\u00a0\u00a0\u00a0\u00a0\u00a0- jaki to g\u0142\u00f3d?\n\u00a0\u00a0\u00a0to g\u0142\u00f3d storczyk\u00f3w\n\u00a0\u00a0\u00a0a wok\u00f3\u0142 mnie betonowe korwety\n\u00a0\u00a0\u00a0pe\u0142ne robinson\u00f3w i proroczych telewizor\u00f3w\n\u00a0\u00a0\u00a0i era gad\u00f3w si\u0119 nie sko\u0144czy\u0142a\n\u00a0\u00a0\u00a0\u00a0\u00a0\u00a0\u00a0\u00a0\u00a0\u00a0\u00a0\u00a0- czy widujesz j\u0105?\n\u00a0\u00a0\u00a0tak! pod\u0105\u017ca ku mnie ruchem\u00a0\u00a0\u00a0\n\u00a0\u00a0\u00a0jednostajnie genetycznym\n\u00a0\u00a0\u00a0siej\u0105c bomby zegarowe\n\u00a0\u00a0\u00a0\u00a0\u00a0\u00a0\u00a0\u00a0\u00a0\u00a0\u00a0\u00a0- a twoje serce?\n\u00a0\u00a0\u00a0serce mam najnowsze\n\u00a0\u00a0\u00a0i pe\u0142ne klaustrofobii\n\u00a0\u00a0\u00a0\u00a0\u00a0\u00a0\u00a0\u00a0\u00a0\u00a0\u00a0- czy modlisz si\u0119 jeszcze?\n\u00a0\u00a0\u00a0tak. Jak zawsze rano w barze mlecznym\u00a0\u00a0\u00a0\u00a0\u00a0\u00a0\u00a0\u00a0\u00a0\u00a0\n\u00a0\u00a0\u00a0\u00a0\u00a0\u00a0\u00a0\u00a0\u00a0\u00a0\u00a0\u00a0- wiesz, \u017ce jeste\u015b wybra\u0144cem?\n\u00a0\u00a0\u00a0tak, Panie\n\u00a0\u00a0\u00a0Panie, \u015bni\u0142em dzi\u015b konie i \u2026.\n\u00a0\u00a0\u00a0\u00a0\u00a0\u00a0\u00a0\u00a0\u00a0\u00a0\u00a0\u00a0- przyjd\u0119 w przysz\u0142ym miesi\u0105cu<\/pre>\n\n\n\n<div style=\"height:100px\" aria-hidden=\"true\" class=\"wp-block-spacer\"><\/div>\n\n\n\n<p class=\"has-text-align-right\"><a href=\"http:\/\/suryn.pl\/index.php\/strona-90-i-91\/\" data-type=\"URL\" data-id=\"http:\/\/suryn.pl\/index.php\/strona-90-i-91\/\">Poprzednia<\/a>&nbsp; <a href=\"http:\/\/suryn.pl\/index.php\/strona-94-i-95\/\" data-type=\"URL\" data-id=\"http:\/\/suryn.pl\/index.php\/strona-94-i-95\/\">Nast\u0119pna<\/a><\/p>\n","protected":false},"excerpt":{"rendered":"<p>Gra To jest bardzo dobra gra regu\u0142y jej niesko\u0144czone wygl\u0105daj\u0105c przez kominy \u015bwiata zobaczysz jak policjanci u\u015bmiechaj\u0105 si\u0119 do woskowych figur, koty wymiotuj\u0105 zbo\u017ce kwitnie 6-razy w roku na parkingach wy\u015bwietlaj\u0105 biografie i stare sny wiatr przegania przez ja\u0142owe place stada k\u00f3z i kolorowe gazety. G\u00f3ry pulsuj\u0105, herosi t\u0142umacz\u0105 si\u0119 ze swego bohaterstwa, g\u0142\u00f3wki szpilek p\u0119kaj\u0105 z nadmiaru diabelskiego st\u0119\u017cenia. &#8230;<\/p>\n","protected":false},"author":1,"featured_media":0,"parent":0,"menu_order":0,"comment_status":"closed","ping_status":"closed","template":"","meta":{"footnotes":""},"class_list":["post-406","page","type-page","status-publish","hentry"],"_links":{"self":[{"href":"http:\/\/suryn.pl\/index.php\/wp-json\/wp\/v2\/pages\/406","targetHints":{"allow":["GET"]}}],"collection":[{"href":"http:\/\/suryn.pl\/index.php\/wp-json\/wp\/v2\/pages"}],"about":[{"href":"http:\/\/suryn.pl\/index.php\/wp-json\/wp\/v2\/types\/page"}],"author":[{"embeddable":true,"href":"http:\/\/suryn.pl\/index.php\/wp-json\/wp\/v2\/users\/1"}],"replies":[{"embeddable":true,"href":"http:\/\/suryn.pl\/index.php\/wp-json\/wp\/v2\/comments?post=406"}],"version-history":[{"count":12,"href":"http:\/\/suryn.pl\/index.php\/wp-json\/wp\/v2\/pages\/406\/revisions"}],"predecessor-version":[{"id":1576,"href":"http:\/\/suryn.pl\/index.php\/wp-json\/wp\/v2\/pages\/406\/revisions\/1576"}],"wp:attachment":[{"href":"http:\/\/suryn.pl\/index.php\/wp-json\/wp\/v2\/media?parent=406"}],"curies":[{"name":"wp","href":"https:\/\/api.w.org\/{rel}","templated":true}]}}