{"id":400,"date":"2021-05-18T21:00:22","date_gmt":"2021-05-18T19:00:22","guid":{"rendered":"http:\/\/suryn.pl\/?page_id=400"},"modified":"2021-10-22T14:58:19","modified_gmt":"2021-10-22T12:58:19","slug":"strona-88-i-89","status":"publish","type":"page","link":"http:\/\/suryn.pl\/index.php\/strona-88-i-89\/","title":{"rendered":"Strona 88 i 89"},"content":{"rendered":"\n<p>Do Kanady nie chcia\u0142&nbsp;lecie\u0107, bardzo ba\u0142&nbsp;si\u0119&nbsp;lotu. \u2013 Mama, tak logicznie bior\u0105c, jestem ju\u017c&nbsp;za stary na t\u0105&nbsp;Kanad\u0119. Co ja tam osi\u0105gn\u0119? \u2013 pyta\u0142. Przecie\u017c&nbsp;nic nie musisz osi\u0105ga\u0107. A zwiedza\u0107&nbsp;to mo\u017ce i stary i m\u0142ody, dopingowa\u0142am. Ju\u017c&nbsp;absolutnie nie widzia\u0142&nbsp;siebie w tej Kanadzie. By\u0107&nbsp;mo\u017ce za d\u0142ugo czeka\u0142, bo przecie\u017c&nbsp;wcze\u015bniej kilka razy odm\u00f3wiono mu wizy. Wieczorem dzie\u0144&nbsp;przed odlotem m\u00f3wi\u0142,&nbsp;\u017ce umrze w samolocie. Ja mu na to,&nbsp;\u017ceby nie histeryzowa\u0142. Potem jednak zastanowi\u0142am si\u0119&nbsp;i zaproponowa\u0142am,&nbsp;\u017ce odwo\u0142amy wyjazd. Powiedzia\u0142,&nbsp;\u017ce rodzina pokry\u0142a koszty,&nbsp;\u017ce wszystko ju\u017c&nbsp;za\u0142atwione i musi lecie\u0107, bo wstyd mu b\u0119dzie przed cioci\u0105&nbsp;i przyjaci\u00f3\u0142mi. Pyta\u0142am go jeszcze jak si\u0119&nbsp;czuje. M\u00f3wi\u0142,&nbsp;\u017ce serce dokucza. Da\u0142am mu walerian\u0119, powiedzia\u0142am,&nbsp;\u017ce je\u015bli rano b\u0119dzie czu\u0142&nbsp;si\u0119 \u017ale, to nie leci.<\/p>\n\n\n\n<p>Z Kanady da\u0142&nbsp;zna\u0107,&nbsp;\u017ce wszystko dobrze. Widzia\u0142am, jego kuzyn nakr\u0119ci\u0142&nbsp;film \u2013 Andrzej u\u015bmiechni\u0119ty, zrelaksowany, zadowolony. Najpierw na przyj\u0119ciu u swojej siostry Irenki, potem u ciotki, mojej siostry, potem na farmie u kuzyna pod Montrealem. Bardzo chcia\u0142&nbsp;zobaczy\u0107&nbsp;w Kanadzie&nbsp;\u0142osie. Wypatrywa\u0142&nbsp;ich na tej farmie. Podobno nawo\u0142ywa\u0142&nbsp;patrz\u0105c w stron\u0119&nbsp;lasu:&nbsp;\u0141osiu, wyjd\u017a! I&nbsp;\u0142o\u015b&nbsp;w ko\u0144cu wyszed\u0142. Mia\u0142&nbsp;tam zosta\u0107&nbsp;kilka miesi\u0119cy. Zaplanowane by\u0142y ju\u017c&nbsp;spotkania z montrealsk\u0105&nbsp;Poloni\u0105. Chcia\u0142&nbsp;te\u017c&nbsp;odwiedzi\u0107&nbsp;drugiego kuzyna, kt\u00f3ry mieszka w Kalifornii. Zamierza\u0142&nbsp;pojecha\u0107&nbsp;do mi\u0142oszowego Berkeley. Wszystko uk\u0142ada\u0142o si\u0119&nbsp;znakomicie. Ale tylko przez dwa tygodnie.<\/p>\n\n\n\n<p>Spyta\u0142&nbsp;mnie kiedy\u015b, ile razy czyta\u0142am Pismo&nbsp;\u015awi\u0119te. \u2013 Prawd\u0119&nbsp;m\u00f3wi\u0105c, ani razu, odpowiedzia\u0142am. Zacz\u0119\u0142am czyta\u0107&nbsp;Stary Testament, a tam sama krew, zab\u00f3jstwa, wojny. Znudzi\u0142o mnie to. \u2013 A ile razy przeczyta\u0142a Mama Nowy? \u2013 dopytywa\u0142. \u2013 Jeszcze czytam \u2013 powiedzia\u0142am z nadziej\u0105,&nbsp;\u017ce da spok\u00f3j. Powiedzia\u0142&nbsp;mi wtedy,&nbsp;\u017ce przeczyta\u0142&nbsp;wielokrotnie i za ka\u017cdym razem znajdowa\u0142&nbsp;w Pi\u015bmie&nbsp;\u015awi\u0119tym natchnienie. Tyle pi\u0119knych my\u015bli w jednym zdaniu, przekonywa\u0142. M\u00f3wi\u0142,&nbsp;\u017ce gdy nie wiedzia\u0142&nbsp;o czym pisa\u0107&nbsp;otwiera\u0142&nbsp;Bibli\u0119&nbsp;na dowolniej stronie i kontemplowa\u0142 wybran\u0105&nbsp;my\u015bl. Zawsze by\u0142a inspiracj\u0105&nbsp;i dawa\u0142a mu odpowiedni\u0105&nbsp;perspektyw\u0119. Po jego&nbsp;\u015bmierci przypomnia\u0142a mi si\u0119&nbsp;ta rozmowa. Kt\u00f3rego\u015b&nbsp;jesiennego wieczoru pomy\u015bla\u0142am,&nbsp;\u017ce zrobi\u0119&nbsp;tak samo. Odt\u0105d cz\u0119sto tak robi\u0119.<\/p>\n\n\n\n<p class=\"has-text-align-right\">KONIEC<\/p>\n","protected":false},"excerpt":{"rendered":"<p>Do Kanady nie chcia\u0142&nbsp;lecie\u0107, bardzo ba\u0142&nbsp;si\u0119&nbsp;lotu. \u2013 Mama, tak logicznie bior\u0105c, jestem ju\u017c&nbsp;za stary na t\u0105&nbsp;Kanad\u0119. Co ja tam osi\u0105gn\u0119? \u2013 pyta\u0142. Przecie\u017c&nbsp;nic nie musisz osi\u0105ga\u0107. A zwiedza\u0107&nbsp;to mo\u017ce i stary i m\u0142ody, dopingowa\u0142am. Ju\u017c&nbsp;absolutnie nie widzia\u0142&nbsp;siebie w tej Kanadzie. By\u0107&nbsp;mo\u017ce za d\u0142ugo czeka\u0142, bo przecie\u017c&nbsp;wcze\u015bniej kilka razy odm\u00f3wiono mu wizy. Wieczorem dzie\u0144&nbsp;przed odlotem m\u00f3wi\u0142,&nbsp;\u017ce umrze w samolocie. Ja mu &#8230;<\/p>\n","protected":false},"author":1,"featured_media":0,"parent":0,"menu_order":0,"comment_status":"closed","ping_status":"closed","template":"","meta":{"footnotes":""},"class_list":["post-400","page","type-page","status-publish","hentry"],"_links":{"self":[{"href":"http:\/\/suryn.pl\/index.php\/wp-json\/wp\/v2\/pages\/400","targetHints":{"allow":["GET"]}}],"collection":[{"href":"http:\/\/suryn.pl\/index.php\/wp-json\/wp\/v2\/pages"}],"about":[{"href":"http:\/\/suryn.pl\/index.php\/wp-json\/wp\/v2\/types\/page"}],"author":[{"embeddable":true,"href":"http:\/\/suryn.pl\/index.php\/wp-json\/wp\/v2\/users\/1"}],"replies":[{"embeddable":true,"href":"http:\/\/suryn.pl\/index.php\/wp-json\/wp\/v2\/comments?post=400"}],"version-history":[{"count":5,"href":"http:\/\/suryn.pl\/index.php\/wp-json\/wp\/v2\/pages\/400\/revisions"}],"predecessor-version":[{"id":2795,"href":"http:\/\/suryn.pl\/index.php\/wp-json\/wp\/v2\/pages\/400\/revisions\/2795"}],"wp:attachment":[{"href":"http:\/\/suryn.pl\/index.php\/wp-json\/wp\/v2\/media?parent=400"}],"curies":[{"name":"wp","href":"https:\/\/api.w.org\/{rel}","templated":true}]}}