{"id":394,"date":"2021-05-18T20:25:54","date_gmt":"2021-05-18T18:25:54","guid":{"rendered":"http:\/\/suryn.pl\/?page_id=394"},"modified":"2026-04-10T19:34:36","modified_gmt":"2026-04-10T17:34:36","slug":"strona-82-i-83","status":"publish","type":"page","link":"http:\/\/suryn.pl\/index.php\/strona-82-i-83\/","title":{"rendered":"Strona 82 i 83"},"content":{"rendered":"\n<p><strong>Jan Rylke<br>rocznik 1944<br><\/strong>Artysta malarz, performer, poeta, profesor architektury krajobrazu, wyk\u0142adowca w Szkole G\u0142\u00f3wnej Gospodarstwa Wiejskiego, kierownik Katedry Sztuki Krajobrazu. W latach 80-tych organizowa\u0142&nbsp;na Ursynowie domowe pokazy sztuki niezale\u017cnej.<\/p>\n\n\n\n<p><em>My<\/em><em>\u015b<\/em><em>l<\/em><em>\u0119<\/em><em>,&nbsp;<\/em><em>\u017c<\/em><em>e brakowa<\/em><em>\u0142<\/em><em>o mu wewn<\/em><em>\u0119<\/em><em>trznego utwierdzenia si<\/em><em>\u0119&nbsp;<\/em><em>w tym,&nbsp;<\/em><em>\u017c<\/em><em>e jest poet<\/em><em>\u0105<\/em><em>. A by<\/em><em>\u0142&nbsp;<\/em><em>nim przecie<\/em><em>\u017c&nbsp;<\/em><em>w stu procentach. Nie publikowa<\/em><em>\u0142&nbsp;<\/em><em>jednak, nie pisywa<\/em><em>\u0142&nbsp;<\/em><em>do pism po<\/em><em>\u015b<\/em><em>wi<\/em><em>\u0119<\/em><em>conych literaturze czy kulturze, wi<\/em><em>\u0119<\/em><em>c to co stworzy<\/em><em>\u0142&nbsp;<\/em><em>by<\/em><em>\u0142<\/em><em>o znane i cenione tylko w pewnych kr<\/em><em>\u0119<\/em><em>gach. Przez d<\/em><em>\u0142<\/em><em>ugi czas nie mia<\/em><em>\u0142<\/em><em>o to dla niego wi<\/em><em>\u0119<\/em><em>kszego znaczenia, ale p\u00f3<\/em><em>\u017a<\/em><em>niej musia<\/em><em>\u0142<\/em><em>o go w pewien spos\u00f3b m<\/em><em>\u0119<\/em><em>czy<\/em><em>\u0107<\/em><em>. Mimo to i tak nie by<\/em><em>\u0142&nbsp;<\/em><em>w stanie zabiega<\/em><em>\u0107&nbsp;<\/em><em>o publikacje.<\/em><\/p>\n\n\n\n<p><strong>Miros<\/strong><strong>\u0142<\/strong><strong>aw S<\/strong><strong>\u0142<\/strong><strong>apik<br>rocznik 1955<br><\/strong>Poeta, prozaik, dziennikarz, wydawca, podr\u00f3\u017cnik. Mieszka w Go\u0142dapi, pracowa\u0142&nbsp;jako dyrektor Biblioteki Publicznej oraz w Fundacji Rozwoju Regionu Go\u0142dap. Na pocz\u0105tku lat 80-tych za\u0142o\u017cy\u0142&nbsp;w Go\u0142dapi skupiaj\u0105c\u0105&nbsp;m\u0142odych poet\u00f3w i plastyk\u00f3w grup\u0119&nbsp;tw\u00f3rcz\u0105&nbsp;Dom Marka.<\/p>\n\n\n\n<p><em>Suryn mia<\/em><em>\u0142\u00a0<\/em><em>talent do rysowania. Pami<\/em><em>\u0119<\/em><em>tam jak siedzieli<\/em><em>\u015b<\/em><em>my w\u00a0<\/em><em>\u015a<\/em><em>r\u00f3dborowie na wyk<\/em><em>\u0142<\/em><em>adach.\u00a0<\/em><em>\u0141<\/em><em>awki jak w szkole, my w tych\u00a0<\/em><em>\u0142<\/em><em>awkach, a Andrzej przygl<\/em><em>\u0105<\/em><em>da si<\/em><em>\u0119\u00a0<\/em><em>co\u00a0<\/em><em>\u0142<\/em><em>adniejszym dziewczynom i od niechcenia kre<\/em><em>\u015b<\/em><em>li ich portrety, kilka kresek: podbr\u00f3dek, usta, rz<\/em><em>\u0119<\/em><em>sy. Gotowe. Idealne. Bez\u00a0<\/em><em>\u017c<\/em><em>adnych poprawek. To co robi<\/em><em>\u0142\u00a0<\/em><em>Suryn w rysunku, przypomina<\/em><em>\u0142<\/em><em>o mi czasy, kt\u00f3re w sztuce lubi<\/em><em>\u0119\u00a0<\/em><em>najbardziej \u2013 czysty surrealizm.<\/em><\/p>\n\n\n\n<p><strong>Wac<\/strong><strong>\u0142<\/strong><strong>aw Sobaszek<br>rocznik 1953<br><\/strong>Absolwent historii sztuki na Uniwersytecie Warszawskim. Re\u017cyser teatralny, aktor, muzyk, kierownik artystyczny Teatru Wiejskiego W\u0119gajty. Spisa\u0142\u00a0i opracowa\u0142\u00a0teksty nagrane przez Suryna na kasety i w 2003 roku wyda\u0142\u00a0je jako \u201eDialogi z Tomaszem\u201d.<\/p>\n\n\n\n<p><em>Potrafi<\/em><em>\u0142&nbsp;<\/em><em>pi<\/em><em>\u0119<\/em><em>knie mitologizowa<\/em><em>\u0107&nbsp;<\/em><em>rzeczywisto<\/em><em>\u015b\u0107<\/em><em>. Dla niego widzialne i niewidzialne&nbsp;<\/em><em>\u015b<\/em><em>wiaty istnia<\/em><em>\u0142<\/em><em>y r\u00f3wnocze<\/em><em>\u015b<\/em><em>nie. Patrzy<\/em><em>\u0142&nbsp;<\/em><em>na wzg\u00f3rza o zachodzie s<\/em><em>\u0142<\/em><em>o<\/em><em>\u0144<\/em><em>ca i widzia<\/em><em>\u0142&nbsp;<\/em><em>siedz<\/em><em>\u0105<\/em><em>cych na nich m<\/em><em>\u0119<\/em><em>drc\u00f3w.<\/em><\/p>\n\n\n\n<p><strong><strong>Marek Sobczak <\/strong><\/strong><\/p>\n\n\n\n<p><strong><strong>rocznik 1963<\/strong><\/strong><\/p>\n\n\n\n<p>Artysta malarz, rysownik, grafik. Absolwent Wy\u017cszej Szko\u0142y Sztuk Plastycznych w Poznaniu. W 2002 r. obroni\u0142&nbsp;doktorat na Wydziale Malarstwa Akademii Sztuk Pi\u0119knych w Warszawie. W latach 80-tych wsp\u00f3\u0142tworzy\u0142&nbsp;grup\u0119&nbsp;tw\u00f3rcz\u0105&nbsp;SDS. W latach 90-tych za\u0142o\u017cy\u0142&nbsp;i prowadzi\u0142&nbsp;galeri\u0119&nbsp;CH\u0141ODNA 20 w Suwa\u0142kach. Pracowa\u0142&nbsp;w Gazecie Wyborczej i tygodniku Wprost i Polityka.<\/p>\n\n\n\n<p><em>Andrzej to\u00a0<\/em><em>\u015b<\/em><em>wietny poeta. Nie by<\/em><em>\u0142<\/em><em>o do tej pory mody na tak<\/em><em>\u0105\u00a0<\/em><em>poezj<\/em><em>\u0119<\/em><em>. Wiem, jak funkcjonuje kultura od kuchni, jak si<\/em><em>\u0119\u00a0<\/em><em>lansuje poet\u00f3w i jak si<\/em><em>\u0119\u00a0<\/em><em>trzeba stara<\/em><em>\u0107\u00a0<\/em><em>o nagrody. Andrzej pisa<\/em><em>\u0142\u00a0<\/em><em>niezale<\/em><em>\u017c<\/em><em>nie od nagr\u00f3d, szed<\/em><em>\u0142\u00a0<\/em><em>w<\/em><em>\u0142<\/em><em>asn<\/em><em>\u0105\u00a0<\/em><em>drog<\/em><em>\u0105<\/em><em>. Jego poezja, podobnie jak Wojtka Darskiego, Herberta czy Zagajewskiego ma t<\/em><em>\u0119\u00a0<\/em><em>cech<\/em><em>\u0119<\/em><em>, kt\u00f3r<\/em><em>\u0105\u00a0<\/em><em>bardzo ceni<\/em><em>\u0119\u00a0<\/em><em>\u2013 jest d<\/em><em>\u017a<\/em><em>wi<\/em><em>\u0119<\/em><em>czna, bo zestawia ze sob<\/em><em>\u0105\u00a0<\/em><em>obrazy, a nie anegdoty. Andrzej pisa<\/em><em>\u0142\u00a0<\/em><em>obrazami.<\/em><\/p>\n\n\n\n<p><strong>Stanis<\/strong><strong>\u0142<\/strong><strong>aw Sojka<br>rocznik 1959<br><\/strong>Wokalista jazzowy, skrzypek, pianista, gitarzysta, kompozytor i poeta. Od lat wydaje p\u0142yty, koncertuje i bierze udzia\u0142&nbsp;w niezliczonych artystycznych przedsi\u0119wzi\u0119ciach.<\/p>\n\n\n\n<p><em>Andrzej to by<\/em><em>\u0142<\/em><em>a wielka przygoda mojego\u00a0<\/em><em>\u017c<\/em><em>ycia. Pierwszy raz tak blisko by<\/em><em>\u0142<\/em><em>em z poet<\/em><em>\u0105<\/em><em>. Ju<\/em><em>\u017c\u00a0<\/em><em>sam ten fakt by<\/em><em>\u0142\u00a0<\/em><em>dla mnie fascynuj<\/em><em>\u0105<\/em><em>cy, a jeszcze okaza<\/em><em>\u0142\u00a0<\/em><em>si<\/em><em>\u0119\u00a0<\/em><em>osobowo<\/em><em>\u015b<\/em><em>ci<\/em><em>\u0105\u00a0<\/em><em>buduj<\/em><em>\u0105<\/em><em>c<\/em><em>\u0105\u00a0<\/em><em>i jasn<\/em><em>\u0105<\/em><em>. Dzieli<\/em><em>\u0142\u00a0<\/em><em>si<\/em><em>\u0119\u00a0<\/em><em>z nami s<\/em><em>\u0142<\/em><em>oneczn<\/em><em>\u0105\u00a0<\/em><em>rado<\/em><em>\u015b<\/em><em>ci<\/em><em>\u0105\u00a0<\/em><em>i witalno<\/em><em>\u015b<\/em><em>ci<\/em><em>\u0105\u00a0<\/em><em>w pi<\/em><em>\u0119<\/em><em>knie. Celebrowa<\/em><em>\u0142\u00a0<\/em><em>doznania, g<\/em><em>\u0142\u0119<\/em><em>boko odbiera<\/em><em>\u0142\u00a0<\/em><em>pi<\/em><em>\u0119<\/em><em>kno przyrody. Pozosta<\/em><em>\u0142\u00a0<\/em><em>s<\/em><em>\u0142<\/em><em>o<\/em><em>\u0144<\/em><em>cem w moim sercu.<\/em><\/p>\n\n\n\n<p><strong>Andrzej&nbsp;<\/strong><strong>\u015a<\/strong><strong>wietlik<br>rocznik 1951<br><\/strong>Fotografik, tw\u00f3rca grupy&nbsp;\u0141\u00f3d\u017a&nbsp;Kaliska. Zajmuje si\u0119&nbsp;fotografi\u0105&nbsp;artystyczn\u0105, reklamow\u0105, u\u017cytkow\u0105&nbsp;i prasow\u0105. G\u0142\u00f3wnym tematem jego zdj\u0119\u0107&nbsp;jest cz\u0142owiek.<\/p>\n\n\n\n<p><em>Gdy si<\/em><em>\u0119\u00a0<\/em><em>go pozna<\/em><em>\u0142<\/em><em>o okazywa<\/em><em>\u0142\u00a0<\/em><em>si<\/em><em>\u0119\u00a0<\/em><em>facetem szalenie otwartym, przyst<\/em><em>\u0119<\/em><em>pnym, ale ma<\/em><em>\u0142<\/em><em>om\u00f3wnym. M\u00f3wi<\/em><em>\u0142\u00a0<\/em><em>tylko wa<\/em><em>\u017c<\/em><em>ne rzeczy, tylko to, co uzna<\/em><em>\u0142<\/em><em>,\u00a0<\/em><em>\u017c<\/em><em>e warto powiedzie<\/em><em>\u0107<\/em><em>. Nie wypowiada<\/em><em>\u0142\u00a0<\/em><em>zb<\/em><em>\u0119<\/em><em>dnych s<\/em><em>\u0142<\/em><em>\u00f3w.<\/em><\/p>\n\n\n\n<p><strong>El<\/strong><strong>\u017c<\/strong><strong>bieta Wasy<\/strong><strong>\u0142<\/strong><strong>yk<br>rocznik 1964<br><\/strong>Artystka malarka, poetka, pedagog. Uko\u0144czy\u0142a histori\u0119&nbsp;na UAM oraz malarstwo w Pa\u0144stwowej Wy\u017cszej Szkole Sztuk Plastycznych w Poznaniu. Zajmuje si\u0119&nbsp;malarstwem sztalugowym,&nbsp;\u015bciennym, witra\u017cem. Na Akademii Sztuki w Szczecinie prowadzi Pracowni\u0119&nbsp;Malarstwa i Rysunku.<\/p>\n\n\n\n<p><em>Mia<\/em><em>\u0142<\/em><em>am wra<\/em><em>\u017c<\/em><em>enie,&nbsp;<\/em><em>\u017c<\/em><em>e on zagl<\/em><em>\u0105<\/em><em>da gdzie<\/em><em>\u015b&nbsp;<\/em><em>dalej. By<\/em><em>\u0142&nbsp;<\/em><em>pe<\/em><em>\u0142<\/em><em>en t<\/em><em>\u0119<\/em><em>sknoty, nie tylko tej za czym<\/em><em>\u015b&nbsp;<\/em><em>transcendentnym, ale te<\/em><em>\u017c&nbsp;<\/em><em>za normalnym cz<\/em><em>\u0142<\/em><em>owiekiem, za zwyk<\/em><em>\u0142<\/em><em>ym ludzkim spotkaniem.<\/em><\/p>\n\n\n\n<p><strong>Pawe<\/strong><strong>\u0142\u00a0<\/strong><strong>Zawadzki<br>rocznik 1943<br><\/strong>Pisarz, publicysta, niespokojny duch. W 1990 r redagowa\u0142\u00a0i wydawa\u0142\u00a0pismo \u201eG\u0142os Patetyczny Dziada Narodowego\u201d, m\u00f3wi,\u00a0\u017ce prowadzi Niekomercyjn\u0105\u00a0Firm\u0119\u00a0Astrologiczn\u0105\u00a0\u201eJasna Przysz\u0142o\u015b\u0107\u201d. Pracowa\u0142\u00a0w Bibliotece Instytutu Sztuki PAN i w Muzeum Literatury w Warszawie. Jest mi\u0142o\u015bnikiem (bez wzajemno\u015bci) zakonu benedyktyn\u00f3w.<\/p>\n\n\n\n<p><em>Andrzej chodzi\u0142 \u015bladami Stachury, bardzo mu odpowiada\u0142a taka poetyka \u2013 cz\u0142owiek w drodze, wieczny w\u0119drowiec, idzie tam, gdzie go oczy ponios\u0105, prowadzi\u00a0\u017cycie bez zobowi\u0105za\u0144, bez plan\u00f3w. Niby zarabia\u0142\u00a0na siebie, niby by\u0142\u00a0niezale\u017cny, ale gdy si\u0119\u00a0temu bli\u017cej przyjrze\u0107,\u00a0z fors\u0105\u00a0ci\u0105gle mia\u0142\u00a0krucho. Mimo to funkcjonowa\u0142\u00a0jako\u015b, korzystaj\u0105c z mitu poety ile si\u0119\u00a0da\u0142o.<\/em><\/p>\n\n\n\n<p class=\"has-text-align-right\"><a href=\"http:\/\/suryn.pl\/index.php\/strona-80-i-81\/\" data-type=\"URL\" data-id=\"http:\/\/suryn.pl\/index.php\/strona-80-i-81\/\">Poprzednia<\/a>&nbsp; <a href=\"http:\/\/suryn.pl\/index.php\/strona-84-i-85\/\" data-type=\"URL\" data-id=\"http:\/\/suryn.pl\/index.php\/strona-84-i-85\/\">Nast\u0119pna<\/a><\/p>\n","protected":false},"excerpt":{"rendered":"<p>Jan Rylkerocznik 1944Artysta malarz, performer, poeta, profesor architektury krajobrazu, wyk\u0142adowca w Szkole G\u0142\u00f3wnej Gospodarstwa Wiejskiego, kierownik Katedry Sztuki Krajobrazu. W latach 80-tych organizowa\u0142&nbsp;na Ursynowie domowe pokazy sztuki niezale\u017cnej. My\u015bl\u0119,&nbsp;\u017ce brakowa\u0142o mu wewn\u0119trznego utwierdzenia si\u0119&nbsp;w tym,&nbsp;\u017ce jest poet\u0105. A by\u0142&nbsp;nim przecie\u017c&nbsp;w stu procentach. Nie publikowa\u0142&nbsp;jednak, nie pisywa\u0142&nbsp;do pism po\u015bwi\u0119conych literaturze czy kulturze, wi\u0119c to co stworzy\u0142&nbsp;by\u0142o znane i cenione tylko w &#8230;<\/p>\n","protected":false},"author":1,"featured_media":0,"parent":0,"menu_order":0,"comment_status":"closed","ping_status":"closed","template":"","meta":{"footnotes":""},"class_list":["post-394","page","type-page","status-publish","hentry"],"_links":{"self":[{"href":"http:\/\/suryn.pl\/index.php\/wp-json\/wp\/v2\/pages\/394","targetHints":{"allow":["GET"]}}],"collection":[{"href":"http:\/\/suryn.pl\/index.php\/wp-json\/wp\/v2\/pages"}],"about":[{"href":"http:\/\/suryn.pl\/index.php\/wp-json\/wp\/v2\/types\/page"}],"author":[{"embeddable":true,"href":"http:\/\/suryn.pl\/index.php\/wp-json\/wp\/v2\/users\/1"}],"replies":[{"embeddable":true,"href":"http:\/\/suryn.pl\/index.php\/wp-json\/wp\/v2\/comments?post=394"}],"version-history":[{"count":7,"href":"http:\/\/suryn.pl\/index.php\/wp-json\/wp\/v2\/pages\/394\/revisions"}],"predecessor-version":[{"id":3261,"href":"http:\/\/suryn.pl\/index.php\/wp-json\/wp\/v2\/pages\/394\/revisions\/3261"}],"wp:attachment":[{"href":"http:\/\/suryn.pl\/index.php\/wp-json\/wp\/v2\/media?parent=394"}],"curies":[{"name":"wp","href":"https:\/\/api.w.org\/{rel}","templated":true}]}}