{"id":392,"date":"2021-05-18T20:25:10","date_gmt":"2021-05-18T18:25:10","guid":{"rendered":"http:\/\/suryn.pl\/?page_id=392"},"modified":"2026-04-10T19:26:46","modified_gmt":"2026-04-10T17:26:46","slug":"strona-80-i-81","status":"publish","type":"page","link":"http:\/\/suryn.pl\/index.php\/strona-80-i-81\/","title":{"rendered":"Strona 80 i 81"},"content":{"rendered":"\n<p><strong>Anna Kuglin<br>rocznik 1972<br><\/strong>Autorka tej ksi\u0105\u017cki. Absolwentka kulturoznawstwa na UAM. Wydawa\u0142a ekologiczne bajki dla dzieci. Realizowa\u0142a ekologiczne programy dla TVP Szczecin. Wyda\u0142a dwa tomiki poezji Suryna \u201ePos\u0142aniec S\u0142owa\u201d i \u201e\u015awiat\u0142o\u201d (reedycja). Obecnie mieszka w Norwegii.<\/p>\n\n\n\n<p><em>Pozna<\/em><em>\u0142<\/em><em>am go w czasach, gdy g<\/em><em>\u0142<\/em><em>\u00f3wn<\/em><em>\u0105&nbsp;<\/em><em>trosk<\/em><em>\u0105&nbsp;<\/em><em>moich rodzic\u00f3w by<\/em><em>\u0142<\/em><em>o,&nbsp;<\/em><em>\u017c<\/em><em>ebym jak najszybciej dojrza<\/em><em>\u0142<\/em><em>a, by op<\/em><em>\u0142<\/em><em>aca<\/em><em>\u0107&nbsp;<\/em><em>sk<\/em><em>\u0142<\/em><em>adki ZUS. Nie bardzo chcia<\/em><em>\u0142<\/em><em>am wtedy uwierzy<\/em><em>\u0107<\/em><em>,&nbsp;<\/em><em>\u017c<\/em><em>e najwa<\/em><em>\u017c<\/em><em>niejsza powinno<\/em><em>\u015b\u0107&nbsp;<\/em><em>w&nbsp;<\/em><em>\u017c<\/em><em>yciu, to pracowa<\/em><em>\u0107&nbsp;<\/em><em>na emerytur<\/em><em>\u0119<\/em><em>, ale wszyscy wok\u00f3<\/em><em>\u0142&nbsp;<\/em><em>zachowywali si<\/em><em>\u0119&nbsp;<\/em><em>tak, jakby to by<\/em><em>\u0142<\/em><em>a&nbsp;<\/em><em>\u015b<\/em><em>wi<\/em><em>\u0119<\/em><em>ta prawda, wi<\/em><em>\u0119<\/em><em>c&nbsp;<\/em><em>\u017c<\/em><em>ycie mi od tego z lekka zbrzyd<\/em><em>\u0142<\/em><em>o. I wtedy B\u00f3g zes<\/em><em>\u0142<\/em><em>a<\/em><em>\u0142&nbsp;<\/em><em>mi Andrzeja. I wszystkie&nbsp;<\/em><em>\u015b<\/em><em>cie<\/em><em>\u017c<\/em><em>ki mi si<\/em><em>\u0119&nbsp;<\/em><em>popl<\/em><em>\u0105<\/em><em>ta<\/em><em>\u0142<\/em><em>y na d<\/em><em>\u0142<\/em><em>ugie, d<\/em><em>\u0142<\/em><em>ugie lata. I by<\/em><em>\u0142<\/em><em>y to cudne manowce, gdy patrze<\/em><em>\u0107&nbsp;<\/em><em>z tej strony. Gdy spojrze<\/em><em>\u0107&nbsp;<\/em><em>z innej, mog<\/em><em>\u0119&nbsp;<\/em><em>powiedzie<\/em><em>\u0107<\/em><em>,&nbsp;<\/em><em>\u017c<\/em><em>e Andrzej by<\/em><em>\u0142&nbsp;<\/em><em>odpowiedzi<\/em><em>\u0105&nbsp;<\/em><em>na potrzeby mojej duszy.<\/em><\/p>\n\n\n\n<p><strong>Ryszard Latecki<br>rocznik 1956<br><\/strong>Muzyk, multinstrumentalista, wynalazca Latary, opatentowanej p\u00f3\u0142progowej gitary. Tw\u00f3rca wielu formacji muzycznych, m.in.: Latecki Improv, Latarka 44, Laterna. Wsp\u00f3\u0142tworzy grup\u0119&nbsp;Kawaler\u00f3w B\u0142otnych. Szczeg\u00f3lnie aktywny na scenie alternatywnej muzyki improwizowanej. Autor i wykonawca licznych muzycznych performance`\u00f3w. Nagra\u0142&nbsp;i zilustrowa\u0142&nbsp;muzycznie dwie kasety \u201eMagia\u201d i Miasta \u2013 czarne dziury\u201d, na kt\u00f3rych Andrzej czyta swoje teksty.<\/p>\n\n\n\n<p><em>Widzia<\/em><em>\u0142<\/em><em>em w nim du<\/em><em>\u017c<\/em><em>o strachu. Jego w<\/em><em>\u0119<\/em><em>drowanie nie by<\/em><em>\u0142<\/em><em>o tylko radosnym poznawaniem&nbsp;<\/em><em>\u015b<\/em><em>wiata, cz<\/em><em>\u0119<\/em><em>sto by<\/em><em>\u0142<\/em><em>o cierpieniem i ucieczk<\/em><em>\u0105&nbsp;<\/em><em>od&nbsp;<\/em><em>\u017c<\/em><em>ycia i od siebie samego. My<\/em><em>\u015b<\/em><em>l<\/em><em>\u0119<\/em><em>,&nbsp;<\/em><em>\u017c<\/em><em>e podr\u00f3<\/em><em>\u017c&nbsp;<\/em><em>do Kanady by<\/em><em>\u0142<\/em><em>a dla niego twardym l<\/em><em>\u0105<\/em><em>dowaniem. U<\/em><em>\u015b<\/em><em>wiadomi<\/em><em>\u0142&nbsp;<\/em><em>sobie,&nbsp;<\/em><em>\u017c<\/em><em>e nie ma&nbsp;<\/em><em>\u017c<\/em><em>adnego \u201etam\u201d \u2013 tam mog<\/em><em>\u0142<\/em><em>a by<\/em><em>\u0107&nbsp;<\/em><em>ju<\/em><em>\u017c&nbsp;<\/em><em>tylko&nbsp;<\/em><em>\u015b<\/em><em>mier<\/em><em>\u0107<\/em><em>. Jedno ci<\/em><em>\u0119&nbsp;<\/em><em>zaskoczy, a drugie ominie \u2013 pisa<\/em><em>\u0142&nbsp;<\/em><em>w kt\u00f3rym<\/em><em>\u015b&nbsp;<\/em><em>wierszu. I tak si<\/em><em>\u0119&nbsp;<\/em><em>sta<\/em><em>\u0142<\/em><em>o.&nbsp;<\/em><em>\u017b<\/em><em>ycie w pewnym sensie omin<\/em><em>\u0119\u0142<\/em><em>o go, a przedwczesna&nbsp;<\/em><em>\u015b<\/em><em>mier<\/em><em>\u0107&nbsp;<\/em><em>zaskoczy<\/em><em>\u0142<\/em><em>a.<\/em><\/p>\n\n\n\n<p><strong>Irena Mumot<br>rocznik 1954<br><\/strong>Wieloletni pracownik biblioteki publicznej w Krzy\u017cu. Organizowa\u0142a Andrzejowi spotkania autorskie. Po jego&nbsp;\u015bmierci zabiega\u0142a o nadanie bibliotece jego imienia, organizowa\u0142a wystawy i spotkania upami\u0119tniaj\u0105ce Suryna jako rodzimego poet\u0119, a tak\u017ce kilka edycji powiatowego konkursu poetyckiego im. Andrzeja Sulimy-Suryna.<\/p>\n\n\n\n<p><em>My<\/em><em>\u015b<\/em><em>l<\/em><em>\u0119<\/em><em>,&nbsp;<\/em><em>\u017c<\/em><em>e jego duchowa przemiana dokona<\/em><em>\u0142<\/em><em>a si<\/em><em>\u0119&nbsp;<\/em><em>te<\/em><em>\u017c&nbsp;<\/em><em>dzi<\/em><em>\u0119<\/em><em>ki matce. Gdy jego relacje z Bogiem si<\/em><em>\u0119&nbsp;<\/em><em>poprawi<\/em><em>\u0142<\/em><em>y, podobno nawet pani<\/em><em>\u0105&nbsp;<\/em><em>Walentyn<\/em><em>\u0119&nbsp;<\/em><em>uczy<\/em><em>\u0142&nbsp;<\/em><em>wiary. W ostatnich wierszach wida<\/em><em>\u0107<\/em><em>,&nbsp;<\/em><em>\u017c<\/em><em>e ko<\/em><em>\u0144<\/em><em>cowe lata jego&nbsp;<\/em><em>\u017c<\/em><em>ycia by<\/em><em>\u0142<\/em><em>y bardzo mistyczne.<\/em><\/p>\n\n\n\n<p><strong>Aleksandra Pietraszewska<\/strong><\/p>\n\n\n\n<p><em>Andrzej bawi<\/em><em>\u0142&nbsp;<\/em><em>si<\/em><em>\u0119 \u017c<\/em><em>yciem. By<\/em><em>\u0142&nbsp;<\/em><em>troch<\/em><em>\u0119&nbsp;<\/em><em>egzaltowany, ale niczego nie udawa<\/em><em>\u0142<\/em><em>. Widz<\/em><em>\u0119&nbsp;<\/em><em>go jak nak<\/em><em>\u0142<\/em><em>ada s<\/em><em>\u0142<\/em><em>omkowy kapelusz, bierze kostur i wyrusza w&nbsp;<\/em><em>\u015b<\/em><em>wiat. Wszystko to wygl<\/em><em>\u0105<\/em><em>da troch<\/em><em>\u0119&nbsp;<\/em><em>teatralne, ale nie jest poz<\/em><em>\u0105<\/em><em>, to jest Andrzej. Czas sp<\/em><em>\u0119<\/em><em>dzony z nim by<\/em><em>\u0142&nbsp;<\/em><em>pe<\/em><em>\u0142<\/em><em>en rado<\/em><em>\u015b<\/em><em>ci. Je<\/em><em>\u017a<\/em><em>dzili<\/em><em>\u015b<\/em><em>my cz<\/em><em>\u0119<\/em><em>sto nad jezioro do Pupek, k<\/em><em>\u0105<\/em><em>pali<\/em><em>\u015b<\/em><em>my si<\/em><em>\u0119&nbsp;<\/em><em>i siedzieli<\/em><em>\u015b<\/em><em>my tam a<\/em><em>\u017c&nbsp;<\/em><em>poranne mg<\/em><em>\u0142<\/em><em>y dawa<\/em><em>\u0142<\/em><em>y zna<\/em><em>\u0107<\/em><em>, by jecha<\/em><em>\u0107&nbsp;<\/em><em>dalej.<\/em><\/p>\n\n\n\n<p><strong>Stanis<\/strong><strong>\u0142<\/strong><strong>aw P<\/strong><strong>\u0142<\/strong><strong>awski<br>rocznik 1956<br><\/strong>Zwykle zaj\u0119ty wi\u0105zaniem ko\u0144ca z ko\u0144cem. Meloman \u2013 znawca muzyki klasycznej i opery. Fotograf-amator poluj\u0105cy na nastr\u00f3j. Z pasj\u0105&nbsp;(i mozo\u0142em) przywraca dawn\u0105 \u015bwietno\u015b\u0107&nbsp;starym meblom. Z\u0142ota r\u0105czka.<\/p>\n\n\n\n<p><em>Andrzej mia<\/em><em>\u0142&nbsp;<\/em><em>tak<\/em><em>\u0105&nbsp;<\/em><em>cech<\/em><em>\u0119<\/em><em>, kt\u00f3ra zachwyca<\/em><em>\u0142<\/em><em>a wielu z nas \u2013 intensywno<\/em><em>\u015b\u0107&nbsp;<\/em><em>i&nbsp;<\/em><em>\u015b<\/em><em>wie<\/em><em>\u017c<\/em><em>o<\/em><em>\u015b\u0107&nbsp;<\/em><em>dozna<\/em><em>\u0144<\/em><em>. Potrafi<\/em><em>\u0142&nbsp;<\/em><em>prze<\/em><em>\u017c<\/em><em>ywa<\/em><em>\u0107&nbsp;<\/em><em>zwyk<\/em><em>\u0142<\/em><em>e rzeczy tak, jakby wydarza<\/em><em>\u0142<\/em><em>y si<\/em><em>\u0119&nbsp;<\/em><em>po raz pierwszy. Potrafi<\/em><em>\u0142&nbsp;<\/em><em>te<\/em><em>\u017c&nbsp;<\/em><em>inicjowa<\/em><em>\u0107&nbsp;<\/em><em>wydarzenia i wci<\/em><em>\u0105<\/em><em>ga<\/em><em>\u0107&nbsp;<\/em><em>innych do swojego&nbsp;<\/em><em>\u015b<\/em><em>wiata. Jego&nbsp;<\/em><em>\u015b<\/em><em>wie<\/em><em>\u017c<\/em><em>o<\/em><em>\u015b\u0107&nbsp;<\/em><em>by<\/em><em>\u0142<\/em><em>a oczyszczaj<\/em><em>\u0105<\/em><em>ca.<\/em><\/p>\n\n\n\n<p><strong>Edi Pyrek<br>rocznik 1969<br><\/strong>Absolwent pedagogiki na Uniwersytecie Warszawskim. Studiowa\u0142&nbsp;tak\u017ce na polonistyce, psychologii, antropologii i etnografii. Zajmowa\u0142&nbsp;si\u0119&nbsp;hipnoz\u0105&nbsp;w reklamie, prowadzi\u0142&nbsp;warsztaty po\u015bwi\u0119cone odmiennym stanom&nbsp;\u015bwiadomo\u015bci, wyk\u0142ada\u0142&nbsp;filozofi\u0119, pracowa\u0142&nbsp;jako terapeuta. Dziennikarz, fotograf, pisarz, podr\u00f3\u017cnik, specjalista od marketingu politycznego i kreowania wizerunku, doradca polityk\u00f3w.<\/p>\n\n\n\n<p><em>Przypomina<\/em><em>\u0142&nbsp;<\/em><em>nam o tym, co istotne. Wytr<\/em><em>\u0105<\/em><em>ca<\/em><em>\u0142&nbsp;<\/em><em>nas z naszego&nbsp;<\/em><em>\u015b<\/em><em>wiata. By<\/em><em>\u0142&nbsp;<\/em><em>jak b<\/em><em>\u0142<\/em><em>azen, kt\u00f3ry wkurza, robi wszystko na odwr\u00f3t i zadaje niezbyt przyjemne pytania, jak G<\/em><em>\u0142<\/em><em>upiec z kart Tarota, jak Sta<\/em><em>\u0144<\/em><em>czyk. By<\/em><em>\u0142&nbsp;<\/em><em>te<\/em><em>\u017c&nbsp;<\/em><em>jak woja<\/em><em>\u017c<\/em><em>er z piosenki \u201eZapro<\/em><em>\u015b<\/em><em>cie mnie do sto<\/em><em>\u0142<\/em><em>u\u201d, kt\u00f3r<\/em><em>\u0105 \u015b<\/em><em>piewa<\/em><em>\u0142<\/em><em>a El<\/em><em>\u017c<\/em><em>bieta Wojnowska \u2013 przychodzi<\/em><em>\u0142&nbsp;<\/em><em>i opowiada<\/em><em>\u0142&nbsp;<\/em><em>o odleg<\/em><em>\u0142<\/em><em>ych krajach, o&nbsp;<\/em><em>\u015b<\/em><em>wiatach, do kt\u00f3rych nie mieli<\/em><em>\u015b<\/em><em>my nigdy dost<\/em><em>\u0119<\/em><em>pu. I niewa<\/em><em>\u017c<\/em><em>ne czy te historie by<\/em><em>\u0142<\/em><em>y prawdziwe, czy zmy<\/em><em>\u015b<\/em><em>lone.<\/em><\/p>\n\n\n\n<p><strong>Piotr Romanowski<br>rocznik 1962<br><\/strong>Kiedy\u015b&nbsp;warszawski hipis, w latach 80-tych z przyjaci\u00f3\u0142mi zak\u0142ada\u0142&nbsp;w okolicy Jonkowa, Gotek i Pupek na Warmii hipisowsk\u0105&nbsp;komun\u0119. Od 1982 mieszka na Warmii. Poeta, rolnik, za\u0142o\u017cyciel i prezes stowarzyszenia ekologiczno-artystycznego \u201eR\u0119k\u0105&nbsp;Dzie\u0142o\u201d, kt\u00f3re zajmuje si\u0119&nbsp;animacj\u0105&nbsp;kultury na wsi oraz promocj\u0105&nbsp;wsp\u00f3\u0142czesnej sztuki ludowej, aktywista Greenpeace.<\/p>\n\n\n\n<p><em>Ludzie teraz du\u017co czerpi\u0105&nbsp;z niego. Sam wielokrotnie si\u0119ga\u0142em do jego tw\u00f3rczo\u015bci po inspiracje. Swoich wierszy cz\u0119sto nie potrafi\u0119&nbsp;zacytowa\u0107, a to co on wymy\u015bli\u0142,&nbsp;wry\u0142o mi si\u0119&nbsp;w pami\u0119\u0107. Zdanie \u201eWszystko jest po twojej my\u015bli, tylko pomy\u015bl\u201d by\u0142o kiedy\u015b&nbsp;has\u0142em jednego z dzia\u0142a\u0144&nbsp;naszego<\/em> <em>stowarzyszenia. Ta maksyma to wielka prawda o&nbsp;\u017cyciu, zrozumienie jej mo\u017ce nas zupe\u0142nie zmieni\u0107. My\u015bli takiego kalibru w tw\u00f3rczo\u015bci Andrzeja jest mn\u00f3stwo.<\/em><\/p>\n\n\n\n<p><strong>Andrzej R\u00f3<\/strong><strong>\u017c<\/strong><strong>ycki<br>rocznik 1942<br><\/strong>Fotograf, re\u017cyser filmowy, artysta multimedialny, teoretyk sztuki, znawca i kolekcjoner polskiej sztuki ludowej. Studiowa\u0142&nbsp;re\u017cyseri\u0119&nbsp;w PWSTviT w&nbsp;\u0141odzi, gdzie nast\u0119pnie by\u0142&nbsp;wyk\u0142adowc\u0105. W latach 70-tych dzia\u0142a\u0142&nbsp;w awangardowej grupie artystycznej Warsztat Formy Filmowej. Zrealizowa\u0142&nbsp;kilkadziesi\u0105t film\u00f3w dokumentalnych, g\u0142\u00f3wnie o tematyce etnograficznej i antropologicznej. W latach 80-tych by\u0142&nbsp;uczestnikiem wielu manifestacji w ramach Kultury Zrzuty, do lat 90-tych zwi\u0105zany z&nbsp;\u0142\u00f3dzkim&nbsp;\u015brodowiskiem progresywno-awangardowym.<\/p>\n\n\n\n<p><em>Pami\u0119tam jego pastele na szarym papierze. Dla mnie maj\u0105\u00a0nie mniejsz\u0105\u00a0warto\u015b\u0107\u00a0ni\u017c\u00a0jego poezja. Rysowa\u0142\u00a0podobnie jak pisa\u0142\u00a0wiersze &#8211; lekko, prosto i trafnie. Nie m\u0119czy\u0142\u00a0si\u0119\u00a0rysowaniem, dla niego by\u0142a to zabawa, a to co wychodzi\u0142o spod jego pi\u00f3ra, pisaka czy pastelowej kredki, mia\u0142o w sobie przestrze\u0144, powietrze i ducha.<\/em><\/p>\n\n\n\n<p class=\"has-text-align-right\"><a href=\"http:\/\/suryn.pl\/index.php\/strona-78-i-79\/\" data-type=\"URL\" data-id=\"http:\/\/suryn.pl\/index.php\/strona-78-i-79\/\">Poprzednia<\/a>&nbsp; <a href=\"http:\/\/suryn.pl\/index.php\/strona-82-i-83\/\" data-type=\"URL\" data-id=\"http:\/\/suryn.pl\/index.php\/strona-82-i-83\/\">Nast\u0119pna<\/a><\/p>\n","protected":false},"excerpt":{"rendered":"<p>Anna Kuglinrocznik 1972Autorka tej ksi\u0105\u017cki. Absolwentka kulturoznawstwa na UAM. Wydawa\u0142a ekologiczne bajki dla dzieci. Realizowa\u0142a ekologiczne programy dla TVP Szczecin. Wyda\u0142a dwa tomiki poezji Suryna \u201ePos\u0142aniec S\u0142owa\u201d i \u201e\u015awiat\u0142o\u201d (reedycja). Obecnie mieszka w Norwegii. Pozna\u0142am go w czasach, gdy g\u0142\u00f3wn\u0105&nbsp;trosk\u0105&nbsp;moich rodzic\u00f3w by\u0142o,&nbsp;\u017cebym jak najszybciej dojrza\u0142a, by op\u0142aca\u0107&nbsp;sk\u0142adki ZUS. Nie bardzo chcia\u0142am wtedy uwierzy\u0107,&nbsp;\u017ce najwa\u017cniejsza powinno\u015b\u0107&nbsp;w&nbsp;\u017cyciu, to pracowa\u0107&nbsp;na emerytur\u0119, ale wszyscy &#8230;<\/p>\n","protected":false},"author":1,"featured_media":0,"parent":0,"menu_order":0,"comment_status":"closed","ping_status":"closed","template":"","meta":{"footnotes":""},"class_list":["post-392","page","type-page","status-publish","hentry"],"_links":{"self":[{"href":"http:\/\/suryn.pl\/index.php\/wp-json\/wp\/v2\/pages\/392","targetHints":{"allow":["GET"]}}],"collection":[{"href":"http:\/\/suryn.pl\/index.php\/wp-json\/wp\/v2\/pages"}],"about":[{"href":"http:\/\/suryn.pl\/index.php\/wp-json\/wp\/v2\/types\/page"}],"author":[{"embeddable":true,"href":"http:\/\/suryn.pl\/index.php\/wp-json\/wp\/v2\/users\/1"}],"replies":[{"embeddable":true,"href":"http:\/\/suryn.pl\/index.php\/wp-json\/wp\/v2\/comments?post=392"}],"version-history":[{"count":6,"href":"http:\/\/suryn.pl\/index.php\/wp-json\/wp\/v2\/pages\/392\/revisions"}],"predecessor-version":[{"id":3259,"href":"http:\/\/suryn.pl\/index.php\/wp-json\/wp\/v2\/pages\/392\/revisions\/3259"}],"wp:attachment":[{"href":"http:\/\/suryn.pl\/index.php\/wp-json\/wp\/v2\/media?parent=392"}],"curies":[{"name":"wp","href":"https:\/\/api.w.org\/{rel}","templated":true}]}}