{"id":388,"date":"2021-05-18T20:22:53","date_gmt":"2021-05-18T18:22:53","guid":{"rendered":"http:\/\/suryn.pl\/?page_id=388"},"modified":"2026-04-10T19:00:29","modified_gmt":"2026-04-10T17:00:29","slug":"strona-76-i-77","status":"publish","type":"page","link":"http:\/\/suryn.pl\/index.php\/strona-76-i-77\/","title":{"rendered":"Strona 76 i 77"},"content":{"rendered":"\n<p><strong>Oto kr\u0105g przyjaci\u00f3\u0142&nbsp;Andrzeja, dzi\u0119ki kt\u00f3rym powsta\u0142a ta ksi\u0105\u017cka. Pozw\u00f3lmy im jeszcze na kilka zda\u0144&nbsp;o naszym bohaterze.<\/strong><\/p>\n\n\n\n<p><strong>Marek Adamkiewicz<br>rocznik 195<\/strong>7<\/p>\n\n\n\n<p>Uko\u0144czy\u0142&nbsp;studia prawnicze w Montrealu. Studiowa\u0142&nbsp;na wydziale re\u017cyserii w&nbsp;\u0141odzi w latach 1979-1980. Opu\u015bci\u0142&nbsp;Polsk\u0119&nbsp;podczas stanu wojennego. Pracowa\u0142&nbsp;w Montrealu w przemy\u015ble filmowym g\u0142\u00f3wnie jako t\u0142umacz. Zdoby\u0142&nbsp;te\u017c&nbsp;dyplom nauczyciela jogi.<\/p>\n\n\n\n<p><em>Andrzej by<\/em><em>\u0142&nbsp;<\/em><em>moim kuzynem. Lubi<\/em><em>\u0142<\/em><em>em je<\/em><em>\u017a<\/em><em>dzi<\/em><em>\u0107&nbsp;<\/em><em>do Krzy<\/em><em>\u017c<\/em><em>a,&nbsp;<\/em><em>\u017c<\/em><em>eby odwiedzi<\/em><em>\u0107&nbsp;<\/em><em>jego mam<\/em><em>\u0119<\/em><em>, moj<\/em><em>\u0105&nbsp;<\/em><em>ciotk<\/em><em>\u0119&nbsp;<\/em><em>Wal<\/em><em>\u0119<\/em><em>. Andrzej zawsze by<\/em><em>\u0142&nbsp;<\/em><em>w domu. Zabiera<\/em><em>\u0142&nbsp;<\/em><em>mnie do lasu i na brzeg Drawy rowerem. Opowiada<\/em><em>\u0142&nbsp;<\/em><em>o swojej pracy w Gorzowie i o ludziach, z kt\u00f3rymi si<\/em><em>\u0119&nbsp;<\/em><em>przyja<\/em><em>\u017a<\/em><em>ni<\/em><em>\u0142&nbsp;<\/em><em>w lesie. Dzieli<\/em><em>\u0142&nbsp;<\/em><em>si<\/em><em>\u0119&nbsp;<\/em><em>poezj<\/em><em>\u0105&nbsp;<\/em><em>i pokazywa<\/em><em>\u0142&nbsp;<\/em><em>rze<\/em><em>\u017a<\/em><em>by w ogr\u00f3dku. Ciotka Wala chcia<\/em><em>\u0142<\/em><em>a,&nbsp;<\/em><em>\u017c<\/em><em>eby pomaga<\/em><em>\u0142&nbsp;<\/em><em>jej w tym ogrodzie w pracy, ale nie by<\/em><em>\u0142&nbsp;<\/em><em>zbyt ch<\/em><em>\u0119<\/em><em>tny. Andrzej zawsze by<\/em><em>\u0142&nbsp;<\/em><em>zabawny i uprzejmy.<\/em><\/p>\n\n\n\n<p><strong>Waldemar Czechowski<br>rocznik 1952<br><\/strong>Filmowiec, dokumentalista, podr\u00f3\u017cnik, badacz kultur etnicznych. Absolwent wydzia\u0142u operatorskiego&nbsp;\u0142\u00f3dzkiej Szko\u0142y Filmowej, organizator sze\u015bciu filmowych wypraw do Indii, Nepalu i Tybetu. Inicjator projektu \u201eEko-wioska\u201d \u2013 letnich dzia\u0142a\u0144&nbsp;edukacji przez sztuk\u0119&nbsp;dla wiejskich dzieci na Suwalszczy\u017anie. Prezes stowarzyszenia Procinema skupiaj\u0105cego realizator\u00f3w i producent\u00f3w filmowych oraz Fundacji na Rzecz Niematerialnego Dziedzictwa Kultury w Polsce. Za\u0142o\u017cyciel wydawnictwa Oficyna Przyjaci\u00f3\u0142, pierwszy wydawca tomik\u00f3w poetyckich Suryna.<\/p>\n\n\n\n<p><em>My<\/em><em>\u015b<\/em><em>l<\/em><em>\u0119<\/em><em>,&nbsp;<\/em><em>\u017c<\/em><em>e Andrzej do samego ko<\/em><em>\u0144<\/em><em>ca nie uzyska<\/em><em>\u0142&nbsp;<\/em><em>pewno<\/em><em>\u015b<\/em><em>ci co do w<\/em><em>\u0142<\/em><em>asnej&nbsp;<\/em><em>\u015b<\/em><em>cie<\/em><em>\u017c<\/em><em>ki, nie czu<\/em><em>\u0142&nbsp;<\/em><em>si<\/em><em>\u0119&nbsp;<\/em><em>spe<\/em><em>\u0142<\/em><em>niony. Ten brak pewno<\/em><em>\u015b<\/em><em>ci bardzo mu doskwiera<\/em><em>\u0142<\/em><em>. Mocowa<\/em><em>\u0142&nbsp;<\/em><em>si<\/em><em>\u0119&nbsp;<\/em><em>z tym jak biblijny Jakub z Anio<\/em><em>\u0142<\/em><em>em.<\/em><\/p>\n\n\n\n<p><strong>Wojciech Marek Darski<br>rocznik 1958<br><\/strong>Poeta, prozaik i publicysta. W latach osiemdziesi\u0105tych nale\u017ca\u0142&nbsp;do grupy artystycznej Dom Marka, p\u00f3\u017aniej wraz z Surynem i Sobczakiem wsp\u00f3\u0142tworzy\u0142&nbsp;grup\u0119&nbsp;tw\u00f3rcz\u0105&nbsp;SDS. Od pocz\u0105tku wsp\u00f3\u0142tworzy\u0142&nbsp;te\u017c&nbsp;kr\u0105g literacki Wsp\u00f3lnoty Kulturowej \u201eBorussia\u201d. Pracowa\u0142&nbsp;jako dziennikarz, m.in. w Tygodniku Solidarno\u015b\u0107. Wsp\u00f3\u0142pracowa\u0142&nbsp;z licznymi pismami regionalnymi, m.in. z Krajobrazami i Gazet\u0105&nbsp;Gi\u017cyck\u0105.<\/p>\n\n\n\n<p><em>By<\/em><em>\u0142&nbsp;<\/em><em>bardzo dobrym aforyst<\/em><em>\u0105<\/em><em>. Najlepsze aforyzmy przytrafia<\/em><em>\u0142<\/em><em>y mu si<\/em><em>\u0119&nbsp;<\/em><em>niejako przy okazji. \u201ePi<\/em><em>\u0119<\/em><em>knie tu b<\/em><em>\u0119<\/em><em>dzie i beze mnie\u201d \u2013 to jego zdanie nosz<\/em><em>\u0119&nbsp;<\/em><em>do dzi<\/em><em>\u015b&nbsp;<\/em><em>w pami<\/em><em>\u0119<\/em><em>ci. Pi<\/em><em>\u0119<\/em><em>kne. Wi<\/em><em>\u0105\u017c<\/em><em>e si<\/em><em>\u0119&nbsp;<\/em><em>z jego stosunkiem do&nbsp;<\/em><em>\u017c<\/em><em>ycia i&nbsp;<\/em><em>\u015b<\/em><em>wiata. Teraz, gdy Andrzej jest ju<\/em><em>\u017c&nbsp;<\/em><em>po drugiej stronie, szczeg\u00f3lnie je sobie ceni<\/em><em>\u0119<\/em><em>.<\/em><\/p>\n\n\n\n<p><strong>Piotr Derlacz<br>rocznik 1966<br><\/strong>Przyrodnik. Niedosz\u0142y religioznawca. Specjalista od public relations. Wdra\u017ca\u0142&nbsp;w Polsce ekologiczn\u0105&nbsp;sie\u0107&nbsp;obszar\u00f3w chronionych Natura 2000, zajmowa\u0142&nbsp;si\u0119&nbsp;ochron\u0105&nbsp;mokrade\u0142&nbsp;i ma\u0142ego w\u0119drownego ptaszka \u2013 wodniczki<\/p>\n\n\n\n<p><em>Gdy studiowa<\/em><em>\u0142<\/em><em>em le<\/em><em>\u015b<\/em><em>nictwo, zamierza<\/em><em>\u0142<\/em><em>em zmieni<\/em><em>\u0107&nbsp;<\/em><em>kierunek na humanistyczny. Rodzina by<\/em><em>\u0142<\/em><em>a niezadowolona i mia<\/em><em>\u0142<\/em><em>em nadziej<\/em><em>\u0119<\/em><em>,&nbsp;<\/em><em>\u017c<\/em><em>e znajd<\/em><em>\u0119&nbsp;<\/em><em>sprzymierze<\/em><em>\u0144<\/em><em>ca w moim niezwyk<\/em><em>\u0142<\/em><em>ym wujku Andrzeju. M\u00f3j pomys<\/em><em>\u0142&nbsp;<\/em><em>mu si<\/em><em>\u0119&nbsp;<\/em><em>jednak nie spodoba<\/em><em>\u0142<\/em><em>, a jego w<\/em><em>\u0105<\/em><em>tpliwo<\/em><em>\u015b<\/em><em>ci da<\/em><em>\u0142<\/em><em>y mi do my<\/em><em>\u015b<\/em><em>lenia, bo cho<\/em><em>\u0107&nbsp;<\/em><em>mia<\/em><em>\u0142&nbsp;<\/em><em>to samo zdanie co nasza mieszcza<\/em><em>\u0144<\/em><em>ska rodzina, przeciw kt\u00f3rej si<\/em><em>\u0119&nbsp;<\/em><em>wtedy buntowa<\/em><em>\u0142<\/em><em>em, to czu<\/em><em>\u0142<\/em><em>em,&nbsp;<\/em><em>\u017c<\/em><em>e na jego m<\/em><em>\u0105<\/em><em>dro<\/em><em>\u015b<\/em><em>ci mog<\/em><em>\u0119&nbsp;<\/em><em>polega<\/em><em>\u0107<\/em><em>. By<\/em><em>\u0107&nbsp;<\/em><em>mo<\/em><em>\u017c<\/em><em>e tamta rozmowa oszcz<\/em><em>\u0119<\/em><em>dzi<\/em><em>\u0142<\/em><em>a mi p\u00f3<\/em><em>\u017a<\/em><em>niejszych k<\/em><em>\u0142<\/em><em>opot\u00f3w.<\/em><\/p>\n\n\n\n<p><strong>Janusz Ducki<br>rocznik 1943<br><\/strong>Absolwent warszawskiej Akademii Sztuk Pi\u0119knych, wyk\u0142adowca rysunku w Katedrze Sztuki Krajobrazu SGGW. W latach 80-tych wsp\u00f3\u0142tworzy\u0142&nbsp;Galeri\u0119&nbsp;Dzia\u0142a\u0144&nbsp;na Ursynowie. Na prze\u0142omie lat 80\/90 bra\u0142&nbsp;udzia\u0142&nbsp;w wystawach organizowanych przez Jana Rylke.<\/p>\n\n\n\n<p><em>Zawsze funkcjonowa<\/em><em>\u0142\u00a0<\/em><em>troch<\/em><em>\u0119\u00a0<\/em><em>poza rzeczywisto<\/em><em>\u015b<\/em><em>ci<\/em><em>\u0105<\/em><em>, ale rzeczywisto<\/em><em>\u015b\u0107\u00a0<\/em><em>nie stawia<\/em><em>\u0142<\/em><em>a mu te<\/em><em>\u017c\u00a0<\/em><em>wi<\/em><em>\u0119<\/em><em>kszego oporu. Nigdy nie by<\/em><em>\u0142<\/em><em>o w nim\u00a0<\/em><em>\u017c<\/em><em>adnej agresji, nigdy nie goni<\/em><em>\u0142\u00a0<\/em><em>za niczym. By<\/em><em>\u0142\u00a0<\/em><em>subtelny, delikatny, unika<\/em><em>\u0142\u00a0<\/em><em>konfliktowych sytuacji, ale na pewno nie mo<\/em><em>\u017c<\/em><em>na by<\/em><em>\u0142<\/em><em>o powiedzie<\/em><em>\u0107<\/em><em>,\u00a0<\/em><em>\u017c<\/em><em>e by<\/em><em>\u0142\u00a0<\/em><em>mi<\/em><em>\u0119<\/em><em>kki. Droga, kt\u00f3r<\/em><em>\u0105\u00a0<\/em><em>wybra<\/em><em>\u0142<\/em><em>, cho<\/em><em>\u0107\u00a0<\/em><em>nie dawa<\/em><em>\u0142<\/em><em>a mu\u00a0<\/em><em>\u017c<\/em><em>adnej stabilno<\/em><em>\u015b<\/em><em>ci, w jakim<\/em><em>\u015b\u00a0<\/em><em>sensie dodawa<\/em><em>\u0142<\/em><em>a mu mocy.<\/em><\/p>\n\n\n\n<p><strong>\u0141ukasz Luka Ho\u0142uj<br>rocznik 1974<br><\/strong>Muzyk i plastyk. Gra na didgeridoo, tradycyjnym instrumencie australijskich Aborygen\u00f3w. Bra\u0142\u00a0udzia\u0142\u00a0w nagraniach muzyki do film\u00f3w \u201eStara ba\u015b\u0144\u201d i \u201eWino truskawkowe\u201d. Jako muzyk wsp\u00f3\u0142pracowa\u0142\u00a0z krakowskim Teatrem Starym przy spektaklu Krystiana Lupy \u201eFactory 2\u201d. Zajmuje si\u0119\u00a0r\u00f3wnie\u017c\u00a0sztuk\u0105\u00a0u\u017cytkow\u0105, malarstwem, rze\u017ab\u0105\u00a0i wytwarzaniem instrument\u00f3w muzycznych.<\/p>\n\n\n\n<p><em>Uwa\u017cam go za jednego ze swoich mistrz\u00f3w. Czasem zdarza si\u0119,&nbsp;\u017ce mistrza spotykamy tylko raz, by us\u0142ysze\u0107&nbsp;jedno wa\u017cne zdanie, kt\u00f3re potem wp\u0142ywa na nasze&nbsp;\u017cycie. Z innymi mistrzami mamy szcz\u0119\u015bcie przebywa\u0107&nbsp;d\u0142u\u017cej. Spotkanie z Andrzejem pozwoli\u0142o mi nauczy\u0107&nbsp;si\u0119&nbsp;akceptacji rzeczy, kt\u00f3re pojawiaj\u0105&nbsp;si\u0119&nbsp;na mojej&nbsp;\u015bcie\u017cce. Wyczuli\u0142o mnie te\u017c&nbsp;na ide\u0119&nbsp;wolno\u015bci, pod\u0105\u017cania za chwil\u0105, kt\u00f3ra w\u0142a\u015bnie trwa.<\/em><\/p>\n\n\n\n<p class=\"has-text-align-right\"><a href=\"http:\/\/suryn.pl\/index.php\/strona-74-i-75\/\" data-type=\"URL\" data-id=\"http:\/\/suryn.pl\/index.php\/strona-74-i-75\/\">Poprzednia<\/a>&nbsp; <a href=\"http:\/\/suryn.pl\/index.php\/strona-78-i-79\/\" data-type=\"URL\" data-id=\"http:\/\/suryn.pl\/index.php\/strona-78-i-79\/\">Nast\u0119pna<\/a><\/p>\n","protected":false},"excerpt":{"rendered":"<p>Oto kr\u0105g przyjaci\u00f3\u0142&nbsp;Andrzeja, dzi\u0119ki kt\u00f3rym powsta\u0142a ta ksi\u0105\u017cka. Pozw\u00f3lmy im jeszcze na kilka zda\u0144&nbsp;o naszym bohaterze. Marek Adamkiewiczrocznik 1957 Uko\u0144czy\u0142&nbsp;studia prawnicze w Montrealu. Studiowa\u0142&nbsp;na wydziale re\u017cyserii w&nbsp;\u0141odzi w latach 1979-1980. Opu\u015bci\u0142&nbsp;Polsk\u0119&nbsp;podczas stanu wojennego. Pracowa\u0142&nbsp;w Montrealu w przemy\u015ble filmowym g\u0142\u00f3wnie jako t\u0142umacz. Zdoby\u0142&nbsp;te\u017c&nbsp;dyplom nauczyciela jogi. Andrzej by\u0142&nbsp;moim kuzynem. Lubi\u0142em je\u017adzi\u0107&nbsp;do Krzy\u017ca,&nbsp;\u017ceby odwiedzi\u0107&nbsp;jego mam\u0119, moj\u0105&nbsp;ciotk\u0119&nbsp;Wal\u0119. Andrzej zawsze by\u0142&nbsp;w domu. Zabiera\u0142&nbsp;mnie do lasu &#8230;<\/p>\n","protected":false},"author":1,"featured_media":0,"parent":0,"menu_order":0,"comment_status":"closed","ping_status":"closed","template":"","meta":{"footnotes":""},"class_list":["post-388","page","type-page","status-publish","hentry"],"_links":{"self":[{"href":"http:\/\/suryn.pl\/index.php\/wp-json\/wp\/v2\/pages\/388","targetHints":{"allow":["GET"]}}],"collection":[{"href":"http:\/\/suryn.pl\/index.php\/wp-json\/wp\/v2\/pages"}],"about":[{"href":"http:\/\/suryn.pl\/index.php\/wp-json\/wp\/v2\/types\/page"}],"author":[{"embeddable":true,"href":"http:\/\/suryn.pl\/index.php\/wp-json\/wp\/v2\/users\/1"}],"replies":[{"embeddable":true,"href":"http:\/\/suryn.pl\/index.php\/wp-json\/wp\/v2\/comments?post=388"}],"version-history":[{"count":6,"href":"http:\/\/suryn.pl\/index.php\/wp-json\/wp\/v2\/pages\/388\/revisions"}],"predecessor-version":[{"id":3252,"href":"http:\/\/suryn.pl\/index.php\/wp-json\/wp\/v2\/pages\/388\/revisions\/3252"}],"wp:attachment":[{"href":"http:\/\/suryn.pl\/index.php\/wp-json\/wp\/v2\/media?parent=388"}],"curies":[{"name":"wp","href":"https:\/\/api.w.org\/{rel}","templated":true}]}}