{"id":384,"date":"2021-05-18T20:12:36","date_gmt":"2021-05-18T18:12:36","guid":{"rendered":"http:\/\/suryn.pl\/?page_id=384"},"modified":"2021-05-20T20:01:21","modified_gmt":"2021-05-20T18:01:21","slug":"strona-74-i-75","status":"publish","type":"page","link":"http:\/\/suryn.pl\/index.php\/strona-74-i-75\/","title":{"rendered":"Strona 74 i 75"},"content":{"rendered":"\n<p><strong>Andrzej Sulima \u2013 Suryn zmar\u0142&nbsp;w Montrealu 8 maja 1998 roku. <\/strong><\/p>\n\n\n\n<p>Siostra Irena przywioz\u0142a jego prochy i zosta\u0142&nbsp;pochowany na cmentarzu w Krzy\u017cu obok ojca. Na pogrzeb zjecha\u0142o mn\u00f3stwo ludzi z ca\u0142ej Polski \u2013 t\u0142um barwnych postaci, jakich to miasteczko chyba nigdy nie widzia\u0142o.<\/p>\n\n\n\n<p>\u2013 Gdy ju\u017c&nbsp;Andrzeja nie by\u0142o, a ja zanurzy\u0142em si\u0119&nbsp;w jego poezj\u0119&nbsp;\u2013 powali\u0142a mnie na kolana. Ten cz\u0142owiek by\u0142&nbsp;geniuszem s\u0142owa \u2013 m\u00f3wi Piotr Romanowski. Spos\u00f3b w jaki opisywa\u0142 \u015bwiat tak bardzo mi odpowiada. W jego pisaniu nie by\u0142o zb\u0119dnej litery, ka\u017cde s\u0142owo jest tu bezcenne. Za ka\u017cdym razem moc jego przekazu robi na mnie ogromne wra\u017cenie. Wiersze Andrzeja s\u0105&nbsp;idealnie wywa\u017cone, doskona\u0142e jak taj chi. Mo\u017cesz kontemplowa\u0107&nbsp;ca\u0142\u0105&nbsp;form\u0119&nbsp;albo zaj\u0105\u0107&nbsp;si\u0119&nbsp;tylko jednym zdaniem. Jego wiersz zawsze zaprowadzi ci\u0119&nbsp;tam gdzie trzeba \u2013 w g\u0142\u0105b siebie, do&nbsp;\u017ar\u00f3d\u0142a.<\/p>\n\n\n\n<p>\u2013 Dopiero po&nbsp;\u015bmierci Andrzeja pos\u0142ucha\u0142em kasety z dziennikami poetyckimi, kt\u00f3re da\u0142&nbsp;mi kiedy\u015b&nbsp;Waldek. Andrzej czyta\u0142&nbsp;tam swoje wiersze i te wiersze uderzy\u0142y we mnie z ca\u0142\u0105&nbsp;moc\u0105. Uderzy\u0142o mnie ich pi\u0119kno, sens i przekaz. Andrzej sta\u0142&nbsp;si\u0119&nbsp;wtedy dla mnie innym cz\u0142owiekiem. Dotar\u0142o do mnie to, o co mu chodzi\u0142o. Nie forma, ale przekaz \u2013 to Jedno, Jednia, kt\u00f3rej szuka\u0142&nbsp;\u2013 m\u00f3wi Wac\u0142aw Sobaszek.<\/p>\n\n\n\n<p>\u2013 By\u0142&nbsp;dot\u0105d jedynym cz\u0142owiekiem w moim doros\u0142ym&nbsp;\u017cyciu nad kt\u00f3rego odej\u015bciem zap\u0142aka\u0142em. Przez d\u0142ugi czas po jego&nbsp;\u015bmierci nie mog\u0142em&nbsp;\u015bpiewa\u0107&nbsp;tych&nbsp;piosenek, kt\u00f3re napisali\u015bmy razem w Robaku, gdy pr\u00f3bowa\u0142em smutek&nbsp;\u015bciska\u0142&nbsp;mi gard\u0142o \u2013 m\u00f3wi Stanis\u0142aw Sojka<\/p>\n\n\n\n<p>Non omnis moriar, m\u00f3wi si\u0119&nbsp;o poetach. Setki poet\u00f3w, tysi\u0105ce wierszy, miliony s\u0142\u00f3w, a jednak wci\u0105\u017c&nbsp;jeden wiersz mo\u017ce zmieni\u0107&nbsp;ludzkie&nbsp;\u017cycie. Wielu z nas, kt\u00f3rzy zetkn\u0119li si\u0119&nbsp;z poezj\u0105&nbsp;Andrzeja do\u015bwiadczy\u0142o tego.<\/p>\n\n\n\n<pre class=\"wp-block-verse\" style=\"font-size:17px\"><em>Nie liczcie moich pomy\u0142ek\nnie ufajcie mojemu cierpieniu\nnie wszystkie s\u0142owa warte pami\u0119ci\nlecz nie w\u0105tpcie\nw moj\u0105 i swoj\u0105 bosko\u015b\u0107\no kt\u00f3rej jeszcze nie mamy\n\u017cadnego poj\u0119cia<\/em>\n\n\n<\/pre>\n\n\n\n<p class=\"has-text-align-right\"><a href=\"http:\/\/suryn.pl\/index.php\/strona-72-i-73\/\" data-type=\"URL\" data-id=\"http:\/\/suryn.pl\/index.php\/strona-72-i-73\/\">Poprzednia<\/a>&nbsp; <a href=\"http:\/\/suryn.pl\/index.php\/strona-76-i-77\/\" data-type=\"URL\" data-id=\"http:\/\/suryn.pl\/index.php\/strona-76-i-77\/\">Nast\u0119pna<\/a><\/p>\n","protected":false},"excerpt":{"rendered":"<p>Andrzej Sulima \u2013 Suryn zmar\u0142&nbsp;w Montrealu 8 maja 1998 roku. Siostra Irena przywioz\u0142a jego prochy i zosta\u0142&nbsp;pochowany na cmentarzu w Krzy\u017cu obok ojca. Na pogrzeb zjecha\u0142o mn\u00f3stwo ludzi z ca\u0142ej Polski \u2013 t\u0142um barwnych postaci, jakich to miasteczko chyba nigdy nie widzia\u0142o. \u2013 Gdy ju\u017c&nbsp;Andrzeja nie by\u0142o, a ja zanurzy\u0142em si\u0119&nbsp;w jego poezj\u0119&nbsp;\u2013 powali\u0142a mnie na kolana. Ten cz\u0142owiek by\u0142&nbsp;geniuszem &#8230;<\/p>\n","protected":false},"author":1,"featured_media":0,"parent":0,"menu_order":0,"comment_status":"closed","ping_status":"closed","template":"","meta":{"footnotes":""},"class_list":["post-384","page","type-page","status-publish","hentry"],"_links":{"self":[{"href":"http:\/\/suryn.pl\/index.php\/wp-json\/wp\/v2\/pages\/384","targetHints":{"allow":["GET"]}}],"collection":[{"href":"http:\/\/suryn.pl\/index.php\/wp-json\/wp\/v2\/pages"}],"about":[{"href":"http:\/\/suryn.pl\/index.php\/wp-json\/wp\/v2\/types\/page"}],"author":[{"embeddable":true,"href":"http:\/\/suryn.pl\/index.php\/wp-json\/wp\/v2\/users\/1"}],"replies":[{"embeddable":true,"href":"http:\/\/suryn.pl\/index.php\/wp-json\/wp\/v2\/comments?post=384"}],"version-history":[{"count":5,"href":"http:\/\/suryn.pl\/index.php\/wp-json\/wp\/v2\/pages\/384\/revisions"}],"predecessor-version":[{"id":1247,"href":"http:\/\/suryn.pl\/index.php\/wp-json\/wp\/v2\/pages\/384\/revisions\/1247"}],"wp:attachment":[{"href":"http:\/\/suryn.pl\/index.php\/wp-json\/wp\/v2\/media?parent=384"}],"curies":[{"name":"wp","href":"https:\/\/api.w.org\/{rel}","templated":true}]}}