{"id":378,"date":"2021-05-18T20:09:37","date_gmt":"2021-05-18T18:09:37","guid":{"rendered":"http:\/\/suryn.pl\/?page_id=378"},"modified":"2021-05-20T18:30:40","modified_gmt":"2021-05-20T16:30:40","slug":"strona-68-i-69","status":"publish","type":"page","link":"http:\/\/suryn.pl\/index.php\/strona-68-i-69\/","title":{"rendered":"Strona 68 i 69"},"content":{"rendered":"\n<p>Zawadzki pami\u0119ta\u0142&nbsp;te\u017c&nbsp;Andrzeja z pewn\u0105&nbsp;dziewczyn\u0105, kt\u00f3r\u0105&nbsp;poznali razem w teatrze.<\/p>\n\n\n\n<p>\u2013 Mia\u0142a oko\u0142o trzydziestki, od kilkunastu lat studiowa\u0142a, wci\u0105\u017c&nbsp;pozostaj\u0105c na utrzymaniu rodzic\u00f3w. To nie by\u0142y ju\u017c&nbsp;czasy komuny, wi\u0119c studiowanie trzy, cztery razy d\u0142u\u017cej ni\u017c&nbsp;normalnie stanowi\u0142o pewien wyczyn. Idealnie pasowa\u0142a wi\u0119c do konwencji Andrzeja: motylkowato- wr\u00f3belkowaty charakter, a przy tym typ bardzo dramatyczny \u2013 niewy\u017cyta aktorka, chora, gdy nie zwraca si\u0119&nbsp;na ni\u0105&nbsp;uwagi. Potrzebowa\u0142a uwagi podobnie jak Andrzej, wi\u0119c przez jaki\u015b&nbsp;czas dawali j\u0105&nbsp;sobie i pewnie gdyby skuteczniej j\u0105&nbsp;poderwa\u0142, nie polecia\u0142by do Kanady. Jednak z tego te\u017c&nbsp;nic powa\u017cniejszego nie wysz\u0142o. Andrzej wyjecha\u0142, jak si\u0119&nbsp;okaza\u0142o na zawsze, a ona zabiega\u0142a o uwag\u0119&nbsp;innych.<\/p>\n\n\n\n<p>Andrzejowi by\u0142o&nbsp;\u0142atwiej imaginowa\u0107&nbsp;idealny zwi\u0105zek, ni\u017c&nbsp;go tworzy\u0107. A w\u0142a\u015bciwie w tych imaginacjach tworzy\u0142&nbsp;nie tyle zwi\u0105zek, co idealne spotkanie, kt\u00f3re mia\u0142o by\u0107&nbsp;\u2013 jak to m\u00f3wi\u0142&nbsp;\u2013 charyzmatycznym&nbsp;\u015bwi\u0119tem. Niestety,&nbsp;\u015bwi\u0119to to nie codzienno\u015b\u0107. Gdyby chcia\u0142&nbsp;zgodzi\u0107&nbsp;si\u0119&nbsp;na codzienno\u015b\u0107, musia\u0142&nbsp;by zej\u015b\u0107&nbsp;na ziemi\u0119&nbsp;i zmierzy\u0107&nbsp;si\u0119&nbsp;z wymaganiami rzeczywisto\u015bci, a tego nie chcia\u0142. Wola\u0142&nbsp;unosi\u0107&nbsp;si\u0119&nbsp;nad&nbsp;\u015bwiatem, w\u0119drowa\u0107, a je\u015bli po drodze przydarzy\u0142o si\u0119 \u015bwi\u0119to, chwyta\u0107&nbsp;t\u0105&nbsp;sekund\u0119-okazj\u0119&nbsp;i krzycze\u0107: chwilo trwaj!<\/p>\n\n\n\n<p>\u2013 Nie wiem jak m\u00f3g\u0142by&nbsp;\u017cy\u0107&nbsp;dzi\u015b&nbsp;\u2013 zastanawia si\u0119&nbsp;Zawadzki. Mo\u017ce opatrzno\u015b\u0107&nbsp;by go zaskoczy\u0142a, wzi\u0119\u0142a za&nbsp;\u0142eb? Mo\u017ce by zrobi\u0142&nbsp;dziecko jakiej\u015b&nbsp;dziewczynie i fakt,&nbsp;\u017ce musia\u0142by by\u0107&nbsp;ojcem przeorientowa\u0142by mu&nbsp;\u017cyciorys? To by\u0142aby dla niego forma&nbsp;\u0142aski bo\u017cej. Zosta\u0142by postawiony w sytuacji, gdy&nbsp;\u017cycie przypomina o tym,&nbsp;\u017ce jest co\u015b&nbsp;takiego jak odpowiedzialno\u015b\u0107. Brak jakichkolwiek zobowi\u0105za\u0144&nbsp;nie wyszed\u0142&nbsp;mu na dobre.<\/p>\n\n\n\n<p>\u2013 Nie chcia\u0142\u00a0pracowa\u0107, a gdyby mia\u0142\u00a0bardziej ustabilizowany spos\u00f3b funkcjonowania, pewnie do dzi\u015b\u00a0by\u0142by w\u015br\u00f3d nas. Nie mia\u0142\u00a0te\u017c\u00a0szcz\u0119\u015bcia trafi\u0107\u00a0na kobiet\u0119, kt\u00f3ra mog\u0142aby go utrzymywa\u0107, tak jak na przyk\u0142ad Kosi\u0144ski, kt\u00f3ry o\u017ceni\u0142\u00a0si\u0119\u00a0z bawarsk\u0105\u00a0arystokratk\u0105\u00a0Kiki von Fraunhofer. Spotka\u0142em j\u0105\u00a0kiedy\u015b. Opowiada\u0142a mi jak wygl\u0105da\u0142o ich\u00a0\u017cycie. By\u0142a w\u0142a\u015bciwie jego opiekunk\u0105. On znika\u0142\u00a0na tygodnie, wraca\u0142\u00a0jako strz\u0119p cz\u0142owieka, ona go wtedy karmi\u0142a, leczy\u0142a i stawia\u0142a na nogi, a gdy ju\u017c\u00a0sta\u0142\u00a0na nogach znowu j\u0105\u00a0zostawia\u0142. Taka kobieta przyda\u0142aby si\u0119\u00a0Andrzejowi \u2013 uwa\u017ca Andrzej\u00a0\u015awietlik.<\/p>\n\n\n\n<p>Nie zdarzy\u0142o si\u0119&nbsp;jednak nic, co sprowadzi\u0142oby go na ziemi\u0119, nie trafi\u0142a si\u0119&nbsp;te\u017c&nbsp;kobieta, kt\u00f3ra chcia\u0142aby go przed tymi ziemskimi sprawami ochroni\u0107, a on pod koniec&nbsp;\u017cycia zacz\u0105\u0142&nbsp;zdawa\u0107&nbsp;sobie spraw\u0119,&nbsp;\u017ce za ma\u0142o si\u0119&nbsp;w&nbsp;\u017cycie anga\u017cowa\u0142.&nbsp;<em>Zachorowa<\/em><em>\u0142<\/em><em>em, bo nie kocha<\/em><em>\u0142<\/em><em>em, a wi<\/em><em>\u0119<\/em><em>c nie&nbsp;<\/em><em>\u017c<\/em><em>y<\/em><em>\u0142<\/em><em>em, imitowa<\/em><em>\u0142<\/em><em>em&nbsp;<\/em><em>\u017c<\/em><em>ycie \u2013&nbsp;<\/em>zauwa\u017cy\u0142.<\/p>\n\n\n\n<p>W 1999 r., ju\u017c&nbsp;po&nbsp;\u015bmierci Andrzeja, Wac\u0142aw Sobaszek zorganizowa\u0142&nbsp;w W\u0119gajtach po\u015bwi\u0119cone mu spotkanie. Przyjecha\u0142a rodzina poety, wielu przyjaci\u00f3\u0142, znajomych i nieznajomych, osoby, kt\u00f3re tylko s\u0142ysza\u0142y o Andrzeju i wyda\u0142&nbsp;si\u0119&nbsp;im fascynuj\u0105cy. By\u0142o w tym towarzystwie kilka pi\u0119knych dziewczyn z ma\u0142ymi dzie\u0107mi. Matka Andrzeja, pani Walentyna, przygl\u0105da\u0142a si\u0119&nbsp;tym dzieciom z uwag\u0105, szuka\u0142a w nich rys\u00f3w swojego syna. Mo\u017ce mam tu gdzie\u015b&nbsp;wnuka? \u2013 zastanawia\u0142a si\u0119. Andrzejek nic mi nie m\u00f3wi\u0142, ale przecie\u017c&nbsp;mog\u0142oby si\u0119&nbsp;tak zdarzy\u0107. Przyj\u0119\u0142abym to z otwartym sercem \u2013 m\u00f3wi\u0142a.<\/p>\n\n\n\n<p>Matka poety nie znalaz\u0142a w W\u0119gajtach wnuka. Andrzej nie znalaz\u0142&nbsp;w&nbsp;\u017cadnej kobiecie przystani, a&nbsp;\u017cadna z kobiet w nim oparcia. Tak to ju\u017c&nbsp;jest z niebieskimi ptakami, duch wionie k\u0119dy chce, przysiadaj\u0105&nbsp;te ptaki tylko na chwil\u0119&nbsp;i s\u0105&nbsp;jak sekunda-okazja.<\/p>\n\n\n\n<p class=\"has-text-align-right\"><a href=\"http:\/\/suryn.pl\/index.php\/strona-66-i-67\/\" data-type=\"URL\" data-id=\"http:\/\/suryn.pl\/index.php\/strona-66-i-67\/\">Poprzednia<\/a>&nbsp; <a href=\"http:\/\/suryn.pl\/index.php\/strona-70-i-71\/\" data-type=\"URL\" data-id=\"http:\/\/suryn.pl\/index.php\/strona-70-i-71\/\">Nast\u0119pna<\/a><\/p>\n","protected":false},"excerpt":{"rendered":"<p>Zawadzki pami\u0119ta\u0142&nbsp;te\u017c&nbsp;Andrzeja z pewn\u0105&nbsp;dziewczyn\u0105, kt\u00f3r\u0105&nbsp;poznali razem w teatrze. \u2013 Mia\u0142a oko\u0142o trzydziestki, od kilkunastu lat studiowa\u0142a, wci\u0105\u017c&nbsp;pozostaj\u0105c na utrzymaniu rodzic\u00f3w. To nie by\u0142y ju\u017c&nbsp;czasy komuny, wi\u0119c studiowanie trzy, cztery razy d\u0142u\u017cej ni\u017c&nbsp;normalnie stanowi\u0142o pewien wyczyn. Idealnie pasowa\u0142a wi\u0119c do konwencji Andrzeja: motylkowato- wr\u00f3belkowaty charakter, a przy tym typ bardzo dramatyczny \u2013 niewy\u017cyta aktorka, chora, gdy nie zwraca si\u0119&nbsp;na ni\u0105&nbsp;uwagi. Potrzebowa\u0142a &#8230;<\/p>\n","protected":false},"author":1,"featured_media":0,"parent":0,"menu_order":0,"comment_status":"closed","ping_status":"closed","template":"","meta":{"footnotes":""},"class_list":["post-378","page","type-page","status-publish","hentry"],"_links":{"self":[{"href":"http:\/\/suryn.pl\/index.php\/wp-json\/wp\/v2\/pages\/378","targetHints":{"allow":["GET"]}}],"collection":[{"href":"http:\/\/suryn.pl\/index.php\/wp-json\/wp\/v2\/pages"}],"about":[{"href":"http:\/\/suryn.pl\/index.php\/wp-json\/wp\/v2\/types\/page"}],"author":[{"embeddable":true,"href":"http:\/\/suryn.pl\/index.php\/wp-json\/wp\/v2\/users\/1"}],"replies":[{"embeddable":true,"href":"http:\/\/suryn.pl\/index.php\/wp-json\/wp\/v2\/comments?post=378"}],"version-history":[{"count":3,"href":"http:\/\/suryn.pl\/index.php\/wp-json\/wp\/v2\/pages\/378\/revisions"}],"predecessor-version":[{"id":1147,"href":"http:\/\/suryn.pl\/index.php\/wp-json\/wp\/v2\/pages\/378\/revisions\/1147"}],"wp:attachment":[{"href":"http:\/\/suryn.pl\/index.php\/wp-json\/wp\/v2\/media?parent=378"}],"curies":[{"name":"wp","href":"https:\/\/api.w.org\/{rel}","templated":true}]}}