{"id":373,"date":"2021-05-18T20:06:20","date_gmt":"2021-05-18T18:06:20","guid":{"rendered":"http:\/\/suryn.pl\/?page_id=373"},"modified":"2021-08-16T10:09:40","modified_gmt":"2021-08-16T08:09:40","slug":"strona-64-i-65","status":"publish","type":"page","link":"http:\/\/suryn.pl\/index.php\/strona-64-i-65\/","title":{"rendered":"Strona 64 i 65"},"content":{"rendered":"\n<p>&#8211; Zastanawiam si\u0119&nbsp;jak pami\u0119taj\u0105&nbsp;go kobiety z kt\u00f3rymi bywa\u0142. Te zwi\u0105zki prawdopodobnie by\u0142y&nbsp;\u015bwietne na pocz\u0105tku, ale p\u00f3\u017aniej, gdy dziewczyny usi\u0142owa\u0142y go podporz\u0105dkowa\u0107&nbsp;i przerobi\u0107&nbsp;na w\u0142asn\u0105&nbsp;mod\u0142\u0119&nbsp;\u2013 wszystkie przecie\u017c&nbsp;pr\u0119dzej czy p\u00f3\u017aniej tak robi\u0105&nbsp;\u2013 mog\u0142o by\u0107&nbsp;gorzej. To si\u0119&nbsp;bowiem z Surynem nie udawa\u0142o. By\u0142&nbsp;nieprzerabialny, nie wytrzyma\u0142by sterowania. Id\u017a&nbsp;do pracy, zr\u00f3b zakupy, zajmij si\u0119&nbsp;czym\u015b&nbsp;po\u017cytecznym \u2013 to nie dla niego. Dlatego&nbsp;\u0142atwo wchodzi\u0142&nbsp;w relacje z kobietami i r\u00f3wnie szybko z nich wychodzi\u0142&nbsp;\u2013 m\u00f3wi Marek Janiak. To oczywi\u015bcie by\u0142&nbsp;rodzaj wygody, ale trzeba mie\u0107&nbsp;odwag\u0119, by my\u015ble\u0107&nbsp;tylko o swojej wygodzie. Andrzej mia\u0142&nbsp;t\u0119&nbsp;genialn\u0105&nbsp;umiej\u0119tno\u015b\u0107, by znika\u0107&nbsp;odpowiednio wcze\u015bnie. W napi\u0119tych sytuacjach po prostu przesuwa\u0142&nbsp;si\u0119&nbsp;w inn\u0105, r\u00f3wnoleg\u0142\u0105&nbsp;rzeczywisto\u015b\u0107. Wyczuwa\u0142&nbsp;moment, w kt\u00f3rym dla w\u0142asnego dobra nale\u017cy si\u0119&nbsp;zdematerializowa\u0107. Przypuszczam,&nbsp;\u017ce kobiety pami\u0119taj\u0105&nbsp;go dobrze, bo znika\u0142, gdy jeszcze by\u0142o pi\u0119knie.<\/p>\n\n\n\n<p>S\u0142apik wspomina pocz\u0105tek lat osiemdziesi\u0105tych, kiedy Suryn by\u0142&nbsp;w zwi\u0105zku z Marzann\u0105&nbsp;Kielar. By\u0107&nbsp;mo\u017ce to by\u0142&nbsp;jeden jedyny raz, kiedy by\u0142&nbsp;got\u00f3w si\u0119&nbsp;zaanga\u017cowa\u0107&nbsp;i nie zamierza\u0142&nbsp;znika\u0107. Ten zwi\u0105zek w\u015br\u00f3d przyjaci\u00f3\u0142&nbsp;Andrzeja ur\u00f3s\u0142&nbsp;niemal do mitu, ale by\u0142&nbsp;tylko kr\u00f3tkim epizodem w&nbsp;\u017cyciu obojga. Dla Andrzeja mia\u0142&nbsp;na pewno du\u017co wi\u0119ksze znaczenie, ni\u017c&nbsp;dla bardzo m\u0142odej w\u00f3wczas Marzanny.<\/p>\n\n\n\n<p>\u2013 Bardzo mnie zaskoczy\u0142, bo wcze\u015bniej relacji z kobietami nie prze\u017cywa\u0142&nbsp;tak emocjonalnie. Obaj mieli\u015bmy wtedy zaj\u0119te serca i byli\u015bmy tym faktem podekscytowani. Pami\u0119tam dzie\u0144&nbsp;kiedy nasze panie, nazywali\u015bmy je Bogdanki, pojecha\u0142y razem do Warszawy zdawa\u0107&nbsp;na studia. Moja, przysz\u0142a w\u00f3wczas, dzi\u015b&nbsp;ju\u017c&nbsp;by\u0142a&nbsp;\u017cona, na lingwistyk\u0119&nbsp;stosowan\u0105, a poetka na filozofi\u0119. Jechali\u015bmy z Andrzejem poci\u0105giem,&nbsp;\u017ceby si\u0119&nbsp;z nimi spotka\u0107&nbsp;po egzaminie. Andrzej radosny fantazjowa\u0142&nbsp;jak to b\u0119dzie cudownie, gdy nasze Bogdanki pojawi\u0105&nbsp;si\u0119&nbsp;na peronie. Okaza\u0142o si\u0119&nbsp;jednak,&nbsp;\u017ce dziewczyny nie przysz\u0142y. Mojej nie by\u0142o, bo pomyli\u0142a godziny, a poetki \u2013 bo si\u0119&nbsp;rozmy\u015bli\u0142a i mia\u0142a ju\u017c&nbsp;inne plany. Andrzej strasznie to prze\u017cy\u0142.<\/p>\n\n\n\n<p>To odrzucenie d\u0142ugo go gn\u0119bi\u0142o. Stara\u0142\u00a0si\u0119\u00a0nie pokazywa\u0107\u00a0rozczarowania i tylko bezpo\u015brednio zaanga\u017cowani w histori\u0119\u00a0przyjaciele wiedzieli,\u00a0\u017ce cierpia\u0142. Kolejne zwi\u0105zki nie wygl\u0105da\u0142y ju\u017c\u00a0na tak zjawiskowe uczucia, cho\u0107\u00a0na wszelkie relacje z kobietami pozostawa\u0142\u00a0do ko\u0144ca otwarty.<\/p>\n\n\n\n<p>\u2013 Kobiety kocha\u0142y Andrzeja. My\u015bl\u0119,&nbsp;\u017ce cz\u0119sto miewa\u0142&nbsp;z nimi ekstatyczne spotkania. Nigdy jednak nie s\u0142ysza\u0142em,&nbsp;\u017ceby si\u0119&nbsp;zwi\u0105za\u0142&nbsp;z jak\u0105\u015b&nbsp;i planowa\u0142&nbsp;przysz\u0142o\u015b\u0107&nbsp;d\u0142u\u017csz\u0105&nbsp;ni\u017c&nbsp;na trzy dni do przodu. Jestem pewien,&nbsp;\u017ce nie narobi\u0142 \u017cadnego ba\u0142aganu w stylu kocham ci\u0119, chc\u0119&nbsp;mie\u0107&nbsp;z tob\u0105&nbsp;dzieci, a potem znikam. Nie, tak nie dzia\u0142a\u0142. By\u0142&nbsp;bardzo obliczalny w tym,&nbsp;\u017ce by\u0142&nbsp;kompletnie nieobliczalny, wi\u0119c kobiety od razu wiedzia\u0142y,&nbsp;\u017ce nie ma tu szans na uk\u0142adne stad\u0142o, dzieci a potem alimenty. To by\u0142&nbsp;kompletny wariat, poeta, bardzo czu\u0142y, atrakcyjny, wspania\u0142y, ale by\u0142o jasne,&nbsp;\u017ce nie mo\u017cna oczekiwa\u0107&nbsp;od niego odpowiedzialno\u015bci \u2013 m\u00f3wi Wojciech Jacob Jankowski.<br>Pami\u0119tam zabawn\u0105&nbsp;histori\u0119&nbsp;jak balowali\u015bmy wi\u0119ksz\u0105&nbsp;grup\u0105&nbsp;na Warmii. W gospodarstwie pojawi\u0142y si\u0119&nbsp;dwie ma\u0142olaty. Zupe\u0142nie tu oszala\u0142y, pu\u015bci\u0142y kontrol\u0119, zrzuca\u0142y kolejne fata\u0142aszki i ju\u017c&nbsp;prawie nagie by\u0142y. Atmosfera weso\u0142a wi\u0119c nie wiem jak i kiedy obaj z Surynem znale\u017ali\u015bmy si\u0119&nbsp;z pannami na strychu. Tam sta\u0142a wielka dwudrzwiowa szafa i Andrzej znik\u0142&nbsp;z jedn\u0105&nbsp;z tych dziewczyn w szafie. W pewnym momencie drzwi si\u0119&nbsp;otworzy\u0142y i zobaczy\u0142em Suryna, kt\u00f3ry zupe\u0142nie nie kontaktowa\u0142, szed\u0142&nbsp;nieprzytomny z rozanielon\u0105&nbsp;min\u0105, jak kole\u015b&nbsp;po orgazmotronie z komedii Woody Allena \u2013&nbsp;\u015bmieje si\u0119&nbsp;Jacob.<\/p>\n\n\n\n<p class=\"has-text-align-right\"><a href=\"http:\/\/suryn.pl\/index.php\/strona-62-i-63\/\" data-type=\"URL\" data-id=\"http:\/\/suryn.pl\/index.php\/strona-62-i-63\/\">Poprzednia<\/a>&nbsp; <a href=\"http:\/\/suryn.pl\/index.php\/strona-66-i-67\/\" data-type=\"URL\" data-id=\"http:\/\/suryn.pl\/index.php\/strona-66-i-67\/\">Nast\u0119pna<\/a><\/p>\n","protected":false},"excerpt":{"rendered":"<p>&#8211; Zastanawiam si\u0119&nbsp;jak pami\u0119taj\u0105&nbsp;go kobiety z kt\u00f3rymi bywa\u0142. Te zwi\u0105zki prawdopodobnie by\u0142y&nbsp;\u015bwietne na pocz\u0105tku, ale p\u00f3\u017aniej, gdy dziewczyny usi\u0142owa\u0142y go podporz\u0105dkowa\u0107&nbsp;i przerobi\u0107&nbsp;na w\u0142asn\u0105&nbsp;mod\u0142\u0119&nbsp;\u2013 wszystkie przecie\u017c&nbsp;pr\u0119dzej czy p\u00f3\u017aniej tak robi\u0105&nbsp;\u2013 mog\u0142o by\u0107&nbsp;gorzej. To si\u0119&nbsp;bowiem z Surynem nie udawa\u0142o. By\u0142&nbsp;nieprzerabialny, nie wytrzyma\u0142by sterowania. Id\u017a&nbsp;do pracy, zr\u00f3b zakupy, zajmij si\u0119&nbsp;czym\u015b&nbsp;po\u017cytecznym \u2013 to nie dla niego. Dlatego&nbsp;\u0142atwo wchodzi\u0142&nbsp;w relacje z kobietami i r\u00f3wnie szybko &#8230;<\/p>\n","protected":false},"author":1,"featured_media":0,"parent":0,"menu_order":0,"comment_status":"closed","ping_status":"closed","template":"","meta":{"footnotes":""},"class_list":["post-373","page","type-page","status-publish","hentry"],"_links":{"self":[{"href":"http:\/\/suryn.pl\/index.php\/wp-json\/wp\/v2\/pages\/373","targetHints":{"allow":["GET"]}}],"collection":[{"href":"http:\/\/suryn.pl\/index.php\/wp-json\/wp\/v2\/pages"}],"about":[{"href":"http:\/\/suryn.pl\/index.php\/wp-json\/wp\/v2\/types\/page"}],"author":[{"embeddable":true,"href":"http:\/\/suryn.pl\/index.php\/wp-json\/wp\/v2\/users\/1"}],"replies":[{"embeddable":true,"href":"http:\/\/suryn.pl\/index.php\/wp-json\/wp\/v2\/comments?post=373"}],"version-history":[{"count":4,"href":"http:\/\/suryn.pl\/index.php\/wp-json\/wp\/v2\/pages\/373\/revisions"}],"predecessor-version":[{"id":1638,"href":"http:\/\/suryn.pl\/index.php\/wp-json\/wp\/v2\/pages\/373\/revisions\/1638"}],"wp:attachment":[{"href":"http:\/\/suryn.pl\/index.php\/wp-json\/wp\/v2\/media?parent=373"}],"curies":[{"name":"wp","href":"https:\/\/api.w.org\/{rel}","templated":true}]}}