{"id":365,"date":"2021-05-18T19:58:23","date_gmt":"2021-05-18T17:58:23","guid":{"rendered":"http:\/\/suryn.pl\/?page_id=365"},"modified":"2021-05-19T17:45:07","modified_gmt":"2021-05-19T15:45:07","slug":"strona-60-i-61","status":"publish","type":"page","link":"http:\/\/suryn.pl\/index.php\/strona-60-i-61\/","title":{"rendered":"Strona 60 i 61"},"content":{"rendered":"\n<p>W czasie, gdy chorowa\u0142&nbsp;na kartkach notesu, a potem, gdy nie mia\u0142&nbsp;ju\u017c&nbsp;si\u0142y notowa\u0107&nbsp;nagrywaj\u0105c na kaset\u0119, prowadzi\u0142&nbsp;d\u0142ugie rozmowy z Tomaszem. Te rozmowy Wac\u0142aw Sobaszek skrupulatnie potem spisa\u0142&nbsp;i wyda\u0142&nbsp;jako \u201eDialogi z Tomaszem\u201d. Okazuje si\u0119,&nbsp;\u017ce Tomasz \u2013 posta\u0107&nbsp;z wewn\u0119trznego dialogu Suryna, to posta\u0107&nbsp;historyczna, autor Pi\u0105tej Ewangelii, gnostyckiego r\u0119kopisu odnalezionego w Nag Hammadi. Tomasz jest tutaj jego mistrzem, a jednocze\u015bnie alter ego. Andrzej zadaje pytania, Tomasz odpowiada, t\u0142umaczy mu&nbsp;\u015bwiat i jego samego, prowadzi przez chorob\u0119, przez wspomnienia, towarzyszy na drodze od starego do nowego, asystuje w przepoczwarzaniu si\u0119. Dzi\u0119ki Tomaszowi, dzi\u0119ki temu wci\u0105gaj\u0105cemu z nim dialogowi bolesna, samotna w\u0119dr\u00f3wka staje si\u0119&nbsp;bardziej zno\u015bna. Pe\u0142na jest jeszcze zakr\u0119t\u00f3w, przeszk\u00f3d i pu\u0142apek, ale zmierza do&nbsp;\u015bwiat\u0142a, a Andrzej mo\u017ce obserwowa\u0107&nbsp;siebie z dystansu i swoje zmagania odnotowywa\u0107&nbsp;z autoironi\u0105.<\/p>\n\n\n\n<pre class=\"wp-block-verse\" style=\"font-size:17px\"><em>- Przyjrzyj si\u0119 sobie \u2013&nbsp;<\/em>m\u00f3wi Tomasz&nbsp;<em>\u2013 arcykomiczna posta\u0107, \u017cadne dramaty, demonizmy nic tu nie podmaluj\u0105. \u015api\u0105cy B\u00f3g na wygnaniu, pijana pretensja czy jak chcesz. \u015amiej si\u0119 na ca\u0142y kosmos, ale \u015bmiej si\u0119 za sob\u0105 a nie przeciw sobie. Kiedy si\u0119 obudzisz, przyznasz mi racj\u0119, racj\u0119 przez \u015bmiech, b\u0119dziesz si\u0119 \u015bmia\u0142 przez tydzie\u0144, a radowa\u0142 bez ko\u0144ca.&nbsp;&nbsp;<\/em><\/pre>\n\n\n\n<p><em>Poczu\u0142em si\u0119&nbsp;lepiej. Rozgl\u0105da\u0142em si\u0119&nbsp;za smutkiem. Nikn\u0105\u0142. Jak mg\u0142a w po\u0142udnie. A mnie wype\u0142nia\u0142a lekko\u015b\u0107&nbsp;i ufno\u015b\u0107. Pewnie troch\u0119&nbsp;taka, jak\u0105&nbsp;ma odci\u0119ty ze stryczka. Troch\u0119&nbsp;nowa, co przelewa si\u0119&nbsp;przez umys\u0142. Roznios\u0142a w nic koncepcje i pozostawi\u0142a na ca\u0142kiem realnej&nbsp;\u0142aweczce przed domem, kt\u00f3rego&nbsp;\u015bciany t\u0119\u017ca\u0142y od upa\u0142u. Odetchn\u0105\u0142em i poczu\u0142em ogromny g\u0142\u00f3d. Ale g\u0142\u00f3d na co\u015b, czego sobie od bardzo dawna wzbrania\u0142em. Podbieg\u0142em do kredensu, wyszpera\u0142em czekolad\u0119, moj\u0105&nbsp;ulubion\u0105&nbsp;\u2013 niemieck\u0105&nbsp;z orzechami. Wy\u0142uska\u0142em b\u0142yskawicznie z papieru i poch\u0142on\u0105\u0142em, popijaj\u0105c letni\u0105&nbsp;herbat\u0105. Poczu\u0142em si\u0119&nbsp;znacznie lepiej. Poczu\u0142em si\u0119&nbsp;znaczenie teraz i znaczeniu tu. Mlaska\u0142em i mru\u017cy\u0142em oczy. By\u0142em kotem, s\u0142o\u0144cem, czekolad\u0105,&nbsp;\u0142awk\u0105. Najmniej za\u015b&nbsp;tym, kt\u00f3ry w\u0142a\u015bnie odchodzi na zawsze. Tomasz rechota\u0142. Ja te\u017c.<\/em><\/p>\n\n\n\n<pre class=\"wp-block-verse has-text-align-right\" style=\"font-size:17px\"><em>- Wios\u0142uj, wios\u0142uj przez ocean rado\u015bci, wios\u0142uj, wios\u0142uj przez morze oddechu.<\/em>\n<em>Promie\u0144 wraca do s\u0142o\u0144ca.<\/em>\n\n<\/pre>\n\n\n\n<p class=\"has-text-align-right\"><a href=\"http:\/\/suryn.pl\/index.php\/strona-58-i-59\/\" data-type=\"URL\" data-id=\"http:\/\/suryn.pl\/index.php\/strona-58-i-59\/\">Poprzednia<\/a>\u00a0 <a href=\"http:\/\/suryn.pl\/index.php\/strona-62-i-63\/\" data-type=\"URL\" data-id=\"http:\/\/suryn.pl\/index.php\/strona-62-i-63\/\">Nast\u0119pna<\/a><\/p>\n","protected":false},"excerpt":{"rendered":"<p>W czasie, gdy chorowa\u0142&nbsp;na kartkach notesu, a potem, gdy nie mia\u0142&nbsp;ju\u017c&nbsp;si\u0142y notowa\u0107&nbsp;nagrywaj\u0105c na kaset\u0119, prowadzi\u0142&nbsp;d\u0142ugie rozmowy z Tomaszem. Te rozmowy Wac\u0142aw Sobaszek skrupulatnie potem spisa\u0142&nbsp;i wyda\u0142&nbsp;jako \u201eDialogi z Tomaszem\u201d. Okazuje si\u0119,&nbsp;\u017ce Tomasz \u2013 posta\u0107&nbsp;z wewn\u0119trznego dialogu Suryna, to posta\u0107&nbsp;historyczna, autor Pi\u0105tej Ewangelii, gnostyckiego r\u0119kopisu odnalezionego w Nag Hammadi. Tomasz jest tutaj jego mistrzem, a jednocze\u015bnie alter ego. Andrzej zadaje pytania, &#8230;<\/p>\n","protected":false},"author":1,"featured_media":0,"parent":0,"menu_order":0,"comment_status":"closed","ping_status":"closed","template":"","meta":{"footnotes":""},"class_list":["post-365","page","type-page","status-publish","hentry"],"_links":{"self":[{"href":"http:\/\/suryn.pl\/index.php\/wp-json\/wp\/v2\/pages\/365","targetHints":{"allow":["GET"]}}],"collection":[{"href":"http:\/\/suryn.pl\/index.php\/wp-json\/wp\/v2\/pages"}],"about":[{"href":"http:\/\/suryn.pl\/index.php\/wp-json\/wp\/v2\/types\/page"}],"author":[{"embeddable":true,"href":"http:\/\/suryn.pl\/index.php\/wp-json\/wp\/v2\/users\/1"}],"replies":[{"embeddable":true,"href":"http:\/\/suryn.pl\/index.php\/wp-json\/wp\/v2\/comments?post=365"}],"version-history":[{"count":4,"href":"http:\/\/suryn.pl\/index.php\/wp-json\/wp\/v2\/pages\/365\/revisions"}],"predecessor-version":[{"id":775,"href":"http:\/\/suryn.pl\/index.php\/wp-json\/wp\/v2\/pages\/365\/revisions\/775"}],"wp:attachment":[{"href":"http:\/\/suryn.pl\/index.php\/wp-json\/wp\/v2\/media?parent=365"}],"curies":[{"name":"wp","href":"https:\/\/api.w.org\/{rel}","templated":true}]}}