{"id":359,"date":"2021-05-18T19:55:35","date_gmt":"2021-05-18T17:55:35","guid":{"rendered":"http:\/\/suryn.pl\/?page_id=359"},"modified":"2021-05-20T18:23:19","modified_gmt":"2021-05-20T16:23:19","slug":"strona-54-i-55","status":"publish","type":"page","link":"http:\/\/suryn.pl\/index.php\/strona-54-i-55\/","title":{"rendered":"Strona 54 i 55"},"content":{"rendered":"\n<p> &#8211; Zawsze interesowa\u0142\u00a0si\u0119\u00a0medycyn\u0105\u00a0alternatywn\u0105, buddyzmem, lamaizmem, mistyk\u0105\u00a0z tym zwi\u0105zan\u0105. Tworzy\u0142\u00a0swoj\u0105\u00a0w\u0142asn\u0105\u00a0filozofi\u0119, kt\u00f3ra moim zdaniem zawiera\u0142a elementy kryptohipisowskie po\u0142\u0105czone z interesuj\u0105cymi go motywami r\u00f3\u017cnych system\u00f3w religijnych \u2013 m\u00f3wi Wojciech Darski. Jego filozofia by\u0142a pr\u00f3b\u0105\u00a0odnalezienia si\u0119\u00a0w tym\u00a0\u015bwiecie, kt\u00f3rego istot\u0105\u00a0jest przecie\u017c\u00a0chaos. Potrzebowa\u0142\u00a0jakiego\u015b\u00a0uporz\u0105dkowania tego chaosu, a jednocze\u015bnie mia\u0142 \u015bwiadomo\u015b\u0107,\u00a0\u017ce ogarn\u0105\u0107\u00a0si\u0119\u00a0go nie da,\u00a0\u017ce te pr\u00f3by musz\u0105\u00a0pozosta\u0107\u00a0nieudane.<\/p>\n\n\n\n<p>\u2013 Wypracowa\u0142&nbsp;sobie w\u0142asn\u0105&nbsp;duchow\u0105 \u015bcie\u017ck\u0119, kt\u00f3ra pozwala\u0142a mu zar\u00f3wno na studiowanie encyklik Jana Paw\u0142a II, jak i nauk r\u00f3\u017cokrzy\u017cowc\u00f3w, inspirowali go chrze\u015bcija\u0144scy mistycy, ale te\u017c&nbsp;mistrzowie buddyzmu, spotyka\u0142&nbsp;si\u0119&nbsp;z benedyktynami w Ty\u0144cu i Lubiniu i praktykowa\u0142&nbsp;medytacj\u0119&nbsp;zen \u2013 m\u00f3wi Waldemar Czechowski.<\/p>\n\n\n\n<p>Ta\u00a0\u015bcie\u017cka okaza\u0142a si\u0119\u00a0jednak wyboista i nie wolna od pu\u0142apek, a proces przepoczwarzania si\u0119\u00a0bolesny, pe\u0142en rozterek i w\u0105tpliwo\u015bci roz\u015bwietlanych od czasu do czasu poczuciem Jedni, kt\u00f3re by\u0142o jednak kruche i ulotne i pozostawia\u0142o po sobie niemo\u017cliw\u0105\u00a0do ukojenia t\u0119sknot\u0119. Spada\u0142\u00a0wi\u0119c Andrzej z glorii i wysoko\u015bci w kolejn\u0105\u00a0i kolejn\u0105\u00a0czarn\u0105\u00a0dziur\u0119\u00a0niespe\u0142nienia, by zn\u00f3w szuka\u0107 \u015bwiate\u0142ka w tunelu.\u00a0<em>Na nitkach nadziei w t\u0119\u00a0i w t\u0119\u00a0<\/em>\u2013 zapisa\u0142\u00a0w notesie.<\/p>\n\n\n\n<p>Niekt\u00f3rzy uwa\u017cali,\u00a0\u017ce zgubi\u0142\u00a0si\u0119, skr\u0119ci\u0142\u00a0na duchowe manowce, bo wtedy, po otwarciu granic Polska sta\u0142a si\u0119\u00a0dobrym gruntem dla dzia\u0142alno\u015bci r\u00f3\u017cnego rodzaju duchowych mistrz\u00f3w i rzekomych mistrz\u00f3w. W ramach rosn\u0105cego u nas w si\u0142\u0119\u00a0nurtu New Age pojawi\u0142o si\u0119\u00a0mn\u00f3stwo nowych religijnych formacji, a wiele z nich g\u0142osi\u0142o,\u00a0\u017ce\u00a0\u015bwiat znajduje si\u0119\u00a0w\u0142a\u015bnie w punkcie zwrotnym,\u00a0\u017ce nied\u0142ugo nast\u0105pi\u0105\u00a0radykalne zmiany spo\u0142eczne,\u00a0\u017ce otworz\u0105\u00a0si\u0119\u00a0nasze umys\u0142y, podnios\u0142\u0105\u00a0wibracje, bo oto z Ery Ryb przechodzimy do duchowej Ery Wodnika i odt\u0105d b\u0119dziemy\u00a0\u017cy\u0107\u00a0w harmonii, mi\u0142o\u015bci, braterstwie \u2013 w Jedni i b\u0119dziemy posiada\u0107\u00a0kosmiczn\u0105 \u015bwiadomo\u015b\u0107. Andrzeja uwiod\u0142a ta obietnica. A na Warmii zetkn\u0105\u0142\u00a0si\u0119\u00a0z sekt\u0105\u00a0Antrovis.<\/p>\n\n\n\n<p>\u2013 Na pewno powa\u017cnie sobie zaszkodzi\u0142&nbsp;kontaktami z Antrovisem \u2013 s\u0105dzi Jan Rylke. Na Warmi\u0119&nbsp;przyjecha\u0142a wtedy pewna Polka z Norwegii. Barwna posta\u0107, aferzystka. Wynaj\u0119\u0142a ko\u0142o Pupek m\u0142yn i Antrovis tam wpu\u015bci\u0142a. Waldek Czechowski te\u017c&nbsp;zainteresowa\u0142&nbsp;si\u0119&nbsp;tymi lud\u017ami, ale ca\u0142ej historii przygl\u0105da\u0142&nbsp;si\u0119&nbsp;tylko z zewn\u0105trz, jak to filmowiec. Chcia\u0142&nbsp;poznawa\u0107, ale nie zag\u0142\u0119bia\u0142&nbsp;si\u0119, nie praktykowa\u0142, zachowa\u0142&nbsp;dystans. Andrzej natomiast da\u0142&nbsp;si\u0119&nbsp;uwie\u015b\u0107. Za\u0142o\u017cyciel sekty, Edward Mielnik mia\u0142&nbsp;pono\u0107&nbsp;siln\u0105, magnetyczn\u0105&nbsp;osobowo\u015b\u0107. W\u0142a\u015bciwie od tej pory, gdy Andrzej si\u0119&nbsp;z nim spotka\u0142&nbsp;zacz\u0119\u0142y si\u0119&nbsp;jego problemy ze zdrowiem. Nie wiem czy rzeczywi\u015bcie ma to zwi\u0105zek z Antrovisem, ale na pewno te fakty zbieg\u0142y si\u0119&nbsp;w czasie. Ja do\u015b\u0107&nbsp;wcze\u015bnie spotka\u0142em si\u0119&nbsp;z tematem, nazwijmy to duchowych manowc\u00f3w i w zwi\u0105zku z tym zachowywa\u0142em tu du\u017c\u0105&nbsp;ostro\u017cno\u015b\u0107. Z Andrzejem o Antrovisie w og\u00f3le nie rozmawia\u0142em, bo on by\u0142&nbsp;za bardzo zaanga\u017cowany.<\/p>\n\n\n\n<p>\u2013 Pami\u0119tam,&nbsp;\u017ce m\u00f3wi\u0142&nbsp;mi co\u015b&nbsp;o tej sekcie \u2013 wspomina Wojciech Jacob Jankowski. Po spotkaniach z nimi zacz\u0105\u0142&nbsp;m\u00f3wi\u0107,&nbsp;\u017ce jest Syriusza. Ty te\u017c&nbsp;jeste\u015b&nbsp;z Syriusza, ale masz skleroz\u0119&nbsp;\u2013 m\u00f3wi\u0142&nbsp;do mnie. Traktowa\u0142em to jako kolejny przejaw jego zgrywu, ale przez t\u0105&nbsp;apokaliptyczn\u0105&nbsp;sekt\u0119, to&nbsp;\u017ce jest z Syriusza potraktowa\u0142&nbsp;w pewnym momencie powa\u017cnie. Uwierzy\u0142,&nbsp;\u017ce Ziemia ma zosta\u0107&nbsp;zg\u0142adzona, a z Suriusza maj\u0105&nbsp;przylecie\u0107&nbsp;kosmici, by ocali\u0107&nbsp;wybra\u0144c\u00f3w, cz\u0142onk\u00f3w tej sekty oczywi\u015bcie. Opowiada\u0142&nbsp;mi o tym, ale nie znalaz\u0142&nbsp;we mnie zrozumienia dla tej idei, wi\u0119c nie narzuca\u0142&nbsp;si\u0119&nbsp;z ni\u0105.<\/p>\n\n\n\n<p>&#8211; Kt\u00f3re\u015b\u00a0nocy, gdy spa\u0142em w alkierzu obudzi\u0142o mnie gor\u0105co \u2013 wspomina Jacob. S\u0142ysz\u0119,\u00a0\u017ce Andrzej dok\u0142ada do pieca. Co robisz, ch\u0142opie \u2013 pytam? Zimno mi \u2013 m\u00f3wi. Jak to zimno? Jest ukrop, poc\u0119\u00a0si\u0119\u00a0i spa\u0107\u00a0nie mog\u0119.\u00a0\u0141apy precz od pieca. Nie s\u0142yszysz,\u00a0\u017ce huczy tak,\u00a0\u017ce zaraz wybuchnie? W\u0142a\u017a\u00a0do\u00a0\u015bpiwora i\u00a0\u015bpij! \u2013 warkn\u0105\u0142em przewracaj\u0105c si\u0119\u00a0na drugi bok. Andrzej kr\u0119ci\u0142\u00a0si\u0119\u00a0jeszcze po domu, nie wiem czy tej nocy zasn\u0105\u0142. Nied\u0142ugo potem poczu\u0142em straszne zimno w trzewiach. Puste wn\u0119trzno\u015bci wype\u0142ni\u0142\u00a0strach. Nie zna\u0142em takiego uczucia wcze\u015bniej. To by\u0142\u00a0jego strach. My\u015bl\u0119,\u00a0\u017ce strach to uczucie, kt\u00f3rego Andrzej cz\u0119sto do\u015bwiadcza\u0142. D\u0142ugo nie mog\u0142em tego zrozumie\u0107. Czego si\u0119\u00a0boisz? \u2013 spyta\u0142em kiedy\u015b. Siebie \u2013 odpowiedzia\u0142.<\/p>\n\n\n\n<p class=\"has-text-align-right\"><a href=\"http:\/\/suryn.pl\/index.php\/strona-52-i-53\/\" data-type=\"URL\" data-id=\"http:\/\/suryn.pl\/index.php\/strona-52-i-53\/\">Poprzednia<\/a>&nbsp;<a href=\"http:\/\/suryn.pl\/index.php\/strona-56-i-57\/\" data-type=\"URL\" data-id=\"http:\/\/suryn.pl\/index.php\/strona-56-i-57\/\"> Nast\u0119pna<\/a><\/p>\n","protected":false},"excerpt":{"rendered":"<p>&#8211; Zawsze interesowa\u0142\u00a0si\u0119\u00a0medycyn\u0105\u00a0alternatywn\u0105, buddyzmem, lamaizmem, mistyk\u0105\u00a0z tym zwi\u0105zan\u0105. Tworzy\u0142\u00a0swoj\u0105\u00a0w\u0142asn\u0105\u00a0filozofi\u0119, kt\u00f3ra moim zdaniem zawiera\u0142a elementy kryptohipisowskie po\u0142\u0105czone z interesuj\u0105cymi go motywami r\u00f3\u017cnych system\u00f3w religijnych \u2013 m\u00f3wi Wojciech Darski. Jego filozofia by\u0142a pr\u00f3b\u0105\u00a0odnalezienia si\u0119\u00a0w tym\u00a0\u015bwiecie, kt\u00f3rego istot\u0105\u00a0jest przecie\u017c\u00a0chaos. Potrzebowa\u0142\u00a0jakiego\u015b\u00a0uporz\u0105dkowania tego chaosu, a jednocze\u015bnie mia\u0142 \u015bwiadomo\u015b\u0107,\u00a0\u017ce ogarn\u0105\u0107\u00a0si\u0119\u00a0go nie da,\u00a0\u017ce te pr\u00f3by musz\u0105\u00a0pozosta\u0107\u00a0nieudane. \u2013 Wypracowa\u0142&nbsp;sobie w\u0142asn\u0105&nbsp;duchow\u0105 \u015bcie\u017ck\u0119, kt\u00f3ra pozwala\u0142a mu zar\u00f3wno na studiowanie encyklik &#8230;<\/p>\n","protected":false},"author":1,"featured_media":0,"parent":0,"menu_order":0,"comment_status":"closed","ping_status":"closed","template":"","meta":{"footnotes":""},"class_list":["post-359","page","type-page","status-publish","hentry"],"_links":{"self":[{"href":"http:\/\/suryn.pl\/index.php\/wp-json\/wp\/v2\/pages\/359","targetHints":{"allow":["GET"]}}],"collection":[{"href":"http:\/\/suryn.pl\/index.php\/wp-json\/wp\/v2\/pages"}],"about":[{"href":"http:\/\/suryn.pl\/index.php\/wp-json\/wp\/v2\/types\/page"}],"author":[{"embeddable":true,"href":"http:\/\/suryn.pl\/index.php\/wp-json\/wp\/v2\/users\/1"}],"replies":[{"embeddable":true,"href":"http:\/\/suryn.pl\/index.php\/wp-json\/wp\/v2\/comments?post=359"}],"version-history":[{"count":3,"href":"http:\/\/suryn.pl\/index.php\/wp-json\/wp\/v2\/pages\/359\/revisions"}],"predecessor-version":[{"id":1140,"href":"http:\/\/suryn.pl\/index.php\/wp-json\/wp\/v2\/pages\/359\/revisions\/1140"}],"wp:attachment":[{"href":"http:\/\/suryn.pl\/index.php\/wp-json\/wp\/v2\/media?parent=359"}],"curies":[{"name":"wp","href":"https:\/\/api.w.org\/{rel}","templated":true}]}}