{"id":345,"date":"2021-05-18T19:38:11","date_gmt":"2021-05-18T17:38:11","guid":{"rendered":"http:\/\/suryn.pl\/?page_id=345"},"modified":"2021-05-20T18:14:31","modified_gmt":"2021-05-20T16:14:31","slug":"strona-44-i-45","status":"publish","type":"page","link":"http:\/\/suryn.pl\/index.php\/strona-44-i-45\/","title":{"rendered":"Strona 44 i 45"},"content":{"rendered":"\n<p><strong><span style=\"color:#c04e6a\" class=\"has-inline-color\">Do\u015b\u0107\u00a0ju\u017c\u00a0tego, panie Ego<\/span><\/strong><\/p>\n\n\n\n<p>Andrzej wci\u0105\u017c\u00a0zmaga\u0142\u00a0si\u0119\u00a0z sob\u0105\u00a0i ze\u00a0\u015bwiatem. Chcia\u0142\u00a0si\u0119\u00a0dopracowa\u0107\u00a0g\u0142\u0119bokich moralnych zasad, a jednocze\u015bnie mia\u0142\u00a0poczucie wy\u017cszo\u015bci w stosunku do innych. Dostrzega\u0142\u00a0absolutne pi\u0119kno\u00a0\u015bwiata z jednej strony, a z drugiej by\u0142\u00a0zaniepokojony tym,\u00a0\u017ce\u00a0<em>\u015bwiat schodzi na psy<\/em>. Rozczarowywa\u0142a go rzeczywisto\u015b\u0107, m\u0119czy\u0142y sprzeczno\u015bci charakteru. Stara\u0142\u00a0si\u0119\u00a0znale\u017a\u0107\u00a0w sobie r\u00f3wnowag\u0119:\u00a0<em>oto st\u0105pam po ostrzu miecza \u2013\u00a0<\/em>pisa\u0142\u00a0w wierszu\u00a0<em>\u2013 to nie odwaga, to r\u00f3wnowaga.\u00a0<\/em>R\u00f3wnowaga \u2013\u00a0<em>wst\u0119ga pomi\u0119dzy przeciwno\u015bciami<\/em>, to by\u0142a droga, kt\u00f3rej szuka\u0142, ale przecie\u017c\u00a0cz\u0119sto porusza\u0142\u00a0si\u0119\u00a0po skrajnych wychyleniach sinusoidy: whisky i medytacja, kobiety i zakon, folgowanie w jedzeniu, a potem miesi\u0105c surowego postu, post zako\u0144czony spa\u0142aszowaniem bombonierki, ekstrawertyczne wybuchy entuzjazmu i nag\u0142e wycofywanie si\u0119. Raz w t\u0119, raz w t\u0119.<\/p>\n\n\n\n<p>By\u0142&nbsp;z\u0142o\u017con\u0105&nbsp;wieloaspektow\u0105&nbsp;osobowo\u015bci\u0105, a charakter mia\u0142&nbsp;pe\u0142en sprzeczno\u015bci. Z jednej strony&nbsp;\u017cycie pe\u0142ni\u0105, z drugiej cieniem. Pod mask\u0105&nbsp;pewno\u015bci siebie skrywana nie\u015bmia\u0142o\u015b\u0107. Narcyz silne epatuj\u0105cy sob\u0105, a jednocze\u015bnie cz\u0142owiek skromny i pokorny.<\/p>\n\n\n\n<p>W relacjach z lud\u017ami by\u0142&nbsp;osob\u0105&nbsp;absolutnie unikaln\u0105. Dla wielu by\u0142&nbsp;postojem w drodze, spokojn\u0105&nbsp;przystani\u0105&nbsp;w biegu. Potrafi\u0142&nbsp;zatrzyma\u0107&nbsp;cz\u0142owieka i zwr\u00f3ci\u0107&nbsp;w g\u0142\u0105b siebie. Spotkania z nim dawa\u0142y szans\u0119&nbsp;obcowania z bardzo g\u0142\u0119bokimi wa\u017cnymi tematami, na kt\u00f3re nie wszyscy byli przygotowani, nie zawsze by\u0142&nbsp;na nie stosowny czas. Bywa\u0142o,&nbsp;\u017ce konfrontacja z Andrzejem sprawia\u0142a ludziom trudno\u015bci. Tym bardziej,&nbsp;\u017ce nie by\u0142&nbsp;przecie\u017c&nbsp;idealny a m\u00f3wi\u0142&nbsp;o idea\u0142ach. Bywa\u0142o te\u017c,&nbsp;\u017ce ludzi dra\u017cni\u0142, zawodzi\u0142&nbsp;i sprawia\u0142&nbsp;im k\u0142opoty. Czasem sam nawarzy\u0142&nbsp;piwa, kt\u00f3re wypi\u0107&nbsp;musia\u0142&nbsp;kto inny.<\/p>\n\n\n\n<p>\u2013 Andrzej by\u0142&nbsp;trudnym cz\u0142owiekiem. D\u0142ugo z nim nie wytrzymywa\u0142em i cho\u0107&nbsp;sporo razem robili\u015bmy zawsze by\u0142&nbsp;mi\u0119dzy nami dystans. Du\u017co dawa\u0142&nbsp;z siebie, ale du\u017co te\u017c&nbsp;wymaga\u0142, by\u0142&nbsp;strasznie absorbuj\u0105cy, zabiera\u0142&nbsp;przestrze\u0144. Po kilku godzinach by\u0142em nim zm\u0119czony. Dra\u017cni\u0142y mnie te\u017c&nbsp;te jego maniery i wpuszczanie innych w opiek\u0119&nbsp;nad sob\u0105. Nie czuj\u0119&nbsp;powo\u0142ania,&nbsp;\u017ceby si\u0119&nbsp;opiekowa\u0107&nbsp;doros\u0142ymi lud\u017ami, wi\u0119c nie mia\u0142em do niego cierpliwo\u015bci \u2013 przyznaje Ryszard Latecki.<\/p>\n\n\n\n<p>Kiedy\u015b\u00a0zafundowa\u0142\u00a0mi nieciekaw\u0105\u00a0przygod\u0119 &#8211; kontynuuje. &#8211;  Entuzjastycznie zaprasza\u0142\u00a0do Pupek, do Robaka \u2013 domu, kt\u00f3ry niegdy\u015b\u00a0nale\u017ca\u0142\u00a0do Waldka Czechowskiego. Przyje\u017cd\u017caj do Robaka, zach\u0119ca\u0142. Posiedzimy, pogadamy, pogramy. To by\u0142a jesie\u0144. Przyjecha\u0142em maluchem z Warszawy pod Olsztyn. Maluch troch\u0119\u00a0zdezelowany, wi\u0119c zaraz po przyje\u017adzie odstawi\u0142em go do Jonkowa, do mechanika. Przyw\u0119drowa\u0142em stamt\u0105d do Robaka, zasta\u0142em Andrzeja w nie najlepszym humorze i dom pe\u0142en ludzi. Napi\u0119ta, ci\u0119\u017cka atmosfera. Nikt nie m\u00f3wi\u0142\u00a0o co chodzi, ale wyra\u017anie si\u0119\u00a0czu\u0142o,\u00a0\u017ce nasza obecno\u015b\u0107\u00a0im przeszkadza. Andrzej udawa\u0142,\u00a0\u017ce wszystko jest w porz\u0105dku, ale nied\u0142ugo potem wzi\u0105\u0142\u00a0sw\u00f3j plecaczek i wyszed\u0142. Ja nie mog\u0142em wyjecha\u0107, bo samoch\u00f3d sta\u0142\u00a0u mechanika, a do Robaka ci\u0105gle zje\u017cd\u017cali nowi nieznani mi ludzie i nie widzia\u0142em tam dla siebie miejsca. Okaza\u0142o si\u0119,\u00a0\u017ce chwilowi lokatorzy to muzycy i aktorzy zwi\u0105zani z teatrem W\u0119gajty, kt\u00f3rzy wynaj\u0119li dom Waldka. Byli zaj\u0119ci swoimi sprawami i niemile zaskoczeni lokatorami, kt\u00f3rzy s\u0105\u00a0niemile zaskoczeni nimi. Nie by\u0142o wtedy telefon\u00f3w, wi\u0119c Andrzej nie wiedzia\u0142\u00a0o tym,\u00a0\u017ce Teatr wynaj\u0105\u0142\u00a0Robaka. Sam by\u0142\u00a0zaskoczony, bo u Waldka zawsze czu\u0142\u00a0si\u0119\u00a0jak u siebie, ale nie umia\u0142\u00a0tej sytuacji pozytywnie rozwi\u0105za\u0107. Nie pr\u00f3bowa\u0142\u00a0nawet. Po prostu znikn\u0105\u0142\u00a0zostawiaj\u0105c mnie z k\u0142opotem.<\/p>\n\n\n\n<p>\u2013 To by\u0142o najpewniej w 1988 r. podczas kt\u00f3rego\u015b&nbsp;z kolei naszych wsp\u00f3lnych spotka\u0144&nbsp;poetyckich w Olecku. Darski mieszka\u0142&nbsp;wtedy na g\u00f3rze z&nbsp;\u017con\u0105, a na dole dwudziestu kilku m\u0142odych ludzi zrobi\u0142o sobie imprez\u0119&nbsp;\u2013 wspomina Marek Sobczak. W pewnym momencie Wojtek si\u0119&nbsp;zdenerwowa\u0142&nbsp;i zszed\u0142&nbsp;na d\u00f3\u0142,&nbsp;\u017ceby ich uciszy\u0107. Na to kto\u015b&nbsp;z imprezuj\u0105cych powiedzia\u0142&nbsp;mu,&nbsp;\u017ceby spiernicza\u0142. Darski spierniczy\u0142, ale za chwil\u0119&nbsp;wr\u00f3ci\u0142\u2026z ga\u015bnic\u0105. Pok\u00f3j cztery na trzy metry po konfrontacji z zawarto\u015bci\u0105&nbsp;stra\u017cackiej ga\u015bnicy wygl\u0105da\u0142, powiedzmy, malowniczo. Ten ca\u0142y t\u0142umek m\u0142odych ludzi chcia\u0142&nbsp;p\u00f3\u017aniej Darskiego zlinczowa\u0107. Wojtek wpad\u0142&nbsp;do mojego pokoju prosi\u0107&nbsp;o azyl, a p\u00f3\u017aniej przypomnia\u0142&nbsp;sobie,&nbsp;\u017ce&nbsp;\u017cona sama, wi\u0119c poprosi\u0142, bym poszed\u0142&nbsp;spa\u0107&nbsp;do ich pokoju \u2013 gdyby kto\u015b&nbsp;si\u0119&nbsp;wdar\u0142, by\u0142oby nas ju\u017c&nbsp;dw\u00f3ch. Do Andrzeja nie poszed\u0142, cho\u0107&nbsp;to by\u0142&nbsp;najbli\u017cszy jego przyjaciel. Na Andrzeja w takich sytuacjach nie mogli\u015bmy liczy\u0107.<\/p>\n\n\n\n<p class=\"has-text-align-right\"><a href=\"http:\/\/suryn.pl\/index.php\/strona-42-i-43\/\" data-type=\"URL\" data-id=\"http:\/\/suryn.pl\/index.php\/strona-42-i-43\/\">Poprzednia<\/a>&nbsp; <a href=\"http:\/\/suryn.pl\/index.php\/strona-46-i-47\/\" data-type=\"URL\" data-id=\"http:\/\/suryn.pl\/index.php\/strona-46-i-47\/\">Nast\u0119pna<\/a><\/p>\n","protected":false},"excerpt":{"rendered":"<p>Do\u015b\u0107\u00a0ju\u017c\u00a0tego, panie Ego Andrzej wci\u0105\u017c\u00a0zmaga\u0142\u00a0si\u0119\u00a0z sob\u0105\u00a0i ze\u00a0\u015bwiatem. Chcia\u0142\u00a0si\u0119\u00a0dopracowa\u0107\u00a0g\u0142\u0119bokich moralnych zasad, a jednocze\u015bnie mia\u0142\u00a0poczucie wy\u017cszo\u015bci w stosunku do innych. Dostrzega\u0142\u00a0absolutne pi\u0119kno\u00a0\u015bwiata z jednej strony, a z drugiej by\u0142\u00a0zaniepokojony tym,\u00a0\u017ce\u00a0\u015bwiat schodzi na psy. Rozczarowywa\u0142a go rzeczywisto\u015b\u0107, m\u0119czy\u0142y sprzeczno\u015bci charakteru. Stara\u0142\u00a0si\u0119\u00a0znale\u017a\u0107\u00a0w sobie r\u00f3wnowag\u0119:\u00a0oto st\u0105pam po ostrzu miecza \u2013\u00a0pisa\u0142\u00a0w wierszu\u00a0\u2013 to nie odwaga, to r\u00f3wnowaga.\u00a0R\u00f3wnowaga \u2013\u00a0wst\u0119ga pomi\u0119dzy przeciwno\u015bciami, to by\u0142a droga, kt\u00f3rej szuka\u0142, ale &#8230;<\/p>\n","protected":false},"author":1,"featured_media":0,"parent":0,"menu_order":0,"comment_status":"closed","ping_status":"closed","template":"","meta":{"footnotes":""},"class_list":["post-345","page","type-page","status-publish","hentry"],"_links":{"self":[{"href":"http:\/\/suryn.pl\/index.php\/wp-json\/wp\/v2\/pages\/345","targetHints":{"allow":["GET"]}}],"collection":[{"href":"http:\/\/suryn.pl\/index.php\/wp-json\/wp\/v2\/pages"}],"about":[{"href":"http:\/\/suryn.pl\/index.php\/wp-json\/wp\/v2\/types\/page"}],"author":[{"embeddable":true,"href":"http:\/\/suryn.pl\/index.php\/wp-json\/wp\/v2\/users\/1"}],"replies":[{"embeddable":true,"href":"http:\/\/suryn.pl\/index.php\/wp-json\/wp\/v2\/comments?post=345"}],"version-history":[{"count":4,"href":"http:\/\/suryn.pl\/index.php\/wp-json\/wp\/v2\/pages\/345\/revisions"}],"predecessor-version":[{"id":1133,"href":"http:\/\/suryn.pl\/index.php\/wp-json\/wp\/v2\/pages\/345\/revisions\/1133"}],"wp:attachment":[{"href":"http:\/\/suryn.pl\/index.php\/wp-json\/wp\/v2\/media?parent=345"}],"curies":[{"name":"wp","href":"https:\/\/api.w.org\/{rel}","templated":true}]}}