{"id":336,"date":"2021-05-18T19:30:55","date_gmt":"2021-05-18T17:30:55","guid":{"rendered":"http:\/\/suryn.pl\/?page_id=336"},"modified":"2021-05-20T18:05:38","modified_gmt":"2021-05-20T16:05:38","slug":"strona-36-i-37","status":"publish","type":"page","link":"http:\/\/suryn.pl\/index.php\/strona-36-i-37\/","title":{"rendered":"Strona 36 i 37"},"content":{"rendered":"\n<p>Nie pasowa\u0142&nbsp;do czasu, w kt\u00f3rym przysz\u0142o mu&nbsp;\u017cy\u0107, do tych szarych, siermi\u0119\u017cnych, byle jakich czas\u00f3w PRL-u, a tym bardziej do p\u00f3\u017aniejszych po zmianie systemu, gdy kapitalizm wymaga\u0142&nbsp;od ludzi przedsi\u0119biorczo\u015bci i skuteczno\u015bci, kiedy zacz\u0105\u0142&nbsp;si\u0119&nbsp;ten wy\u015bcig szczur\u00f3w. Dla wielu by\u0142&nbsp;kim\u015b&nbsp;spoza czasu. Kim\u015b&nbsp;nie z tej ziemi.<\/p>\n\n\n\n<p>\u2013 Wpad\u0142&nbsp;w nasz\u0105&nbsp;rzeczywisto\u015b\u0107&nbsp;prosto z artystycznych salon\u00f3w dwudziestolecia mi\u0119dzywojennego \u2013 m\u00f3wi Latecki.<\/p>\n\n\n\n<p>\u2013 Przyby\u0142&nbsp;z prawiek\u00f3w, z Syriusza \u2013 m\u00f3wi Jankowski.<\/p>\n\n\n\n<p>\u2013 Reprezentowa\u0142&nbsp;etos dziewi\u0119tnastowiecznego poety \u2013 m\u00f3wi Sojka.<\/p>\n\n\n\n<p>Uzna\u0142,&nbsp;\u017ce jest stworzony do innych cel\u00f3w ni\u017c&nbsp;zabieganie o materialn\u0105&nbsp;stron\u0119 \u017cycia. Trudno wyobrazi\u0107&nbsp;sobie,&nbsp;\u017ce Suryn bierze si\u0119&nbsp;do pracy,&nbsp;\u017ce wstaje rano, pod\u0105\u017ca codziennie t\u0105&nbsp;sam\u0105 \u015bcie\u017ck\u0105, by przez osiem godzin siedzie\u0107&nbsp;za biurkiem. No, mo\u017ce to biurko to zbyt drastyczny przyk\u0142ad, ale nawet przyjemnej dla niego i tw\u00f3rczej pracy nie m\u00f3g\u0142&nbsp;podo\u0142a\u0107, gdy tylko wi\u0105za\u0142a si\u0119&nbsp;z przymusem. Zadaniem Andrzeja by\u0142o w\u0119drowa\u0107, rozmy\u015bla\u0107, uk\u0142ada\u0107&nbsp;kamienne stupy, rozmawia\u0107&nbsp;z soko\u0142em, pilnowa\u0107&nbsp;piasku i wierzy\u0107,&nbsp;\u017ce pospolite sprawy za\u0142atwi\u0105&nbsp;si\u0119&nbsp;same.<\/p>\n\n\n\n<p>\u2013 By\u0142&nbsp;z tych arystokrat\u00f3w, kt\u00f3rzy nie plamili si\u0119&nbsp;prac\u0105. To jest sztuka pozwoli\u0107&nbsp;sobie na komfort bycia w&nbsp;\u015bwiecie, kt\u00f3ry tak nachalnie zmusza cz\u0142owieka do pracy i posiadania. Ma\u0142o ludzi to potrafi. On potrafi\u0142&nbsp;\u2013 m\u00f3wi Andrzej&nbsp;\u015awietlik.<\/p>\n\n\n\n<p><em>Ja, filozof dymu, architekt ob<\/em><em>\u0142<\/em><em>ok\u00f3w \u2013&nbsp;<\/em>pisa\u0142&nbsp;o sobie w wierszu. Obserwowa\u0142&nbsp;z g\u00f3ry t\u0119&nbsp;ca\u0142\u0105&nbsp;ludzk\u0105&nbsp;krz\u0105tanin\u0119&nbsp;wiedz\u0105c,&nbsp;\u017ce nie jest warta zachodu. Niekt\u00f3rzy mieli go za paso\u017cyta i lenia, a on pewnie i by\u0142&nbsp;leniwy, ale te\u017c&nbsp;uwa\u017ca\u0142,&nbsp;\u017ce duch zawsze ponad materi\u0105&nbsp;\u2013 takie mia\u0142&nbsp;priorytety, ufa\u0142&nbsp;wi\u0119c,&nbsp;\u017ce b\u0119dzie mu dane tak jak w biblijnej przypowie\u015b\u0107&nbsp;o ptakach co nie siej\u0105, nie orz\u0105&nbsp;i nie zbieraj\u0105&nbsp;do spichlerzy. I tak rzeczywi\u015bcie by\u0142o. Dzi\u0119ki przyjacio\u0142om nie ton\u0105\u0142, a nawet z wdzi\u0119kiem&nbsp;\u015blizga\u0142 si\u0119 po powierzchni.<\/p>\n\n\n\n<p>\u2013 W naszej relacji podzia\u0142&nbsp;r\u00f3l wygl\u0105da\u0142&nbsp;tak: ja kupowa\u0142em, ja gotowa\u0142em, Andrzej jad\u0142, ja zmywa\u0142em. Nie czu\u0142em si\u0119&nbsp;jednak wykorzystywany. Uwa\u017cam,&nbsp;\u017ce wymiana by\u0142a r\u00f3wna. To co Andrzej dawa\u0142&nbsp;przez sam\u0105&nbsp;mo\u017cliwo\u015b\u0107&nbsp;bycia z nim, by\u0142o czyst\u0105&nbsp;rado\u015bci\u0105. Ekstatyczne momenty kiedy cz\u0142owiek unosi si\u0119&nbsp;nad ziemi\u0105&nbsp;ze szcz\u0119\u015bcia zdarza\u0142y mi si\u0119&nbsp;najcz\u0119\u015bciej w jego obecno\u015bci. On potrafi\u0142&nbsp;je wywo\u0142a\u0107. Jak spotykasz&nbsp;\u015bwi\u0119tego na swojej drodze, to nie masz w\u0105tpliwo\u015bci \u2013 m\u00f3wi Stanis\u0142aw P\u0142awski.<\/p>\n\n\n\n<p>W po\u0142owie lat osiemdziesi\u0105tych P\u0142awskiemu uda\u0142o si\u0119&nbsp;zarobi\u0107&nbsp;wi\u0119ksz\u0105&nbsp;got\u00f3wk\u0119. Z Andrzejem postanowili,&nbsp;\u017ce spo\u017cytkuj\u0105&nbsp;j\u0105&nbsp;na p\u0142awienie si\u0119&nbsp;w luksusach. Chcieli odwiedzi\u0107&nbsp;par\u0119&nbsp;miejsc w Polsce, pomieszka\u0107&nbsp;w dobrych hotelach, poczu\u0107&nbsp;si\u0119&nbsp;komfortowo. Pojechali do Poznania. Wybrali nieistniej\u0105cy ju\u017c&nbsp;dzi\u015b&nbsp;hotel Bazar, bo w nim nocowa\u0142&nbsp;niegdy\u015b&nbsp;sam Ignacy Paderewski.<\/p>\n\n\n\n<p>\u2013 Wynaj\u0119li\u015bmy apartament z fortepianem, a poniewa\u017c&nbsp;by\u0142em mi\u0142o\u015bnikiem opery plan na wiecz\u00f3r mia\u0142em taki,&nbsp;\u017ce poka\u017c\u0119&nbsp;Andrzejowi operowy&nbsp;\u015bwiat. By wszystko dopi\u0105\u0107&nbsp;na ostatni guzik, najpierw chcieli\u015bmy wypo\u017cyczy\u0107&nbsp;fraki. Snuli\u015bmy si\u0119&nbsp;wi\u0119c w tym celu po mie\u015bcie, a\u017c&nbsp;zmienili\u015bmy zdanie i zamiast frak\u00f3w kupili\u015bmy wino, a zamiast opery wybrali\u015bmy kino. Wino by\u0142o wyborne \u2013 prawdziwy tokaj, a film by\u0142&nbsp;kultowy \u2013 Blues brothers. Nim zacz\u0105\u0142&nbsp;si\u0119&nbsp;seans zd\u0105\u017cyli\u015bmy wypi\u0107butelk\u0119&nbsp;na&nbsp;\u0142awce w parku, w kinie zacz\u0119li\u015bmy kolejn\u0105, a&nbsp;\u017ce film jest muzyczny a my wiele blues\u00f3w z tamtych lat znali\u015bmy na pami\u0119\u0107, dali\u015bmy wyraz naszemu umi\u0142owaniu muzyki: wrzeszczeli\u015bmy, tupali\u015bmy,&nbsp;\u015bpiewali\u015bmy, by\u0142o to bardzo radosne i spontaniczne, cho\u0107&nbsp;pr\u00f3cz nas raczej nikomu si\u0119&nbsp;nie podoba\u0142o.<\/p>\n\n\n\n<p>Takie historie zdarza\u0142y mu si\u0119\u00a0cz\u0119\u015bciej. By\u0142\u00a0oczekiwanym go\u015bciem, dusz\u0105\u00a0towarzystwa, ludzie chcieli go podejmowa\u0107\u00a0i si\u0119\u00a0z nim dzieli\u0107. Przyjmowa\u0142\u00a0to naturalnie. Lubi\u0142\u00a0luksusy i je\u015bli mia\u0142\u00a0okazj\u0119\u00a0ch\u0119tnie z nich korzysta\u0142. Zawsze czu\u0142\u00a0si\u0119\u00a0arystokrat\u0105. By\u0142\u00a0przekonany,\u00a0\u017ce poeci powinni by\u0107\u00a0utrzymywani przez spo\u0142ecze\u0144stwo i pozwala\u0142, by przyjaciele dzielili si\u0119\u00a0tym obowi\u0105zkiem.<\/p>\n\n\n\n<p class=\"has-text-align-right\"><a href=\"http:\/\/suryn.pl\/index.php\/strona-34-i-35\/\" data-type=\"URL\" data-id=\"http:\/\/suryn.pl\/index.php\/strona-34-i-35\/\">Poprzednia<\/a>&nbsp; <a href=\"http:\/\/suryn.pl\/index.php\/strona-38-i-39\/\" data-type=\"URL\" data-id=\"http:\/\/suryn.pl\/index.php\/strona-38-i-39\/\">Nast\u0119pna<\/a><\/p>\n","protected":false},"excerpt":{"rendered":"<p>Nie pasowa\u0142&nbsp;do czasu, w kt\u00f3rym przysz\u0142o mu&nbsp;\u017cy\u0107, do tych szarych, siermi\u0119\u017cnych, byle jakich czas\u00f3w PRL-u, a tym bardziej do p\u00f3\u017aniejszych po zmianie systemu, gdy kapitalizm wymaga\u0142&nbsp;od ludzi przedsi\u0119biorczo\u015bci i skuteczno\u015bci, kiedy zacz\u0105\u0142&nbsp;si\u0119&nbsp;ten wy\u015bcig szczur\u00f3w. Dla wielu by\u0142&nbsp;kim\u015b&nbsp;spoza czasu. Kim\u015b&nbsp;nie z tej ziemi. \u2013 Wpad\u0142&nbsp;w nasz\u0105&nbsp;rzeczywisto\u015b\u0107&nbsp;prosto z artystycznych salon\u00f3w dwudziestolecia mi\u0119dzywojennego \u2013 m\u00f3wi Latecki. \u2013 Przyby\u0142&nbsp;z prawiek\u00f3w, z Syriusza \u2013 m\u00f3wi &#8230;<\/p>\n","protected":false},"author":1,"featured_media":0,"parent":0,"menu_order":0,"comment_status":"closed","ping_status":"closed","template":"","meta":{"footnotes":""},"class_list":["post-336","page","type-page","status-publish","hentry"],"_links":{"self":[{"href":"http:\/\/suryn.pl\/index.php\/wp-json\/wp\/v2\/pages\/336","targetHints":{"allow":["GET"]}}],"collection":[{"href":"http:\/\/suryn.pl\/index.php\/wp-json\/wp\/v2\/pages"}],"about":[{"href":"http:\/\/suryn.pl\/index.php\/wp-json\/wp\/v2\/types\/page"}],"author":[{"embeddable":true,"href":"http:\/\/suryn.pl\/index.php\/wp-json\/wp\/v2\/users\/1"}],"replies":[{"embeddable":true,"href":"http:\/\/suryn.pl\/index.php\/wp-json\/wp\/v2\/comments?post=336"}],"version-history":[{"count":4,"href":"http:\/\/suryn.pl\/index.php\/wp-json\/wp\/v2\/pages\/336\/revisions"}],"predecessor-version":[{"id":1125,"href":"http:\/\/suryn.pl\/index.php\/wp-json\/wp\/v2\/pages\/336\/revisions\/1125"}],"wp:attachment":[{"href":"http:\/\/suryn.pl\/index.php\/wp-json\/wp\/v2\/media?parent=336"}],"curies":[{"name":"wp","href":"https:\/\/api.w.org\/{rel}","templated":true}]}}