{"id":332,"date":"2021-05-18T19:28:54","date_gmt":"2021-05-18T17:28:54","guid":{"rendered":"http:\/\/suryn.pl\/?page_id=332"},"modified":"2021-05-20T17:55:09","modified_gmt":"2021-05-20T15:55:09","slug":"strona-32-i-33","status":"publish","type":"page","link":"http:\/\/suryn.pl\/index.php\/strona-32-i-33\/","title":{"rendered":"Strona 32 i 33"},"content":{"rendered":"\n<p>Na kolejny plener te\u017c\u00a0pojecha\u0142\u00a0ch\u0119tnie. Zrobi\u0142\u00a0instalacj\u0119\u00a0pod nazw\u0105\u00a0\u201eListy do\u00a0\u015awiat\u0142a\u201d. Na wzg\u00f3rzu w Pupkach za domem zwanym powszechnie Bezat postawi\u0142\u00a0stela\u017c, na kt\u00f3rym zawiesi\u0142\u00a0na sznurkach lustra. Odbija\u0142o si\u0119\u00a0w nich s\u0142o\u0144ce. Wystarczy\u0142\u00a0delikatny ruch powietrza, by lusterka poruszy\u0107, wi\u0119c ci\u0105gle obraca\u0142y si\u0119, kr\u0119ci\u0142y, falowa\u0142y, wirowa\u0142y. W po\u0142udnie gdy s\u0142o\u0144ce by\u0142o wysoko bliki robi\u0142y teatr zaj\u0105czk\u00f3w tu\u017c\u00a0przy konstrukcji, a rano lub wieczorem s\u0142oneczne zaj\u0105czki wida\u0107\u00a0by\u0142o z bardzo daleka. Ta\u0144cz\u0105ce\u00a0\u015bwiate\u0142ka wskazywa\u0142y drog\u0119\u00a0do Pupek. \u201eListy do\u00a0\u015awiat\u0142a\u201d zainspirowa\u0142y Ryszarda Lateckiego, kt\u00f3ry na kolejnym plenerze w Pupkach zrobi\u0142\u00a0ich nocn\u0105 wersj\u0119. Umie\u015bci\u0142\u00a0w do\u0142ku w ziemi kamie\u0144, zasugerowa\u0142,\u00a0\u017ce to g\u0142az z nieba, do kamienia przymocowa\u0142\u00a0lusterko tak, by odbija\u0142y si\u0119\u00a0w nim gwiazdy.<\/p>\n\n\n\n<p>Dla warmi\u0144skiej spo\u0142eczno\u015bci Andrzej by\u0142&nbsp;te\u017c&nbsp;ekologiem. Zna\u0142&nbsp;przyrod\u0119&nbsp;profesjonalnie, bo w okolicach Krzy\u017ca mia\u0142&nbsp;wielu przyjaci\u00f3\u0142&nbsp;le\u015bnik\u00f3w. Zna\u0142&nbsp;si\u0119&nbsp;na ptakach, zio\u0142ach, tropach zwierz\u0105t. By\u0142&nbsp;dobrym obserwatorem, g\u0142\u0119boko rozumia\u0142&nbsp;przyrod\u0119, a przy tym nie by\u0142&nbsp;nawiedzonym ekologiem, kt\u00f3rych w tamtych czasach by\u0142o wielu. Nie gada\u0142&nbsp;g\u0142upstw jak niekt\u00f3rzy ekolodzy- neofici \u2013 m\u00f3wi Jan Rylke.<\/p>\n\n\n\n<p>Na zaproszenie Aleksandry Pietraszewskiej, kt\u00f3ra w Nowym Kawkowie prowadzi\u0142a gospodarstwo agroturystyczne i organizowa\u0142a&nbsp;<em>Zielona Szko<\/em><em>\u0142<\/em><em>y&nbsp;<\/em>prowadzi\u0142&nbsp;z dzie\u0107mi zaj\u0119cia w plenerze.<\/p>\n\n\n\n<p>\u2013 By\u0142&nbsp;w tym znakomity. Bez problemu potrafi\u0142&nbsp;opanowa\u0107&nbsp;grup\u0119, zaczarowa\u0142&nbsp;te dzieciaki \u2013 wspomina Aleksandra. Zabiera\u0142&nbsp;je na ma\u0142e wyprawy do lasu czy na&nbsp;\u0142\u0105k\u0119, opowiada\u0142&nbsp;o ro\u015blinach i zwierz\u0119tach, w taki spos\u00f3b,&nbsp;\u017ce s\u0142ucha\u0142y z wielkim zaanga\u017cowaniem. By\u0142&nbsp;dowcipny, m\u00f3wi\u0142&nbsp;do nich wierszem, zaciekawia\u0142&nbsp;ich i sam potrafi\u0142&nbsp;s\u0142ucha\u0107. Wszyscy uwielbiali zaj\u0119cia z nim. Dzieci zbiera\u0142y zio\u0142a, kwiaty o potem wkleja\u0142y je i opisywa\u0142y w specjalnych ksi\u0119gach. Ka\u017cda grupa tworzy\u0142a ksi\u0119g\u0119-pami\u0105tk\u0119&nbsp;z wypraw. Mia\u0142o to charakter zielnika, ale by\u0142o czym\u015b&nbsp;wi\u0119cej. Dzieci pisa\u0142y tam te\u017c&nbsp;wierszyki. To by\u0142o inspirowan\u0105&nbsp;przez Andrzeja kreacj\u0105, czym\u015b&nbsp;zupe\u0142nie innym ni\u017c&nbsp;do tej pory widzia\u0142am. D\u0142ugo przechowywa\u0142am te ksi\u0119gi, ale ro\u015blinki wykruszy\u0142y si\u0119&nbsp;i pani, kt\u00f3ra tu sprz\u0105ta\u0142a, postanowi\u0142a si\u0119&nbsp;ich pozby\u0107. Te turnusy z dzie\u0107mi wszystkim przynosi\u0142y po\u017cytek. Wszyscy byli zadowoleni, ale Andrzej-wolny duch niestety d\u0142ugo nie wytrzyma\u0142&nbsp;i kolejnego lata ju\u017c&nbsp;nie chcia\u0142&nbsp;przyj\u0105\u0107&nbsp;tej pracy.<\/p>\n\n\n\n<p>Takie wyprawy w przyrod\u0119&nbsp;organizowa\u0142&nbsp;nie tylko dzieciom z miasta przyje\u017cd\u017caj\u0105cym na&nbsp;<em>zielone turnusy<\/em>, r\u00f3wnie\u017c&nbsp;dzieci znajomych i nieznajomych mieszka\u0144c\u00f3w okolicy pupcza\u0144skiej ch\u0119tnie chodzi\u0142y z nim na spacery. Zosta\u0142o to im na d\u0142ugo w pami\u0119ci i, jak si\u0119&nbsp;p\u00f3\u017aniej okaza\u0142o, mocno je ukszta\u0142towa\u0142o.<\/p>\n\n\n\n<p>\u2013 Nie wiem, czy gdyby nie on i jego wiersze, w kt\u00f3rych jest tyle podziwu dla przyrody, ludzie zmobilizowaliby si\u0119&nbsp;potem w takiej skali w obronie starych drzew. Mieli\u015bmy tu kilka lat temu tak\u0105&nbsp;akcj\u0119, przysz\u0142o wiele os\u00f3b, a najbardziej aktywni byli m\u0142odzi ludzie, kt\u00f3rzy jako dzieci w\u0142\u00f3czyli si\u0119&nbsp;z Andrzejem po&nbsp;\u0142\u0105kach i lasach \u2013 m\u00f3wi Wac\u0142aw Sobaszek.<\/p>\n\n\n\n<p class=\"has-text-align-right\"><a href=\"http:\/\/suryn.pl\/index.php\/strona-30-i-31\/\" data-type=\"URL\" data-id=\"http:\/\/suryn.pl\/index.php\/strona-30-i-31\/\">Poprzednia<\/a>&nbsp; <a href=\"http:\/\/suryn.pl\/index.php\/strona-34-i-35\/\" data-type=\"URL\" data-id=\"http:\/\/suryn.pl\/index.php\/strona-34-i-35\/\">Nast\u0119pna<\/a><\/p>\n","protected":false},"excerpt":{"rendered":"<p>Na kolejny plener te\u017c\u00a0pojecha\u0142\u00a0ch\u0119tnie. Zrobi\u0142\u00a0instalacj\u0119\u00a0pod nazw\u0105\u00a0\u201eListy do\u00a0\u015awiat\u0142a\u201d. Na wzg\u00f3rzu w Pupkach za domem zwanym powszechnie Bezat postawi\u0142\u00a0stela\u017c, na kt\u00f3rym zawiesi\u0142\u00a0na sznurkach lustra. Odbija\u0142o si\u0119\u00a0w nich s\u0142o\u0144ce. Wystarczy\u0142\u00a0delikatny ruch powietrza, by lusterka poruszy\u0107, wi\u0119c ci\u0105gle obraca\u0142y si\u0119, kr\u0119ci\u0142y, falowa\u0142y, wirowa\u0142y. W po\u0142udnie gdy s\u0142o\u0144ce by\u0142o wysoko bliki robi\u0142y teatr zaj\u0105czk\u00f3w tu\u017c\u00a0przy konstrukcji, a rano lub wieczorem s\u0142oneczne zaj\u0105czki wida\u0107\u00a0by\u0142o z bardzo &#8230;<\/p>\n","protected":false},"author":1,"featured_media":0,"parent":0,"menu_order":0,"comment_status":"closed","ping_status":"closed","template":"","meta":{"footnotes":""},"class_list":["post-332","page","type-page","status-publish","hentry"],"_links":{"self":[{"href":"http:\/\/suryn.pl\/index.php\/wp-json\/wp\/v2\/pages\/332","targetHints":{"allow":["GET"]}}],"collection":[{"href":"http:\/\/suryn.pl\/index.php\/wp-json\/wp\/v2\/pages"}],"about":[{"href":"http:\/\/suryn.pl\/index.php\/wp-json\/wp\/v2\/types\/page"}],"author":[{"embeddable":true,"href":"http:\/\/suryn.pl\/index.php\/wp-json\/wp\/v2\/users\/1"}],"replies":[{"embeddable":true,"href":"http:\/\/suryn.pl\/index.php\/wp-json\/wp\/v2\/comments?post=332"}],"version-history":[{"count":3,"href":"http:\/\/suryn.pl\/index.php\/wp-json\/wp\/v2\/pages\/332\/revisions"}],"predecessor-version":[{"id":1114,"href":"http:\/\/suryn.pl\/index.php\/wp-json\/wp\/v2\/pages\/332\/revisions\/1114"}],"wp:attachment":[{"href":"http:\/\/suryn.pl\/index.php\/wp-json\/wp\/v2\/media?parent=332"}],"curies":[{"name":"wp","href":"https:\/\/api.w.org\/{rel}","templated":true}]}}