{"id":328,"date":"2021-05-18T19:25:29","date_gmt":"2021-05-18T17:25:29","guid":{"rendered":"http:\/\/suryn.pl\/?page_id=328"},"modified":"2021-05-20T17:53:53","modified_gmt":"2021-05-20T15:53:53","slug":"strona-28-i-29","status":"publish","type":"page","link":"http:\/\/suryn.pl\/index.php\/strona-28-i-29\/","title":{"rendered":"Strona 28 i 29"},"content":{"rendered":"\n<p>&#8211; D\u0142ugo nie wiedzia\u0142em,\u00a0\u017ce on pisze, to znaczy nie zauwa\u017cy\u0142em,\u00a0\u017ceby pisanie traktowa\u0142\u00a0powa\u017cnie. By\u0142\u00a0dla mnie poet\u0105\u00a0w sensie zachowania \u2013 wspomina Andrzej R\u00f3\u017cycki. Wymy\u015bla\u0142\u00a0na bie\u017c\u0105co pi\u0119kne zwroty, kt\u00f3rymi zachwyca\u0142\u00a0wi\u0119kszo\u015b\u0107\u00a0ludzi pracuj\u0105cych wtedy z nami przy realizacji filmowej. Nie widzia\u0142em jednak,\u00a0\u017ceby swoje poezje zapisywa\u0142,\u00a0\u017ceby my\u015bla\u0142\u00a0nad wierszem i przelewa\u0142\u00a0te my\u015bli na papier. Niczego co wymy\u015bli\u0142\u00a0nie notowa\u0142. Po prostu m\u00f3wi\u0142, okrasza\u0142\u00a0pi\u0119knym s\u0142owem sytuacj\u0119, kt\u00f3ra si\u0119\u00a0stwarza\u0142a. Reagowa\u0142\u00a0szybko i genialne sentencje wypowiada\u0142\u00a0lekko, z du\u017cym urokiem. Zatrzymywa\u0142\u00a0nas nad pewn\u0105\u00a0my\u015bl\u0105\u00a0przez chwil\u0119, a za jaki\u015b\u00a0czas rzuca\u0142\u00a0now\u0105. Nie skupia\u0142\u00a0si\u0119, nie zastanawia\u0142. Jego poezje by\u0142y bardzo kr\u00f3tkie, zbli\u017cone do maksym, trafne, g\u0142\u0119bokie, ale poniewa\u017c\u00a0pozostawa\u0142y tylko s\u0142owem m\u00f3wionym, ulatywa\u0142y wraz z sytuacj\u0105, kt\u00f3rej dotyczy\u0142y.<\/p>\n\n\n\n<p>\u2013 Pami\u0119tam go te\u017c&nbsp;w\u0119druj\u0105cego po Warmii jak&nbsp;\u015bpiewa\u0142&nbsp;i m\u00f3wi\u0142&nbsp;wiersze w przestrze\u0144, uk\u0142ada\u0142&nbsp;kamienie, wiesza\u0142&nbsp;instrumenty w powietrzu. Tworzy\u0142&nbsp;sztuk\u0119&nbsp;w przestrzeni, sam by\u0142&nbsp;sztuk\u0105&nbsp;w przestrzeni. By\u0142&nbsp;te\u017c&nbsp;ruchem, dzianiem si\u0119. Ruch zwi\u0105zany jest z przemijalno\u015bci\u0105. Dlatego jego dzie\u0142a by\u0142y ulotne. Nie budowa\u0142&nbsp;katedr, by\u0142&nbsp;raczej jak japo\u0144ski ogr\u00f3d \u2013 zawieje wiatr, poruszy ga\u0142\u0105zk\u0119&nbsp;i zmieni si\u0119&nbsp;rzeczywisto\u015b\u0107.<\/p>\n\n\n\n<p>Na szcz\u0119\u015bcie w Teofilowie pozna\u0142&nbsp;te\u017c&nbsp;Waldka Czechowskiego, kt\u00f3ry \u2013 mimo&nbsp;\u017ce r\u00f3wnie\u017c \u017cy\u0142&nbsp;jak artysta \u2013 pilnowa\u0142, by rzeczy mog\u0142y zaistnie\u0107&nbsp;tak\u017ce w materialnym wymiarze.<\/p>\n\n\n\n<p>\u2013 Mia\u0142em&nbsp;\u015bwiadomo\u015b\u0107,&nbsp;\u017ce umyka nam co\u015b&nbsp;niezwyk\u0142ego, wi\u0119c zacz\u0105\u0142em go nagrywa\u0107. Andrzej czyta\u0142&nbsp;poezj\u0119, ja w\u0142\u0105cza\u0142em mikrofon. Czasem podczas takich sesji zamy\u015bla\u0142&nbsp;si\u0119&nbsp;i powstawa\u0142&nbsp;ca\u0142kiem nowy wiersz. Gdyby nie mikrofon niejeden wiersz m\u00f3g\u0142by nigdy nie powsta\u0107&nbsp;albo powsta\u0107&nbsp;i od razu znikn\u0105\u0107. Klika takich spontanicznych sytuacji uda\u0142o mi si\u0119&nbsp;nagra\u0107, wiele bezpowrotnie przepad\u0142o \u2013 m\u00f3wi Waldemar Czechowski.<\/p>\n\n\n\n<p>Czechowski by\u0142&nbsp;te\u017c&nbsp;jego pierwszym wydawc\u0105. Sam przygotowywa\u0142&nbsp;niewielkie tomiki z poezj\u0105&nbsp;i rysunkami Suryna i rozdawa\u0142&nbsp;je przyjacio\u0142om. Dzi\u0119ki Waldkowi powsta\u0142o te\u017c&nbsp;nagranie, na kt\u00f3rym Andrzej czyta swoje wiersze i zapiski z notes\u00f3w.To nagranie jest pi\u0119knie zilustrowane podk\u0142adem muzycznym i utworem Stanis\u0142awa Sojki do s\u0142\u00f3w Suryna \u201eA ty serce&nbsp;\u015bwie\u0107\u201d. Wydano je jako p\u0142yt\u0119&nbsp;CD pod tytu\u0142em \u201eCollage Image\u201d P\u0142yta zosta\u0142a do\u0142\u0105czona do wydanego ju\u017c&nbsp;po&nbsp;\u015bmierci Andrzeja tomiku \u201e\u015awiat\u0142o\u201d.<\/p>\n\n\n\n<p>Waldek w umiej\u0119tny spos\u00f3b zdopingowa\u0142&nbsp;Andrzeja, by ten co\u015b&nbsp;ze swoim talentem zrobi\u0142. W jego mieszkaniu na&nbsp;\u0142\u00f3dzkim Widzewie Andrzej stawa\u0142&nbsp;si\u0119 \u015bwiadomym, zdeklarowanym poet\u0105. Dzi\u0119ki Waldkowi pozna\u0142&nbsp;te\u017c&nbsp;Jana Rylke i&nbsp;\u015brodowisko tw\u00f3rc\u00f3w zwi\u0105zanych z warszawskim Ursynowem. Potem razem je\u017adzili na Warmi\u0119.<\/p>\n\n\n\n<p>W latach osiemdziesi\u0105tych niemal co roku w okolicach jedenastego listopada Jan Rylke organizowa\u0142&nbsp;w swojej pracowni na warszawskim Ursynowie wystawy sztuki niezale\u017cnej. Na pocz\u0105tku do udzia\u0142u w wystawach zaprasza\u0142&nbsp;g\u0142\u00f3wnie swoich przyjaci\u00f3\u0142&nbsp;artyst\u00f3w, potem kr\u0105g poszerza\u0142&nbsp;si\u0119&nbsp;o znajomych znajomych, a domowa galeria by\u0142a otwarta r\u00f3wnie\u017c&nbsp;dla odwiedzaj\u0105cych. Kt\u00f3rego\u015b&nbsp;roku pojawi\u0142&nbsp;si\u0119&nbsp;na Ursynowie Suryn z Czechowskim, przyjechali jako arty\u015bci reprezentuj\u0105cy&nbsp;\u0141\u00f3d\u017a. Potem bywali tu jeszcze wielokrotnie.<\/p>\n\n\n\n<p>\u2013 Suryn robi\u0142&nbsp;proste rysunki na kartonie lub wypisywa\u0142&nbsp;has\u0142a w stylu zen, odnosz\u0105ce si\u0119&nbsp;do&nbsp;\u015bwiadomo\u015bci, jak \u201eTeraz jest teraz\u201d, czy \u201eJeste\u015b&nbsp;tutaj\u201d. Poeci, kt\u00f3rzy uczestniczyli w naszych dzia\u0142aniach, np. Andrzej Szklarz \u201eIndianin\u201d czy Wojciech \u201eTarzan\u201d Michalewski, wywodzili si\u0119&nbsp;cz\u0119sto z kr\u0119g\u00f3w hipisowsko-alkoholowych. Andrzej by\u0142&nbsp;inny \u2013 kulturalny, elegancki, wytworny \u2013 wspomina Jan Rylke.<\/p>\n\n\n\n<p>\u2013 Ludzie pojawiali si\u0119\u00a0w naszych kr\u0119gach z r\u00f3\u017cnych powod\u00f3w. Nie zawsze byli to arty\u015bci. Niekt\u00f3rzy trafiali do nas troch\u0119\u00a0przypadkowo, a dobry historyczny moment pozwala\u0142\u00a0im na chwil\u0119\u00a0by\u0107\u00a0artystami \u2013 wspomina Janusz Ducki. To by\u0142y czasy oko\u0142o stanu wojennego, wi\u0119c odpowiednia postawa polityczna robi\u0142a z niekt\u00f3rych chwilowych artyst\u00f3w. Gdy moment napi\u0119cia min\u0105\u0142\u00a0takie osoby do sztuki ju\u017c\u00a0nie wraca\u0142y. W przypadku Andrzeja by\u0142o inaczej, on by\u0142\u00a0tw\u00f3rc\u0105\u00a0ca\u0142y czas, bez\u017cadnego wysi\u0142ku, bez g\u0142\u00f3wkowania. Sytuacja polityczna nie mia\u0142a tu nic do rzeczy, bez tego kontekstu te\u017c\u00a0by\u0142by artyst\u0105. Jego\u00a0\u017cycie nie by\u0142o oddzielne od sztuki. On z\u0142apa\u0142\u00a0t\u0105\u00a0jedno\u015b\u0107. Nie zna\u0142em wielu takich ludzi.<\/p>\n\n\n\n<p class=\"has-text-align-right\"><a href=\"http:\/\/suryn.pl\/index.php\/strona-26-i-27\/\" data-type=\"URL\" data-id=\"http:\/\/suryn.pl\/index.php\/strona-26-i-27\/\">Poprzednia<\/a>&nbsp; <a href=\"http:\/\/suryn.pl\/index.php\/strona-30-i-31\/\" data-type=\"URL\" data-id=\"http:\/\/suryn.pl\/index.php\/strona-30-i-31\/\">Nast\u0119pna<\/a><\/p>\n","protected":false},"excerpt":{"rendered":"<p>&#8211; D\u0142ugo nie wiedzia\u0142em,\u00a0\u017ce on pisze, to znaczy nie zauwa\u017cy\u0142em,\u00a0\u017ceby pisanie traktowa\u0142\u00a0powa\u017cnie. By\u0142\u00a0dla mnie poet\u0105\u00a0w sensie zachowania \u2013 wspomina Andrzej R\u00f3\u017cycki. Wymy\u015bla\u0142\u00a0na bie\u017c\u0105co pi\u0119kne zwroty, kt\u00f3rymi zachwyca\u0142\u00a0wi\u0119kszo\u015b\u0107\u00a0ludzi pracuj\u0105cych wtedy z nami przy realizacji filmowej. Nie widzia\u0142em jednak,\u00a0\u017ceby swoje poezje zapisywa\u0142,\u00a0\u017ceby my\u015bla\u0142\u00a0nad wierszem i przelewa\u0142\u00a0te my\u015bli na papier. Niczego co wymy\u015bli\u0142\u00a0nie notowa\u0142. Po prostu m\u00f3wi\u0142, okrasza\u0142\u00a0pi\u0119knym s\u0142owem sytuacj\u0119, kt\u00f3ra si\u0119\u00a0stwarza\u0142a. Reagowa\u0142\u00a0szybko &#8230;<\/p>\n","protected":false},"author":1,"featured_media":0,"parent":0,"menu_order":0,"comment_status":"closed","ping_status":"closed","template":"","meta":{"footnotes":""},"class_list":["post-328","page","type-page","status-publish","hentry"],"_links":{"self":[{"href":"http:\/\/suryn.pl\/index.php\/wp-json\/wp\/v2\/pages\/328","targetHints":{"allow":["GET"]}}],"collection":[{"href":"http:\/\/suryn.pl\/index.php\/wp-json\/wp\/v2\/pages"}],"about":[{"href":"http:\/\/suryn.pl\/index.php\/wp-json\/wp\/v2\/types\/page"}],"author":[{"embeddable":true,"href":"http:\/\/suryn.pl\/index.php\/wp-json\/wp\/v2\/users\/1"}],"replies":[{"embeddable":true,"href":"http:\/\/suryn.pl\/index.php\/wp-json\/wp\/v2\/comments?post=328"}],"version-history":[{"count":3,"href":"http:\/\/suryn.pl\/index.php\/wp-json\/wp\/v2\/pages\/328\/revisions"}],"predecessor-version":[{"id":1113,"href":"http:\/\/suryn.pl\/index.php\/wp-json\/wp\/v2\/pages\/328\/revisions\/1113"}],"wp:attachment":[{"href":"http:\/\/suryn.pl\/index.php\/wp-json\/wp\/v2\/media?parent=328"}],"curies":[{"name":"wp","href":"https:\/\/api.w.org\/{rel}","templated":true}]}}