{"id":322,"date":"2021-05-18T19:21:33","date_gmt":"2021-05-18T17:21:33","guid":{"rendered":"http:\/\/suryn.pl\/?page_id=322"},"modified":"2021-05-20T17:45:17","modified_gmt":"2021-05-20T15:45:17","slug":"strona-22-i-23","status":"publish","type":"page","link":"http:\/\/suryn.pl\/index.php\/strona-22-i-23\/","title":{"rendered":"Strona 22 i 23"},"content":{"rendered":"\n<p>Na jednym z plener\u00f3w Janiak wymy\u015bli\u0142&nbsp;performance odnosz\u0105cy si\u0119&nbsp;do przypadkowo\u015bci komunikacji spo\u0142ecznej. Przygotowa\u0142&nbsp;przem\u00f3wienie na temat porozumienia mi\u0119dzy lud\u017ami, by pokaza\u0107,&nbsp;\u017ce nieasymilowanie pewnych zjawisk wynika tylko z nieznajomo\u015bci tych zjawisk. Chcia\u0142&nbsp;udowodni\u0107,&nbsp;\u017ce gdy Polak czego\u015b&nbsp;nie zna, od razu uznaje,&nbsp;\u017ce to jest niedobre.<\/p>\n\n\n\n<p>Performance polega\u0142&nbsp;na tym,&nbsp;\u017ce siedz\u0105ca w jednym miejscu publiczno\u015b\u0107&nbsp;s\u0142ucha\u0142a wyk\u0142adu. Potem wyk\u0142adowca wsiad\u0142&nbsp;na rower i kontynuowa\u0142&nbsp;je\u017cd\u017c\u0105c dooko\u0142a. Do odbiorc\u00f3w \u2013 zgodnie z za\u0142o\u017ceniem \u2013 dociera\u0142a tylko cz\u0119\u015b\u0107&nbsp;komunikatu, cho\u0107&nbsp;tekst by\u0142&nbsp;sp\u00f3jny i sensowny. I wtedy w\u0142\u0105czy\u0142&nbsp;si\u0119&nbsp;Suryn \u2013 wzi\u0105\u0142&nbsp;magnetofon turystyczny, zacz\u0105\u0142&nbsp;chodzi\u0107&nbsp;za Janiakiem i nagrywa\u0107, a potem, przy obiedzie odtworzy\u0142&nbsp;wyk\u0142ad, psuj\u0105c ca\u0142e zamierzenie autora.<\/p>\n\n\n\n<p>Te dzia\u0142ania&nbsp;\u0142\u00f3dzkiego&nbsp;\u015brodowiska artyst\u00f3w, mimo&nbsp;\u017ce cz\u0119sto wygl\u0105da\u0142y niepowa\u017cnie, zaowocowa\u0142y jednak konkretnymi rzeczami takiej wagi jak pismo&nbsp;<em>Tango&nbsp;<\/em>czy festiwal film\u00f3w autorskich&nbsp;<em>Nieme kino.&nbsp;<\/em>Na Strychu przeprowadzono niezliczone istotne dla sztuki rozmowy, powsta\u0142y zjawiska, kt\u00f3re na dobre wpisa\u0142y si\u0119&nbsp;w dzieje polskiej kultury. Atmosfera wyzwala\u0142a tw\u00f3rcz\u0105&nbsp;ekspresj\u0119. W&nbsp;\u0141odzi Andrzej dzia\u0142a\u0142&nbsp;zgodnie z duchem czasu, ale te\u017c&nbsp;zupe\u0142nie w swoim stylu \u2013 efemerycznym i lekkim. Do&nbsp;<em>Tanga&nbsp;<\/em>dok\u0142ada\u0142&nbsp;zwykle kr\u00f3tkie sentencje ponaglany czasem pisemnie przez czuwaj\u0105c\u0105&nbsp;nad post\u0119pami prac Zofi\u0119 \u0141uczko. Nawet w takich dzia\u0142aniach musia\u0142&nbsp;czu\u0107&nbsp;op\u00f3r, gdy trzeba by\u0142o zrobi\u0107&nbsp;co\u015b&nbsp;na czas. W pi\u0105tym numerze&nbsp;<em>Tanga&nbsp;<\/em>zamie\u015bci\u0142&nbsp;tekst ku chwale beztroski pt. \u201eNiefrasobliwo\u015b\u0107\u201d.<\/p>\n\n\n\n<div style=\"height:65px\" aria-hidden=\"true\" class=\"wp-block-spacer\"><\/div>\n\n\n\n<pre class=\"wp-block-verse\" style=\"font-size:17px\"><strong>Niefrasobliwo\u015b\u0107<\/strong>\n\n<em>1. Wszelka niefrasobliwo\u015b\u0107&nbsp;pochodzi od wielkiej frasobliwo\u015bci, tak jak bia\u0142e z czarnego i dobro ze z\u0142a. Jest to boski zamys\u0142&nbsp;i nie ma co nad tym d\u0142u\u017cej g\u0142owy&nbsp;\u0142ama\u0107.\n2. Niefrasobliwo\u015b\u0107&nbsp;pojawia si\u0119&nbsp;wtedy, gdy presja frasobliwa jest nie do obj\u0119cia ludzk\u0105&nbsp;miar\u0105&nbsp;grozi wyja\u0142owieniem m\u00f3zgu (co za tym idzie pozbawieniem nas najbardziej ludzkiego ogl\u0105du rzeczywisto\u015bci).\n3. Niefrasobliwo\u015b\u0107&nbsp;jako terapia jest form\u0105&nbsp;o\u015bwiecenia, jest zrozumieniem istoty czasu przestrzeni i woli naszej tu i teraz, jest kosmicznym zdrowiem i w\u0142a\u015bciwo\u015bci\u0105&nbsp;szczeg\u00f3ln\u0105.\n4. Niefrasobliwo\u015b\u0107&nbsp;jako stan umys\u0142u lotnego, wybi\u00f3rczego, stan aktywno\u015bci selektywnej, to\njedyny w\u0142a\u015bciwy str\u00f3\u017c&nbsp;czystej formy i wzorowego gustu.\n5. Niefrasobliwo\u015b\u0107&nbsp;poparta powy\u017cszymi przymiotami mo\u017ce by\u0107&nbsp;jedynym godnym\ndysponentem naszych my\u015bli i czyn\u00f3w.<\/em>\n<\/pre>\n\n\n\n<div style=\"height:27px\" aria-hidden=\"true\" class=\"wp-block-spacer\"><\/div>\n\n\n\n<p><em>Geniusz jest bezinteresowny, dlatego ocalenie widz\u0119 w zabawie\u00a0&#8211;<\/em>\u00a0powiedzia\u0142 podczas jednej z\u00a0\u00a0dyskusji na temat Kultury Zrzuty<em>,\u00a0<\/em>a na wsp\u00f3lnym plakacie uczestnik\u00f3w pleneru w Teofilowie zostawi\u0142 has\u0142o:\u00a0<em>Nieustaj\u0105ca niefrasobliwo\u015b\u0107<\/em>.\u00a0\u00a0I tylko tak chcia\u0142 tworzy\u0107 &#8211; bezwysi\u0142kowo, rado\u015bnie, beztrosko i odwa\u017cnie.<\/p>\n\n\n\n<p class=\"has-text-align-right\"><a href=\"http:\/\/suryn.pl\/index.php\/strona-20-i-21\/\" data-type=\"URL\" data-id=\"http:\/\/suryn.pl\/index.php\/strona-20-i-21\/\">Poprzednia<\/a>&nbsp; <a href=\"http:\/\/suryn.pl\/index.php\/strona-24-i-25\/\" data-type=\"URL\" data-id=\"http:\/\/suryn.pl\/index.php\/strona-24-i-25\/\">Nast\u0119pna<\/a><\/p>\n\n\n\n<div style=\"height:100px\" aria-hidden=\"true\" class=\"wp-block-spacer\"><\/div>\n","protected":false},"excerpt":{"rendered":"<p>Na jednym z plener\u00f3w Janiak wymy\u015bli\u0142&nbsp;performance odnosz\u0105cy si\u0119&nbsp;do przypadkowo\u015bci komunikacji spo\u0142ecznej. Przygotowa\u0142&nbsp;przem\u00f3wienie na temat porozumienia mi\u0119dzy lud\u017ami, by pokaza\u0107,&nbsp;\u017ce nieasymilowanie pewnych zjawisk wynika tylko z nieznajomo\u015bci tych zjawisk. Chcia\u0142&nbsp;udowodni\u0107,&nbsp;\u017ce gdy Polak czego\u015b&nbsp;nie zna, od razu uznaje,&nbsp;\u017ce to jest niedobre. Performance polega\u0142&nbsp;na tym,&nbsp;\u017ce siedz\u0105ca w jednym miejscu publiczno\u015b\u0107&nbsp;s\u0142ucha\u0142a wyk\u0142adu. Potem wyk\u0142adowca wsiad\u0142&nbsp;na rower i kontynuowa\u0142&nbsp;je\u017cd\u017c\u0105c dooko\u0142a. Do odbiorc\u00f3w \u2013 zgodnie z &#8230;<\/p>\n","protected":false},"author":1,"featured_media":0,"parent":0,"menu_order":0,"comment_status":"closed","ping_status":"closed","template":"","meta":{"footnotes":""},"class_list":["post-322","page","type-page","status-publish","hentry"],"_links":{"self":[{"href":"http:\/\/suryn.pl\/index.php\/wp-json\/wp\/v2\/pages\/322","targetHints":{"allow":["GET"]}}],"collection":[{"href":"http:\/\/suryn.pl\/index.php\/wp-json\/wp\/v2\/pages"}],"about":[{"href":"http:\/\/suryn.pl\/index.php\/wp-json\/wp\/v2\/types\/page"}],"author":[{"embeddable":true,"href":"http:\/\/suryn.pl\/index.php\/wp-json\/wp\/v2\/users\/1"}],"replies":[{"embeddable":true,"href":"http:\/\/suryn.pl\/index.php\/wp-json\/wp\/v2\/comments?post=322"}],"version-history":[{"count":6,"href":"http:\/\/suryn.pl\/index.php\/wp-json\/wp\/v2\/pages\/322\/revisions"}],"predecessor-version":[{"id":1551,"href":"http:\/\/suryn.pl\/index.php\/wp-json\/wp\/v2\/pages\/322\/revisions\/1551"}],"wp:attachment":[{"href":"http:\/\/suryn.pl\/index.php\/wp-json\/wp\/v2\/media?parent=322"}],"curies":[{"name":"wp","href":"https:\/\/api.w.org\/{rel}","templated":true}]}}