{"id":313,"date":"2021-05-18T18:45:51","date_gmt":"2021-05-18T16:45:51","guid":{"rendered":"http:\/\/suryn.pl\/?page_id=313"},"modified":"2021-08-20T22:06:44","modified_gmt":"2021-08-20T20:06:44","slug":"strona-14-i-15","status":"publish","type":"page","link":"http:\/\/suryn.pl\/index.php\/strona-14-i-15\/","title":{"rendered":"Strona 14 i 15"},"content":{"rendered":"\n<p>Lata osiemdziesi\u0105ta, Go\u0142dap \u2013 senne miasteczko na ko\u0144cu&nbsp;\u015bwiata, p\u00f3\u0142nocno-wschodni skrawek Polski, g\u0142\u0119boka prowincja.<\/p>\n\n\n\n<p>\u2013 Wtedy to by\u0142o zadupie, rosyjska strefa przygraniczna, gdzie trzeba by\u0142o mie\u0107&nbsp;przepustki i meldowa\u0107&nbsp;si\u0119&nbsp;natychmiast po przyje\u017adzie \u2013 m\u00f3wi Darski. \u2013 Nic, tylko ucieka\u0107.<\/p>\n\n\n\n<p>S\u0142apik nie zamierza\u0142\u00a0ucieka\u0107, co wi\u0119cej zamierza\u0142\u00a0przyci\u0105gn\u0105\u0107\u00a0do Go\u0142dapi ciekawych ludzi. Jeszcze pod koniec lat siedemdziesi\u0105tych za\u0142o\u017cy\u0142\u00a0tam grup\u0119\u00a0tw\u00f3rcz\u0105\u00a0Dom Marka. Gromadzi\u0142\u00a0w niej r\u00f3\u017cnych tw\u00f3rc\u00f3w. Robili happeningi i akcje plastyczne. W 1982 r. zaprosi\u0142\u00a0do Domu Marka Suryna, Darskiego i Sobczaka, a zainteresowania Suryna i Darskiego przechyli\u0142y dzia\u0142ania grupy w stron\u0119\u00a0literatury. Darski wspomina to w ten spos\u00f3b:<\/p>\n\n\n\n<p>\u2013 Przyje\u017cd\u017cali\u015bmy razem do Go\u0142dapi, dyskutowali\u015bmy przy du\u017cych ilo\u015bciach alkoholu, kt\u00f3rego nigdy nie brakowa\u0142o, chocia\u017c&nbsp;w\u00f3wczas by\u0142&nbsp;na kartki, uczestniczyli\u015bmy w r\u00f3\u017cnych spotkaniach poetyckich, wystawach, wernisa\u017cach. Kolaborowali\u015bmy z suwalskim tygodnikiem Krajobrazy, kt\u00f3ry zamieszcza\u0142&nbsp;nasze wiersze.<\/p>\n\n\n\n<p>Jako Dom Marka organizowali wieczory autorskie, wyje\u017cd\u017cali do&nbsp;\u0141om\u017cy, Warszawy, Suwa\u0142k, w galeriach, domach kultury, a tak\u017ce w prywatnych mieszkaniach wieszali na&nbsp;\u015bcianach swoje wiersze i czytali je na g\u0142os. Z mniejsz\u0105&nbsp;lub wi\u0119ksz\u0105&nbsp;intensywno\u015bci\u0105&nbsp;dzia\u0142ali tak przez kilka lat. Dla Suryna, Darskiego i Sobczaka Dom Marka zrobi\u0142&nbsp;si\u0119&nbsp;jednak wkr\u00f3tce za ciasny. Uznali,&nbsp;\u017ce przedsi\u0119wzi\u0119cie ma lokalny i zamkni\u0119ty charakter, a oni maj\u0105&nbsp;ochot\u0119&nbsp;na wi\u0119cej. Wypisali si\u0119&nbsp;wi\u0119c z tego grona i z inicjatywy Darskiego za\u0142o\u017cyli \u2013 jak m\u00f3wi Darski \u2013 triumwirat tw\u00f3rczy o nazwie SDS (Suryn-Darski-Sobczak). SDS je\u017adzi\u0142&nbsp;po Polsce, czasem razem z innymi tw\u00f3rcami, na r\u00f3\u017cnego rodzaju spotkania z publiczno\u015bci\u0105. Bawili si\u0119&nbsp;tym,&nbsp;\u017ce s\u0105&nbsp;artystami, pisali manifesty, kt\u00f3re nie mia\u0142y nic wsp\u00f3lnego z ich rzeczywistymi artystycznymi d\u0105\u017ceniami.<\/p>\n\n\n\n<p>\u2013 To by\u0142a totalna zgrywa, a \u00f3wczesne powa\u017cne czasopisma literackie, takie jak Radar czy Gazeta M\u0142odych publikowa\u0142y te nasze radosne wyg\u0142upy \u2013 cieszy si\u0119&nbsp;Darski. Robili\u015bmy te\u017c&nbsp;wystawy, np. pod has\u0142em \u201eWolno\u015b\u0107&nbsp;dla Marsjan\u201d czy co\u015b&nbsp;w tym stylu, r\u00f3\u017cnego rodzaju prowokacje. Og\u00f3lnie&nbsp;\u015bwietnie si\u0119&nbsp;bawili\u015bmy.<\/p>\n\n\n\n<p>Zim\u0105&nbsp;84 r. grupa SDS wybra\u0142a si\u0119&nbsp;na zgrupowanie poet\u00f3w i literat\u00f3w do Jeleniewa niedaleko Suwa\u0142k. Nocowali w hotelu Szelment. Zima by\u0142a bez\u015bnie\u017cna, a Andrzej mia\u0142&nbsp;wielk\u0105&nbsp;ochot\u0119&nbsp;poje\u017adzi\u0107&nbsp;na nartach. Nie zrazi\u0142&nbsp;si\u0119&nbsp;aur\u0105, wypo\u017cyczy\u0142&nbsp;narty i\u2026zjecha\u0142&nbsp;z hotelowych schod\u00f3w. W pokoju mieszkali we czw\u00f3rk\u0119, razem ze S\u0142awomirem Janowiczem, synem bia\u0142oruskiego pisarza Sokrata Janowicza. Suryn mia\u0142&nbsp;ze sob\u0105&nbsp;zachodnie markety i gdy po alkoholu by\u0142&nbsp;w dobrym humorze razem z Darskim przyozdobili boazeri\u0119&nbsp;poezj\u0105&nbsp;i rysunkami. Dyrekcja hotelu mia\u0142a potem do nich spore pretensje, zapowiedziano,&nbsp;\u017ce zostan\u0105&nbsp;obci\u0105\u017ceni kosztami remontu.<\/p>\n\n\n\n<p>\u2013 Nie zamierzali\u015bmy z Andrzejem si\u0119&nbsp;tym przejmowa\u0107. Nie pracowali\u015bmy przecie\u017c, wi\u0119c wiedzieli\u015bmy,&nbsp;\u017ce&nbsp;\u017cadnych pieni\u0119dzy nie da si\u0119&nbsp;z nas&nbsp;\u015bci\u0105gn\u0105\u0107. Czyszczenie&nbsp;\u015bcian te\u017c&nbsp;nie wchodzi\u0142o w gr\u0119, bo straszne z nas by\u0142y lenie. Sprawa sko\u0144czy\u0142a si\u0119&nbsp;tak,&nbsp;\u017ce my\u015bmy wyjechali, a Janowicz i Sobczak zostali, by posprz\u0105ta\u0107. Nie przy\u0142o\u017cyli\u015bmy r\u0119ki do dewastacji naszego dzie\u0142a \u2013 m\u00f3wi Darski.<\/p>\n\n\n\n<p>SDS zacz\u0105\u0142&nbsp;wkr\u00f3tce wydawa\u0107&nbsp;w\u0142asny biuletyn. W latach 1984 -1988 powsta\u0142o jedena\u015bcie numer\u00f3w pisma, powielanego na kserografie w nak\u0142adzie 100 egzemplarzy i kolportowanego w\u015br\u00f3d znajomych. Pierwszy numer sfinansowa\u0142&nbsp;Darski. Kolejne Sobczak. Biuletyn by\u0142&nbsp;te\u017c&nbsp;wydawany za po\u017cyczone pieni\u0105dze. Ukazywa\u0142y si\u0119&nbsp;w nim wiersze cz\u0142onk\u00f3w grypy i innych zaprzyja\u017anionych poet\u00f3w. Opraw\u0119&nbsp;graficzn\u0105&nbsp;robi\u0142&nbsp;Marek Sobczak. Andrzej raczej nie m\u00f3g\u0142&nbsp;si\u0119&nbsp;do tego finansowo do\u0142o\u017cy\u0107, a poniewa\u017c&nbsp;by\u0142&nbsp;w\u0142\u00f3cz\u0119g\u0105&nbsp;i nie bardzo by\u0142o wiadomo, gdzie akurat przebywa, nie uczestniczy\u0142&nbsp;te\u017c&nbsp;bezpo\u015brednio w pracach nad powstawaniem pisma. Przysy\u0142a\u0142&nbsp;listami swoje wiersze, czasem z w\u0142asnej woli, czasem ponaglany przez koleg\u00f3w. Nie by\u0142&nbsp;w tym zbyt rzetelny, bo jego utwor\u00f3w nie ma w kilku wydaniach. Wiersz \u201eOto\u201d pochodzi z numeru opatrzonego tytu\u0142em \u201ePie\u015bni z mi\u0142o\u015bci i&nbsp;\u015bmierci\u201d, wydanego latem 1984.<\/p>\n\n\n\n<p class=\"has-text-align-right\"><a href=\"http:\/\/suryn.pl\/index.php\/strona-12-i-13\/\" data-type=\"URL\" data-id=\"http:\/\/suryn.pl\/index.php\/strona-12-i-13\/\">Poprzednia<\/a>&nbsp; <a href=\"http:\/\/suryn.pl\/index.php\/strona-16-i-17\/\" data-type=\"URL\" data-id=\"http:\/\/suryn.pl\/index.php\/strona-16-i-17\/\">Nast\u0119pna<\/a><\/p>\n","protected":false},"excerpt":{"rendered":"<p>Lata osiemdziesi\u0105ta, Go\u0142dap \u2013 senne miasteczko na ko\u0144cu&nbsp;\u015bwiata, p\u00f3\u0142nocno-wschodni skrawek Polski, g\u0142\u0119boka prowincja. \u2013 Wtedy to by\u0142o zadupie, rosyjska strefa przygraniczna, gdzie trzeba by\u0142o mie\u0107&nbsp;przepustki i meldowa\u0107&nbsp;si\u0119&nbsp;natychmiast po przyje\u017adzie \u2013 m\u00f3wi Darski. \u2013 Nic, tylko ucieka\u0107. S\u0142apik nie zamierza\u0142\u00a0ucieka\u0107, co wi\u0119cej zamierza\u0142\u00a0przyci\u0105gn\u0105\u0107\u00a0do Go\u0142dapi ciekawych ludzi. Jeszcze pod koniec lat siedemdziesi\u0105tych za\u0142o\u017cy\u0142\u00a0tam grup\u0119\u00a0tw\u00f3rcz\u0105\u00a0Dom Marka. Gromadzi\u0142\u00a0w niej r\u00f3\u017cnych tw\u00f3rc\u00f3w. Robili happeningi i &#8230;<\/p>\n","protected":false},"author":1,"featured_media":0,"parent":0,"menu_order":0,"comment_status":"closed","ping_status":"closed","template":"","meta":{"footnotes":""},"class_list":["post-313","page","type-page","status-publish","hentry"],"_links":{"self":[{"href":"http:\/\/suryn.pl\/index.php\/wp-json\/wp\/v2\/pages\/313","targetHints":{"allow":["GET"]}}],"collection":[{"href":"http:\/\/suryn.pl\/index.php\/wp-json\/wp\/v2\/pages"}],"about":[{"href":"http:\/\/suryn.pl\/index.php\/wp-json\/wp\/v2\/types\/page"}],"author":[{"embeddable":true,"href":"http:\/\/suryn.pl\/index.php\/wp-json\/wp\/v2\/users\/1"}],"replies":[{"embeddable":true,"href":"http:\/\/suryn.pl\/index.php\/wp-json\/wp\/v2\/comments?post=313"}],"version-history":[{"count":10,"href":"http:\/\/suryn.pl\/index.php\/wp-json\/wp\/v2\/pages\/313\/revisions"}],"predecessor-version":[{"id":1641,"href":"http:\/\/suryn.pl\/index.php\/wp-json\/wp\/v2\/pages\/313\/revisions\/1641"}],"wp:attachment":[{"href":"http:\/\/suryn.pl\/index.php\/wp-json\/wp\/v2\/media?parent=313"}],"curies":[{"name":"wp","href":"https:\/\/api.w.org\/{rel}","templated":true}]}}