{"id":311,"date":"2021-05-18T18:44:10","date_gmt":"2021-05-18T16:44:10","guid":{"rendered":"http:\/\/suryn.pl\/?page_id=311"},"modified":"2021-05-19T14:13:24","modified_gmt":"2021-05-19T12:13:24","slug":"strona-12-i-13","status":"publish","type":"page","link":"http:\/\/suryn.pl\/index.php\/strona-12-i-13\/","title":{"rendered":"Strona 12 i 13"},"content":{"rendered":"\n<p>Z Andrzejem to by\u0142a przyjemno\u015b\u0107, z Markiem wysi\u0142ek \u2013 wspomina Darski. \u2013 Andrzej zorientowa\u0142&nbsp;si\u0119&nbsp;szybko,&nbsp;\u017ce Marek nie dzia\u0142a na tej samej fali. Siedzieli\u015bmy kiedy\u015b&nbsp;we tr\u00f3jk\u0119&nbsp;przy kawiarnianym stoliku, co\u015b&nbsp;pili\u015bmy i komponowali\u015bmy wiersze. Andrzej powiedzia\u0142&nbsp;wers, ja doda\u0142em sw\u00f3j, a potem Marek. To co doda\u0142&nbsp;nie bardzo nam si\u0119&nbsp;spodoba\u0142o. Ty, czeladniku, zapisuj, a nie gadaj, powiedzia\u0142&nbsp;wtedy Andrzej. Marek poczu\u0142&nbsp;si\u0119&nbsp;ura\u017cony. Powoli powstawa\u0142&nbsp;antagonizm mi\u0119dzy nimi. Dla Suryna by\u0142&nbsp;to rodzaj zabawy. Marek mocno to prze\u017cywa\u0142. By\u0142&nbsp;od nas m\u0142odszy i bardziej ambitny, by\u0107&nbsp;mo\u017ce dlatego gorzej si\u0119&nbsp;rozumieli\u015bmy.<\/p>\n\n\n\n<p>Marka Sobczaka interesowa\u0142y bardziej sztuki plastyczne. Zilustrowa\u0142&nbsp;potem&nbsp;<em>Collage image&nbsp;<\/em>znakomit\u0105&nbsp;grafik\u0105.<\/p>\n\n\n\n<p>\u2013&nbsp;Te surrealistyczne teksty na pocz\u0105tku zupe\u0142nie do mnie nie trafia\u0142y. Odrzuci\u0142em je. Wr\u00f3ci\u0142em do nich dopiero po pewnym czasie i po kolejnym czytaniu zrozumia\u0142em,&nbsp;\u017ce to jest co\u015b&nbsp;fantastycznego \u2013 m\u00f3wi autor grafiki.<\/p>\n\n\n\n<p>Po 87 roku, gdy Darski pracowa\u0142&nbsp;w Warszawie w tygodniku \u201eSolidarno\u015b\u0107\u201d<em>,&nbsp;<\/em>a Andrzej na Ursynowie w o\u015brodku psychologicznym, wr\u00f3cili do wsp\u00f3lnego pisania poezji tak jak wcze\u015bniej w W\u0119gorzewie. Powsta\u0142y kolejne poetyckie kola\u017ce, bardziej zwarte, kr\u00f3tsze, chyba nawet bardziej sp\u00f3jne \u2013 m\u00f3wi Darski. Te wiersze kr\u0105\u017cy\u0142y tylko w\u015br\u00f3d przyjaci\u00f3\u0142&nbsp;i nigdy nie trafi\u0142y do szerszej publiczno\u015bci.<\/p>\n\n\n\n<p>Pink Floyd. I jaka jeszcze muzyka porusza\u0142a ich emocje?<\/p>\n\n\n\n<p>\u2013 Tego lata w W\u0119gorzewie s\u0142uchali\u015bmy g\u0142\u00f3wnie \u201eSongs from the Wood\u201d Jetro Tull. Andrzej gdzie\u015b&nbsp;dorwa\u0142&nbsp;t\u0119&nbsp;p\u0142yt\u0119&nbsp;i nie rozstawali\u015bmy si\u0119&nbsp;z ni\u0105. By\u0142y te\u017c&nbsp;wiersze inspirowane muzyk\u0105&nbsp;Roxy Music, zachwyca\u0142&nbsp;nas g\u0142\u00f3wnie utw\u00f3r \u201eA Song for Europe\u201d z p\u0142yty Stranded. Na kanwie tego utworu powsta\u0142&nbsp;wiersz \u201eCollage dla Europy\u201d. By\u0142&nbsp;on wyrazem naszej t\u0119sknoty za starym duchem kontynentu, bo wtedy, gdy granice by\u0142y zamkni\u0119te, nikt nawet nie przewidywa\u0142,&nbsp;\u017ce b\u0119dziemy kiedy\u015b&nbsp;w zjednoczonej Europie. A my marzyli\u015bmy&nbsp;\u017ceby si\u0119&nbsp;przemieszcza\u0107,&nbsp;\u017ceby odwiedza\u0107&nbsp;europejskie galerie i muzea, kupowa\u0107&nbsp;najnowsze p\u0142yty,&nbsp;\u017ceby poczu\u0107&nbsp;inny&nbsp;\u015bwiat. Nie by\u0142o wtedy na to&nbsp;\u017cadnych szans, tworzenie,&nbsp;\u017cycie imaginacj\u0105&nbsp;by\u0142o ucieczk\u0105&nbsp;od tej szarej rzeczywisto\u015bci. Nie mog\u0119&nbsp;jednak powiedzie\u0107,&nbsp;\u017ce re\u017cim systemu nas w jakikolwiek spos\u00f3b zniewala\u0142.&nbsp;\u017baden system nie by\u0142&nbsp;w stanie nas zniewoli\u0107, poniewa\u017c&nbsp;bardziej byli\u015bmy zainteresowani&nbsp;\u017cyciem politycznym i spo\u0142ecznym trzmieli lub kijanek, ni\u017c&nbsp;ludzkim \u2013 wspomina Darski.<\/p>\n\n\n\n<p>\u2013&nbsp;Pu\u015bci\u0142em kiedy\u015b&nbsp;Andrzejowi p\u0142yt\u0119&nbsp;Laurie Anderson, a on nosem kr\u0119ci\u0142. Jednak gdyby Darski odkry\u0142&nbsp;t\u0119&nbsp;sam\u0105&nbsp;p\u0142yt\u0119, Andrzej uzna\u0142by,&nbsp;\u017ce to najlepsza muzyka na&nbsp;\u015bwiecie \u2013 przypomina sobie Marek Sobczak.<\/p>\n\n\n\n<p>No tak. Laurie nie. Przynajmniej nie teraz. Za to ze Stanis\u0142awem P\u0142awskim s\u0142ucha\u0142&nbsp;nami\u0119tnie muzyki klasycznej i jazzu.<\/p>\n\n\n\n<p>\u2013 S\u0142uchali\u015bmy z kaset odtwarzanych na bardzo kiepskim sprz\u0119cie. Ja mam dobre ucho i dzi\u015b&nbsp;nie wyobra\u017cam sobie takiego traktowania muzyki, ale wtedy nie mieli\u015bmy dost\u0119pu do nagra\u0144&nbsp;dobrej jako\u015bci. Nie mia\u0142o to jednak znaczenia, chodzi\u0142o o ducha, kt\u00f3ry przemawia\u0142&nbsp;do nas z tych d\u017awi\u0119k\u00f3w. Pilnie&nbsp;\u015bledzili\u015bmy i&nbsp;\u0142owili\u015bmy to, co w muzyce by\u0142o dla nas najwa\u017cniejsze \u2013 wspomina P\u0142awski, kt\u00f3ry ju\u017c&nbsp;par\u0119&nbsp;lat p\u00f3\u017aniej m\u00f3g\u0142&nbsp;si\u0119&nbsp;cieszy\u0107&nbsp;porz\u0105dnym sprz\u0119tem, jak na melomana przysta\u0142o.<\/p>\n\n\n\n<p class=\"has-text-align-right\"><a href=\"http:\/\/suryn.pl\/index.php\/strona-10-i-11\/\" data-type=\"URL\" data-id=\"http:\/\/suryn.pl\/index.php\/strona-10-i-11\/\">Poprzednia<\/a>\u00a0 <a href=\"http:\/\/suryn.pl\/index.php\/strona-14-i-15\/\" data-type=\"URL\" data-id=\"http:\/\/suryn.pl\/index.php\/strona-14-i-15\/\">Nast\u0119pna<\/a><\/p>\n","protected":false},"excerpt":{"rendered":"<p>Z Andrzejem to by\u0142a przyjemno\u015b\u0107, z Markiem wysi\u0142ek \u2013 wspomina Darski. \u2013 Andrzej zorientowa\u0142&nbsp;si\u0119&nbsp;szybko,&nbsp;\u017ce Marek nie dzia\u0142a na tej samej fali. Siedzieli\u015bmy kiedy\u015b&nbsp;we tr\u00f3jk\u0119&nbsp;przy kawiarnianym stoliku, co\u015b&nbsp;pili\u015bmy i komponowali\u015bmy wiersze. Andrzej powiedzia\u0142&nbsp;wers, ja doda\u0142em sw\u00f3j, a potem Marek. To co doda\u0142&nbsp;nie bardzo nam si\u0119&nbsp;spodoba\u0142o. Ty, czeladniku, zapisuj, a nie gadaj, powiedzia\u0142&nbsp;wtedy Andrzej. Marek poczu\u0142&nbsp;si\u0119&nbsp;ura\u017cony. Powoli powstawa\u0142&nbsp;antagonizm mi\u0119dzy nimi. Dla Suryna &#8230;<\/p>\n","protected":false},"author":1,"featured_media":0,"parent":0,"menu_order":0,"comment_status":"closed","ping_status":"closed","template":"","meta":{"footnotes":""},"class_list":["post-311","page","type-page","status-publish","hentry"],"_links":{"self":[{"href":"http:\/\/suryn.pl\/index.php\/wp-json\/wp\/v2\/pages\/311","targetHints":{"allow":["GET"]}}],"collection":[{"href":"http:\/\/suryn.pl\/index.php\/wp-json\/wp\/v2\/pages"}],"about":[{"href":"http:\/\/suryn.pl\/index.php\/wp-json\/wp\/v2\/types\/page"}],"author":[{"embeddable":true,"href":"http:\/\/suryn.pl\/index.php\/wp-json\/wp\/v2\/users\/1"}],"replies":[{"embeddable":true,"href":"http:\/\/suryn.pl\/index.php\/wp-json\/wp\/v2\/comments?post=311"}],"version-history":[{"count":2,"href":"http:\/\/suryn.pl\/index.php\/wp-json\/wp\/v2\/pages\/311\/revisions"}],"predecessor-version":[{"id":742,"href":"http:\/\/suryn.pl\/index.php\/wp-json\/wp\/v2\/pages\/311\/revisions\/742"}],"wp:attachment":[{"href":"http:\/\/suryn.pl\/index.php\/wp-json\/wp\/v2\/media?parent=311"}],"curies":[{"name":"wp","href":"https:\/\/api.w.org\/{rel}","templated":true}]}}