{"id":308,"date":"2021-05-18T18:42:18","date_gmt":"2021-05-18T16:42:18","guid":{"rendered":"http:\/\/suryn.pl\/?page_id=308"},"modified":"2026-04-10T19:41:04","modified_gmt":"2026-04-10T17:41:04","slug":"strona-10-i-11","status":"publish","type":"page","link":"http:\/\/suryn.pl\/index.php\/strona-10-i-11\/","title":{"rendered":"Strona 10 i 11"},"content":{"rendered":"\n<p><strong><span style=\"color:#c04e6a\" class=\"has-inline-color\">Nieustaj\u0105ca niefrasobliwo\u015b\u0107<\/span><\/strong><\/p>\n\n\n\n<p>Zaraz po\u00a0\u015ar\u00f3dborowie pojecha\u0142\u00a0z Darskim do W\u0119gorzewa, bo tamtejszy dom kultury zaprosi\u0142\u00a0ich na warsztaty artystyczne. Mieli poprowadzi\u0107\u00a0cz\u0119\u015b\u0107\u00a0literack\u0105. Cho\u0107\u00a0wcze\u015bniej ju\u017c\u00a0si\u0119\u00a0znali, dopiero teraz odkryli,\u00a0\u017ce dzia\u0142aj\u0105\u00a0na siebie inspiruj\u0105co. Organizatorzy musieli potem\u00a0\u017ca\u0142owa\u0107\u00a0swojego pomys\u0142u, poniewa\u017c\u00a0instruktorom szybko znudzi\u0142o si\u0119\u00a0pe\u0142nienie obowi\u0105zk\u00f3w, poetyzowanie z natchnion\u0105\u00a0m\u0142odzie\u017c\u0105\u00a0oraz dziwnymi lud\u017ami w r\u00f3\u017cnym wieku i r\u00f3\u017cnej proweniencji. Uznali,\u00a0\u017ce najcenniejszy czas, to czas sp\u0119dzony razem i\u2026 znikn\u0119li. Kr\u0105\u017cyli po W\u0119gorzewie, Gi\u017cycku i okolicach, wypo\u017cyczali rowery, by wyprawi\u0107\u00a0si\u0119\u00a0nad kana\u0142\u00a0Mazurski, do Sztynortu i w inne pi\u0119kne miejsca. Postanowili te\u017c\u00a0wsp\u00f3lnie pisa\u0107\u00a0wiersze. Ka\u017cdy kre\u015bli\u0142\u00a0po jednym wersie na przemian, nie widz\u0105c tego, co napisa\u0142\u00a0poprzednik. Zacz\u0119\u0142o im wychodzi\u0107. Uznali,\u00a0\u017ce warto po\u015bwi\u0119ci\u0107\u00a0tej metodzie wi\u0119cej czasu. Powsta\u0142\u00a0cykl oko\u0142o dziesi\u0119ciu utwor\u00f3w, kt\u00f3re z\u0142o\u017cy\u0142y si\u0119\u00a0na tomik\u00a0<em>Collage image.\u00a0<\/em>Tematem tamtych wierszy by\u0142a najcz\u0119\u015bciej muzyka. Jaka muzyka porusza\u0142a ich emocje?<\/p>\n\n\n\n<p>Mog\u0142o to wygl\u0105da\u0107&nbsp;na przyk\u0142ad tak. Le\u017celi na trawie w cieniu wierzby, przygl\u0105dali si\u0119 \u0142agodnej tafli jeziora i z kiepskiego magnetofonu s\u0142uchali Pink Floyd. Ton\u0119li w tym widoku, ton\u0119li w muzyce, a w ich g\u0142owie powstawa\u0142y obrazy. W wierszu&nbsp;<em>Bud\u017a&nbsp;Busz&nbsp;<\/em>zosta\u0142y zapisane takie:<\/p>\n\n\n\n<pre class=\"wp-block-verse\" style=\"font-size:17px\"><em>wa\u017cne jest wschodzi\u0107<\/em>\n<em>tak jak s\u0142onecznik lub \u0142agodny dym<\/em>\n<em>z g\u0142owy B\u0142a\u017ceja<\/em>\n(napisa\u0142 Darski, zgi\u0105\u0142 kartk\u0119, by zakry\u0107 tekst i poda\u0142 j\u0105 Surynowi)\n\n&nbsp;\n<em>a tu buszowanie budzik\u00f3w w mrowiskach<\/em>\n<em>a tu drrr...z wielu okien<\/em>\n<em>od witra\u017cy po k\u0119py passpalm \u2013 bud\u017a!<\/em>\n(przysz\u0142o do g\u0142owy Surynowi, bo w\u0142a\u015bnie us\u0142ysza\u0142 w nagraniu niepokoj\u0105cy d\u017awi\u0119k, kt\u00f3ry przypomina\u0142 budzik)\n&nbsp;\n<em>powsta\u0144 z \u0142\u0105k Grantchesteru przebudzonych<\/em>\n<em>przez Rogera Watersa<\/em>\n<em>na przestrza\u0142 i niepodobnie<\/em>\n(wszed\u0142 wokal, wi\u0119c Darski wspomnia\u0142 o Watersie)\n&nbsp;\n<em>gdzie \u015bniegi Kilimand\u017caro s\u0142u\u017c\u0105 porann\u0105 toalet\u0105<\/em>\n<em>Hemingway'owi i ostrym trawom kuj\u0105cym zwrotniki<\/em>\n<em>jeszcze jak lampart skacz\u0105c po s\u0142o\u0144cach sk\u00f3ry<\/em>\n(dodaje Suryn)\n&nbsp;\n<em>zagrajmy sygna\u0142 na rogu nosoro\u017cca a potem<\/em>\n<em>miody wilgotne li\u015bcie i czelu\u015bcie<\/em>\n<em>garde\u0142 goni\u0105ce powietrze<\/em>\n(odpowiada Darski)\n&nbsp;\n<em>poniewa\u017c rami\u0119 Piotra Hallet zosta\u0142o<\/em>\n<em>w paszczy lwa<\/em>\n(Suryn decyduje sko\u0144czy\u0107)<\/pre>\n\n\n\n<p>Pewnie na kartce nie wygl\u0105da\u0142o to tak dobrze, musieli wiersz troch\u0119&nbsp;poprawi\u0107, lekko przeredagowa\u0107, ale byli zadowoleni. To by\u0142o wsp\u00f3\u0142istnienie podobnych wra\u017cliwo\u015bci. Gdy razem pisali, wyzwala\u0142a si\u0119&nbsp;energia. Pr\u00f3bowali te\u017c&nbsp;wsp\u00f3lnego pisania z Sobczakiem, ale to ju\u017c&nbsp;nie dawa\u0142o im takiej rado\u015bci.<\/p>\n\n\n\n<p class=\"has-text-align-right\"><a href=\"http:\/\/suryn.pl\/index.php\/strona-8-i-9\/\" data-type=\"URL\" data-id=\"http:\/\/suryn.pl\/index.php\/strona-8-i-9\/\">Poprzednia&nbsp;<\/a> <a href=\"http:\/\/suryn.pl\/index.php\/strona-12-i-13\/\" data-type=\"URL\" data-id=\"http:\/\/suryn.pl\/index.php\/strona-12-i-13\/\">Nast\u0119pna<\/a><\/p>\n","protected":false},"excerpt":{"rendered":"<p>Nieustaj\u0105ca niefrasobliwo\u015b\u0107 Zaraz po\u00a0\u015ar\u00f3dborowie pojecha\u0142\u00a0z Darskim do W\u0119gorzewa, bo tamtejszy dom kultury zaprosi\u0142\u00a0ich na warsztaty artystyczne. Mieli poprowadzi\u0107\u00a0cz\u0119\u015b\u0107\u00a0literack\u0105. Cho\u0107\u00a0wcze\u015bniej ju\u017c\u00a0si\u0119\u00a0znali, dopiero teraz odkryli,\u00a0\u017ce dzia\u0142aj\u0105\u00a0na siebie inspiruj\u0105co. Organizatorzy musieli potem\u00a0\u017ca\u0142owa\u0107\u00a0swojego pomys\u0142u, poniewa\u017c\u00a0instruktorom szybko znudzi\u0142o si\u0119\u00a0pe\u0142nienie obowi\u0105zk\u00f3w, poetyzowanie z natchnion\u0105\u00a0m\u0142odzie\u017c\u0105\u00a0oraz dziwnymi lud\u017ami w r\u00f3\u017cnym wieku i r\u00f3\u017cnej proweniencji. Uznali,\u00a0\u017ce najcenniejszy czas, to czas sp\u0119dzony razem i\u2026 znikn\u0119li. Kr\u0105\u017cyli po W\u0119gorzewie, Gi\u017cycku i &#8230;<\/p>\n","protected":false},"author":1,"featured_media":0,"parent":0,"menu_order":0,"comment_status":"closed","ping_status":"closed","template":"","meta":{"footnotes":""},"class_list":["post-308","page","type-page","status-publish","hentry"],"_links":{"self":[{"href":"http:\/\/suryn.pl\/index.php\/wp-json\/wp\/v2\/pages\/308","targetHints":{"allow":["GET"]}}],"collection":[{"href":"http:\/\/suryn.pl\/index.php\/wp-json\/wp\/v2\/pages"}],"about":[{"href":"http:\/\/suryn.pl\/index.php\/wp-json\/wp\/v2\/types\/page"}],"author":[{"embeddable":true,"href":"http:\/\/suryn.pl\/index.php\/wp-json\/wp\/v2\/users\/1"}],"replies":[{"embeddable":true,"href":"http:\/\/suryn.pl\/index.php\/wp-json\/wp\/v2\/comments?post=308"}],"version-history":[{"count":11,"href":"http:\/\/suryn.pl\/index.php\/wp-json\/wp\/v2\/pages\/308\/revisions"}],"predecessor-version":[{"id":3263,"href":"http:\/\/suryn.pl\/index.php\/wp-json\/wp\/v2\/pages\/308\/revisions\/3263"}],"wp:attachment":[{"href":"http:\/\/suryn.pl\/index.php\/wp-json\/wp\/v2\/media?parent=308"}],"curies":[{"name":"wp","href":"https:\/\/api.w.org\/{rel}","templated":true}]}}