{"id":2978,"date":"2022-06-01T21:13:02","date_gmt":"2022-06-01T19:13:02","guid":{"rendered":"http:\/\/suryn.pl\/?page_id=2978"},"modified":"2022-06-01T21:13:03","modified_gmt":"2022-06-01T19:13:03","slug":"widzenie-niebo-krwawi-2","status":"publish","type":"page","link":"http:\/\/suryn.pl\/index.php\/widzenie-niebo-krwawi-2\/","title":{"rendered":"Widzenie (niebo krwawi)"},"content":{"rendered":"\n<p><\/p>\n\n\n\n<p>niebo krwawi<\/p>\n\n\n\n<p>zn\u00f3w Hammurabi prawa stanowi<\/p>\n\n\n\n<p>Lech, Czech i Rus&nbsp;<\/p>\n\n\n\n<p>id\u0105 przez r\u00f3wnin\u0119<\/p>\n\n\n\n<p>nios\u0105 zbrodni\u0119 i nadziej\u0119<\/p>\n\n\n\n<p>dnieje w polu i w sercu<\/p>\n\n\n\n<p>i tyle \u0142aski ile widzenia<\/p>\n\n\n\n<p>i tyle nowego&nbsp;<\/p>\n\n\n\n<p>ile przebaczenia<\/p>\n\n\n\n<p>amen<\/p>\n\n\n\n<div style=\"height:426px\" aria-hidden=\"true\" class=\"wp-block-spacer\"><\/div>\n\n\n\n<p class=\"has-text-align-right\"><a href=\"http:\/\/suryn.pl\/index.php\/wiersze-wszystkie\/\">Wszystkie wiersze<\/a><\/p>\n","protected":false},"excerpt":{"rendered":"<p>niebo krwawi zn\u00f3w Hammurabi prawa stanowi Lech, Czech i Rus&nbsp; id\u0105 przez r\u00f3wnin\u0119 nios\u0105 zbrodni\u0119 i nadziej\u0119 dnieje w polu i w sercu i tyle \u0142aski ile widzenia i tyle nowego&nbsp; ile przebaczenia amen Wszystkie wiersze<\/p>\n","protected":false},"author":1,"featured_media":0,"parent":0,"menu_order":0,"comment_status":"closed","ping_status":"closed","template":"","meta":{"footnotes":""},"class_list":["post-2978","page","type-page","status-publish","hentry"],"_links":{"self":[{"href":"http:\/\/suryn.pl\/index.php\/wp-json\/wp\/v2\/pages\/2978","targetHints":{"allow":["GET"]}}],"collection":[{"href":"http:\/\/suryn.pl\/index.php\/wp-json\/wp\/v2\/pages"}],"about":[{"href":"http:\/\/suryn.pl\/index.php\/wp-json\/wp\/v2\/types\/page"}],"author":[{"embeddable":true,"href":"http:\/\/suryn.pl\/index.php\/wp-json\/wp\/v2\/users\/1"}],"replies":[{"embeddable":true,"href":"http:\/\/suryn.pl\/index.php\/wp-json\/wp\/v2\/comments?post=2978"}],"version-history":[{"count":1,"href":"http:\/\/suryn.pl\/index.php\/wp-json\/wp\/v2\/pages\/2978\/revisions"}],"predecessor-version":[{"id":2979,"href":"http:\/\/suryn.pl\/index.php\/wp-json\/wp\/v2\/pages\/2978\/revisions\/2979"}],"wp:attachment":[{"href":"http:\/\/suryn.pl\/index.php\/wp-json\/wp\/v2\/media?parent=2978"}],"curies":[{"name":"wp","href":"https:\/\/api.w.org\/{rel}","templated":true}]}}