{"id":2974,"date":"2022-06-01T21:09:42","date_gmt":"2022-06-01T19:09:42","guid":{"rendered":"http:\/\/suryn.pl\/?page_id=2974"},"modified":"2022-06-02T11:35:46","modified_gmt":"2022-06-02T09:35:46","slug":"dla-ani-2","status":"publish","type":"page","link":"http:\/\/suryn.pl\/index.php\/dla-ani-2\/","title":{"rendered":"Dla Ani"},"content":{"rendered":"\n<p><\/p>\n\n\n\n<p>\u0142agodno\u015b\u0107 mieszka w twej d\u0142oni<\/p>\n\n\n\n<p>a ptak zachwytu w oczach<\/p>\n\n\n\n<p>s\u0142owa twe ko\u0142ysz\u0105<\/p>\n\n\n\n<p>a milczenie \u015bwieci<\/p>\n\n\n\n<p>pachniesz t\u0119sknot\u0105 wi\u0119ksz\u0105 ni\u017c \u015bwiat!<\/p>\n\n\n\n<div style=\"height:264px\" aria-hidden=\"true\" class=\"wp-block-spacer\"><\/div>\n\n\n\n<p class=\"has-text-align-right\"><a href=\"http:\/\/suryn.pl\/index.php\/wiersze-wszystkie\/\">Wszystkie wiersze<\/a><\/p>\n","protected":false},"excerpt":{"rendered":"<p>\u0142agodno\u015b\u0107 mieszka w twej d\u0142oni a ptak zachwytu w oczach s\u0142owa twe ko\u0142ysz\u0105 a milczenie \u015bwieci pachniesz t\u0119sknot\u0105 wi\u0119ksz\u0105 ni\u017c \u015bwiat! Wszystkie wiersze<\/p>\n","protected":false},"author":1,"featured_media":0,"parent":0,"menu_order":0,"comment_status":"closed","ping_status":"closed","template":"","meta":{"footnotes":""},"class_list":["post-2974","page","type-page","status-publish","hentry"],"_links":{"self":[{"href":"http:\/\/suryn.pl\/index.php\/wp-json\/wp\/v2\/pages\/2974","targetHints":{"allow":["GET"]}}],"collection":[{"href":"http:\/\/suryn.pl\/index.php\/wp-json\/wp\/v2\/pages"}],"about":[{"href":"http:\/\/suryn.pl\/index.php\/wp-json\/wp\/v2\/types\/page"}],"author":[{"embeddable":true,"href":"http:\/\/suryn.pl\/index.php\/wp-json\/wp\/v2\/users\/1"}],"replies":[{"embeddable":true,"href":"http:\/\/suryn.pl\/index.php\/wp-json\/wp\/v2\/comments?post=2974"}],"version-history":[{"count":2,"href":"http:\/\/suryn.pl\/index.php\/wp-json\/wp\/v2\/pages\/2974\/revisions"}],"predecessor-version":[{"id":2976,"href":"http:\/\/suryn.pl\/index.php\/wp-json\/wp\/v2\/pages\/2974\/revisions\/2976"}],"wp:attachment":[{"href":"http:\/\/suryn.pl\/index.php\/wp-json\/wp\/v2\/media?parent=2974"}],"curies":[{"name":"wp","href":"https:\/\/api.w.org\/{rel}","templated":true}]}}