{"id":2971,"date":"2022-06-01T21:07:38","date_gmt":"2022-06-01T19:07:38","guid":{"rendered":"http:\/\/suryn.pl\/?page_id=2971"},"modified":"2022-06-01T21:07:39","modified_gmt":"2022-06-01T19:07:39","slug":"albowiem","status":"publish","type":"page","link":"http:\/\/suryn.pl\/index.php\/albowiem\/","title":{"rendered":"Albowiem"},"content":{"rendered":"\n<p><\/p>\n\n\n\n<p>nie umkniesz<\/p>\n\n\n\n<p>dzie\u0144 ci\u0119 zobaczy\u0142<\/p>\n\n\n\n<p>osaczy\u0142<\/p>\n\n\n\n<p>i mateczniki nocy<\/p>\n\n\n\n<p>zawarte<\/p>\n\n\n\n<p>i galerie spokojnego zakonu<\/p>\n\n\n\n<p>dotyk\u00f3w sprzymierzonych<\/p>\n\n\n\n<p>albowiem idziesz z ruchem \u015awiat\u0142a\u00a0<\/p>\n\n\n\n<div style=\"height:320px\" aria-hidden=\"true\" class=\"wp-block-spacer\"><\/div>\n\n\n\n<p class=\"has-text-align-right\"><a href=\"http:\/\/suryn.pl\/index.php\/wiersze-wszystkie\/\">Wszystkie wiersze<\/a><\/p>\n","protected":false},"excerpt":{"rendered":"<p>nie umkniesz dzie\u0144 ci\u0119 zobaczy\u0142 osaczy\u0142 i mateczniki nocy zawarte i galerie spokojnego zakonu dotyk\u00f3w sprzymierzonych albowiem idziesz z ruchem \u015awiat\u0142a\u00a0 Wszystkie wiersze<\/p>\n","protected":false},"author":1,"featured_media":0,"parent":0,"menu_order":0,"comment_status":"closed","ping_status":"closed","template":"","meta":{"footnotes":""},"class_list":["post-2971","page","type-page","status-publish","hentry"],"_links":{"self":[{"href":"http:\/\/suryn.pl\/index.php\/wp-json\/wp\/v2\/pages\/2971","targetHints":{"allow":["GET"]}}],"collection":[{"href":"http:\/\/suryn.pl\/index.php\/wp-json\/wp\/v2\/pages"}],"about":[{"href":"http:\/\/suryn.pl\/index.php\/wp-json\/wp\/v2\/types\/page"}],"author":[{"embeddable":true,"href":"http:\/\/suryn.pl\/index.php\/wp-json\/wp\/v2\/users\/1"}],"replies":[{"embeddable":true,"href":"http:\/\/suryn.pl\/index.php\/wp-json\/wp\/v2\/comments?post=2971"}],"version-history":[{"count":1,"href":"http:\/\/suryn.pl\/index.php\/wp-json\/wp\/v2\/pages\/2971\/revisions"}],"predecessor-version":[{"id":2972,"href":"http:\/\/suryn.pl\/index.php\/wp-json\/wp\/v2\/pages\/2971\/revisions\/2972"}],"wp:attachment":[{"href":"http:\/\/suryn.pl\/index.php\/wp-json\/wp\/v2\/media?parent=2971"}],"curies":[{"name":"wp","href":"https:\/\/api.w.org\/{rel}","templated":true}]}}