{"id":2968,"date":"2022-06-01T21:05:09","date_gmt":"2022-06-01T19:05:09","guid":{"rendered":"http:\/\/suryn.pl\/?page_id=2968"},"modified":"2022-06-01T21:05:10","modified_gmt":"2022-06-01T19:05:10","slug":"kobieta-2","status":"publish","type":"page","link":"http:\/\/suryn.pl\/index.php\/kobieta-2\/","title":{"rendered":"Kobieta"},"content":{"rendered":"\n<p><\/p>\n\n\n\n<p>otwiera muszle<\/p>\n\n\n\n<p>na pla\u017cy s\u0142o\u0144ce za chwil\u0119 utonie<\/p>\n\n\n\n<p>per\u0142y rzuca na prawo<\/p>\n\n\n\n<p>muszle do morza<\/p>\n\n\n\n<p>jest pi\u0119kniejsza od zachodu<\/p>\n\n\n\n<p>chcia\u0142bym j\u0105 posi\u0105\u015b\u0107<\/p>\n\n\n\n<p>jej m\u0142odo\u015b\u0107 t\u0142umaczy mi fale&nbsp;<\/p>\n\n\n\n<p>piasek&nbsp;<\/p>\n\n\n\n<p>i per\u0142y<\/p>\n\n\n\n<p>ale<\/p>\n\n\n\n<p>nie jestem z tego obrazu<\/p>\n\n\n\n<p>i nie bardzo wiem co zrobi\u0119<\/p>\n\n\n\n<p>z tym wieczorem\u00a0<\/p>\n\n\n\n<div style=\"height:518px\" aria-hidden=\"true\" class=\"wp-block-spacer\"><\/div>\n\n\n\n<p class=\"has-text-align-right\"><a href=\"http:\/\/suryn.pl\/index.php\/wiersze-wszystkie\/\">Wszystkie wiersze<\/a><\/p>\n","protected":false},"excerpt":{"rendered":"<p>otwiera muszle na pla\u017cy s\u0142o\u0144ce za chwil\u0119 utonie per\u0142y rzuca na prawo muszle do morza jest pi\u0119kniejsza od zachodu chcia\u0142bym j\u0105 posi\u0105\u015b\u0107 jej m\u0142odo\u015b\u0107 t\u0142umaczy mi fale&nbsp; piasek&nbsp; i per\u0142y ale nie jestem z tego obrazu i nie bardzo wiem co zrobi\u0119 z tym wieczorem\u00a0 Wszystkie wiersze<\/p>\n","protected":false},"author":1,"featured_media":0,"parent":0,"menu_order":0,"comment_status":"closed","ping_status":"closed","template":"","meta":{"footnotes":""},"class_list":["post-2968","page","type-page","status-publish","hentry"],"_links":{"self":[{"href":"http:\/\/suryn.pl\/index.php\/wp-json\/wp\/v2\/pages\/2968","targetHints":{"allow":["GET"]}}],"collection":[{"href":"http:\/\/suryn.pl\/index.php\/wp-json\/wp\/v2\/pages"}],"about":[{"href":"http:\/\/suryn.pl\/index.php\/wp-json\/wp\/v2\/types\/page"}],"author":[{"embeddable":true,"href":"http:\/\/suryn.pl\/index.php\/wp-json\/wp\/v2\/users\/1"}],"replies":[{"embeddable":true,"href":"http:\/\/suryn.pl\/index.php\/wp-json\/wp\/v2\/comments?post=2968"}],"version-history":[{"count":1,"href":"http:\/\/suryn.pl\/index.php\/wp-json\/wp\/v2\/pages\/2968\/revisions"}],"predecessor-version":[{"id":2969,"href":"http:\/\/suryn.pl\/index.php\/wp-json\/wp\/v2\/pages\/2968\/revisions\/2969"}],"wp:attachment":[{"href":"http:\/\/suryn.pl\/index.php\/wp-json\/wp\/v2\/media?parent=2968"}],"curies":[{"name":"wp","href":"https:\/\/api.w.org\/{rel}","templated":true}]}}