{"id":2959,"date":"2022-06-01T21:01:03","date_gmt":"2022-06-01T19:01:03","guid":{"rendered":"http:\/\/suryn.pl\/?page_id=2959"},"modified":"2022-06-02T18:58:26","modified_gmt":"2022-06-02T16:58:26","slug":"skraj-2","status":"publish","type":"page","link":"http:\/\/suryn.pl\/index.php\/skraj-2\/","title":{"rendered":""},"content":{"rendered":"\n<p><\/p>\n\n\n\n<p style=\"font-size:24px\"><strong>Skraj<\/strong><\/p>\n\n\n\n<p class=\"has-text-align-left has-medium-font-size\"><\/p>\n\n\n\n<p>sp\u00f3jrz jak mr\u0105 przymiotniki<br>zmierzch jaki gro\u017any nadchodzi<br>a tam za ciemn\u0105 rzek\u0105<br>wszystko nienazwane<br>uciekaj\u0105 rzeczy z logicznej niewoli<br>na nic twoja wiedza<br>pr\u00f3\u017cne zakl\u0119cia<br>j\u0119zyk odj\u0119to<br>uszy zatkane<br>palce po\u0142amane<br><\/p>\n\n\n\n<p>c\u00f3\u017c tedy&nbsp;<\/p>\n\n\n\n<p>ziarenko strachu<br>poczniesz?<\/p>\n\n\n\n<p><\/p>\n\n\n\n<div style=\"height:409px\" aria-hidden=\"true\" class=\"wp-block-spacer\"><\/div>\n\n\n\n<p class=\"has-text-align-right\"><a href=\"http:\/\/suryn.pl\/index.php\/wiersze-wszystkie\/\">Wszystkie wiersze<\/a><\/p>\n","protected":false},"excerpt":{"rendered":"<p>Skraj sp\u00f3jrz jak mr\u0105 przymiotnikizmierzch jaki gro\u017any nadchodzia tam za ciemn\u0105 rzek\u0105wszystko nienazwaneuciekaj\u0105 rzeczy z logicznej niewolina nic twoja wiedzapr\u00f3\u017cne zakl\u0119ciaj\u0119zyk odj\u0119touszy zatkanepalce po\u0142amane c\u00f3\u017c tedy&nbsp; ziarenko strachupoczniesz? Wszystkie wiersze<\/p>\n","protected":false},"author":1,"featured_media":0,"parent":0,"menu_order":0,"comment_status":"closed","ping_status":"closed","template":"","meta":{"footnotes":""},"class_list":["post-2959","page","type-page","status-publish","hentry"],"_links":{"self":[{"href":"http:\/\/suryn.pl\/index.php\/wp-json\/wp\/v2\/pages\/2959","targetHints":{"allow":["GET"]}}],"collection":[{"href":"http:\/\/suryn.pl\/index.php\/wp-json\/wp\/v2\/pages"}],"about":[{"href":"http:\/\/suryn.pl\/index.php\/wp-json\/wp\/v2\/types\/page"}],"author":[{"embeddable":true,"href":"http:\/\/suryn.pl\/index.php\/wp-json\/wp\/v2\/users\/1"}],"replies":[{"embeddable":true,"href":"http:\/\/suryn.pl\/index.php\/wp-json\/wp\/v2\/comments?post=2959"}],"version-history":[{"count":5,"href":"http:\/\/suryn.pl\/index.php\/wp-json\/wp\/v2\/pages\/2959\/revisions"}],"predecessor-version":[{"id":3065,"href":"http:\/\/suryn.pl\/index.php\/wp-json\/wp\/v2\/pages\/2959\/revisions\/3065"}],"wp:attachment":[{"href":"http:\/\/suryn.pl\/index.php\/wp-json\/wp\/v2\/media?parent=2959"}],"curies":[{"name":"wp","href":"https:\/\/api.w.org\/{rel}","templated":true}]}}