{"id":2942,"date":"2022-06-01T20:49:41","date_gmt":"2022-06-01T18:49:41","guid":{"rendered":"http:\/\/suryn.pl\/?page_id=2942"},"modified":"2022-06-02T19:02:23","modified_gmt":"2022-06-02T17:02:23","slug":"ranek-2","status":"publish","type":"page","link":"http:\/\/suryn.pl\/index.php\/ranek-2\/","title":{"rendered":""},"content":{"rendered":"\n<p><\/p>\n\n\n\n<p style=\"font-size:24px\"><strong>Ranek<\/strong><\/p>\n\n\n\n<p><\/p>\n\n\n\n<p>kochali\u015bmy i kochali\u015bmy<\/p>\n\n\n\n<p>kot przeci\u0105ga si\u0119 w plamie \u015bwiat\u0142a&nbsp;<\/p>\n\n\n\n<p style=\"font-size:18px\">pelargonia otwiera oko<\/p>\n\n\n\n<p class=\"has-medium-font-size\">wielu z nas umiera w\u0142a\u015bnie<\/p>\n\n\n\n<p>dzieci dr\u0105 si\u0119 jak op\u0119tane<\/p>\n\n\n\n<p>pelargonia otwiera oko<\/p>\n\n\n\n<p>stopa pie\u015bci stop\u0119<\/p>\n\n\n\n<p>kamie\u0144 nic nie wie o kamieniu<\/p>\n\n\n\n<p>podnosz\u0119 g\u0142ow\u0119 i szepcz\u0119 &#8211;<\/p>\n\n\n\n<p>Panie, dlaczego jeste\u015b tak przezroczysty<\/p>\n\n\n\n<p>dzieci goni\u0105 kota&nbsp;<\/p>\n\n\n\n<p>pelargonia otwiera oko<\/p>\n\n\n\n<div style=\"height:622px\" aria-hidden=\"true\" class=\"wp-block-spacer\"><\/div>\n\n\n\n<p class=\"has-text-align-right\"><a href=\"http:\/\/suryn.pl\/index.php\/wiersze-wszystkie\/\">Wszystkie wiersze<\/a><\/p>\n","protected":false},"excerpt":{"rendered":"<p>Ranek kochali\u015bmy i kochali\u015bmy kot przeci\u0105ga si\u0119 w plamie \u015bwiat\u0142a&nbsp; pelargonia otwiera oko wielu z nas umiera w\u0142a\u015bnie dzieci dr\u0105 si\u0119 jak op\u0119tane pelargonia otwiera oko stopa pie\u015bci stop\u0119 kamie\u0144 nic nie wie o kamieniu podnosz\u0119 g\u0142ow\u0119 i szepcz\u0119 &#8211; Panie, dlaczego jeste\u015b tak przezroczysty dzieci goni\u0105 kota&nbsp; pelargonia otwiera oko Wszystkie wiersze<\/p>\n","protected":false},"author":1,"featured_media":0,"parent":0,"menu_order":0,"comment_status":"closed","ping_status":"closed","template":"","meta":{"footnotes":""},"class_list":["post-2942","page","type-page","status-publish","hentry"],"_links":{"self":[{"href":"http:\/\/suryn.pl\/index.php\/wp-json\/wp\/v2\/pages\/2942","targetHints":{"allow":["GET"]}}],"collection":[{"href":"http:\/\/suryn.pl\/index.php\/wp-json\/wp\/v2\/pages"}],"about":[{"href":"http:\/\/suryn.pl\/index.php\/wp-json\/wp\/v2\/types\/page"}],"author":[{"embeddable":true,"href":"http:\/\/suryn.pl\/index.php\/wp-json\/wp\/v2\/users\/1"}],"replies":[{"embeddable":true,"href":"http:\/\/suryn.pl\/index.php\/wp-json\/wp\/v2\/comments?post=2942"}],"version-history":[{"count":8,"href":"http:\/\/suryn.pl\/index.php\/wp-json\/wp\/v2\/pages\/2942\/revisions"}],"predecessor-version":[{"id":3069,"href":"http:\/\/suryn.pl\/index.php\/wp-json\/wp\/v2\/pages\/2942\/revisions\/3069"}],"wp:attachment":[{"href":"http:\/\/suryn.pl\/index.php\/wp-json\/wp\/v2\/media?parent=2942"}],"curies":[{"name":"wp","href":"https:\/\/api.w.org\/{rel}","templated":true}]}}