{"id":2939,"date":"2022-06-01T20:46:22","date_gmt":"2022-06-01T18:46:22","guid":{"rendered":"http:\/\/suryn.pl\/?page_id=2939"},"modified":"2022-08-19T23:24:08","modified_gmt":"2022-08-19T21:24:08","slug":"takosc-95-2","status":"publish","type":"page","link":"http:\/\/suryn.pl\/index.php\/takosc-95-2\/","title":{"rendered":""},"content":{"rendered":"\n<p><\/p>\n\n\n\n<p style=\"font-size:24px\"><strong>Tako\u015b\u0107 95<\/strong><\/p>\n\n\n\n<p><\/p>\n\n\n\n<p class=\"has-medium-font-size\">zwierz\u0119ta mego oddechu&nbsp;<\/p>\n\n\n\n<p class=\"has-medium-font-size\">pas\u0142y si\u0119 sennie<\/p>\n\n\n\n<p class=\"has-medium-font-size\">wiele ich pomyka\u0142o za \u0142\u0105ki plejad&nbsp;<\/p>\n\n\n\n<p class=\"has-medium-font-size\">unosz\u0105c mnie po kawa\u0142ku w kosmos<\/p>\n\n\n\n<p class=\"has-medium-font-size\">p\u0142on\u0119\u0142y w d\u017awi\u0119kach sfer<\/p>\n\n\n\n<p class=\"has-medium-font-size\">a rano sprz\u0105ta\u0142em zu\u017cyte my\u015bli&nbsp;<\/p>\n\n\n\n<p class=\"has-medium-font-size\">i popi\u00f3\u0142 mojego oddechu<\/p>\n\n\n\n<p class=\"has-medium-font-size\">przez okno wlatywa\u0142 zapach bzu i sma\u017conego bekonu<\/p>\n\n\n\n<p><\/p>\n\n\n\n<div style=\"height:493px\" aria-hidden=\"true\" class=\"wp-block-spacer\"><\/div>\n\n\n\n<p class=\"has-text-align-right\"><a href=\"http:\/\/suryn.pl\/index.php\/wiersze-wszystkie\/\">Wszystkie wiersze<\/a><\/p>\n","protected":false},"excerpt":{"rendered":"<p>Tako\u015b\u0107 95 zwierz\u0119ta mego oddechu&nbsp; pas\u0142y si\u0119 sennie wiele ich pomyka\u0142o za \u0142\u0105ki plejad&nbsp; unosz\u0105c mnie po kawa\u0142ku w kosmos p\u0142on\u0119\u0142y w d\u017awi\u0119kach sfer a rano sprz\u0105ta\u0142em zu\u017cyte my\u015bli&nbsp; i popi\u00f3\u0142 mojego oddechu przez okno wlatywa\u0142 zapach bzu i sma\u017conego bekonu Wszystkie wiersze<\/p>\n","protected":false},"author":1,"featured_media":0,"parent":0,"menu_order":0,"comment_status":"closed","ping_status":"closed","template":"","meta":{"footnotes":""},"class_list":["post-2939","page","type-page","status-publish","hentry"],"_links":{"self":[{"href":"http:\/\/suryn.pl\/index.php\/wp-json\/wp\/v2\/pages\/2939","targetHints":{"allow":["GET"]}}],"collection":[{"href":"http:\/\/suryn.pl\/index.php\/wp-json\/wp\/v2\/pages"}],"about":[{"href":"http:\/\/suryn.pl\/index.php\/wp-json\/wp\/v2\/types\/page"}],"author":[{"embeddable":true,"href":"http:\/\/suryn.pl\/index.php\/wp-json\/wp\/v2\/users\/1"}],"replies":[{"embeddable":true,"href":"http:\/\/suryn.pl\/index.php\/wp-json\/wp\/v2\/comments?post=2939"}],"version-history":[{"count":5,"href":"http:\/\/suryn.pl\/index.php\/wp-json\/wp\/v2\/pages\/2939\/revisions"}],"predecessor-version":[{"id":3092,"href":"http:\/\/suryn.pl\/index.php\/wp-json\/wp\/v2\/pages\/2939\/revisions\/3092"}],"wp:attachment":[{"href":"http:\/\/suryn.pl\/index.php\/wp-json\/wp\/v2\/media?parent=2939"}],"curies":[{"name":"wp","href":"https:\/\/api.w.org\/{rel}","templated":true}]}}