{"id":2926,"date":"2022-06-01T20:36:33","date_gmt":"2022-06-01T18:36:33","guid":{"rendered":"http:\/\/suryn.pl\/?page_id=2926"},"modified":"2022-06-02T18:59:27","modified_gmt":"2022-06-02T16:59:27","slug":"cos","status":"publish","type":"page","link":"http:\/\/suryn.pl\/index.php\/cos\/","title":{"rendered":""},"content":{"rendered":"\n<p><\/p>\n\n\n\n<p style=\"font-size:24px\"><strong>Co\u015b<\/strong><\/p>\n\n\n\n<p class=\"has-text-align-left\" style=\"font-size:24px\"><\/p>\n\n\n\n<div class=\"wp-block-group is-vertical is-layout-flex wp-container-core-group-is-layout-8cf370e7 wp-block-group-is-layout-flex\">\n<h2 class=\"wp-block-heading\">co\u015b co przekracza<\/h2>\n\n\n\n<h2 class=\"wp-block-heading\">spala stare trawy<\/h2>\n\n\n\n<h2 class=\"wp-block-heading\">budzi w \u015brodku nocy i pyta<\/h2>\n\n\n\n<h2 class=\"wp-block-heading\">czy to ty?<\/h2>\n\n\n\n<h2 class=\"wp-block-heading\">sekunda &#8211; okazja<\/h2>\n\n\n\n<h2 class=\"wp-block-heading\">a tw\u00f3j \u015bmiech jak huragan burzy i oczyszcza<\/h2>\n\n\n\n<h2 class=\"wp-block-heading\">dzi\u0119ki tobie i mnie \u015bwiat si\u0119 kr\u0119ci<\/h2>\n\n\n\n<h2 class=\"wp-block-heading\">a \u015bwiat\u0142o nie znika<\/h2>\n\n\n\n<h2 class=\"wp-block-heading\">nie odwracaj oczu<\/h2>\n\n\n\n<p>to ty!<\/p>\n<\/div>\n\n\n\n<p><\/p>\n\n\n\n<div style=\"height:429px\" aria-hidden=\"true\" class=\"wp-block-spacer\"><\/div>\n\n\n\n<p class=\"has-text-align-right\"><a href=\"http:\/\/suryn.pl\/index.php\/wiersze-wszystkie\/\">Wszystkie wiersze<\/a><\/p>\n","protected":false},"excerpt":{"rendered":"<p>Co\u015b co\u015b co przekracza spala stare trawy budzi w \u015brodku nocy i pyta czy to ty? sekunda &#8211; okazja a tw\u00f3j \u015bmiech jak huragan burzy i oczyszcza dzi\u0119ki tobie i mnie \u015bwiat si\u0119 kr\u0119ci a \u015bwiat\u0142o nie znika nie odwracaj oczu to ty! Wszystkie wiersze<\/p>\n","protected":false},"author":1,"featured_media":0,"parent":0,"menu_order":0,"comment_status":"closed","ping_status":"closed","template":"","meta":{"footnotes":""},"class_list":["post-2926","page","type-page","status-publish","hentry"],"_links":{"self":[{"href":"http:\/\/suryn.pl\/index.php\/wp-json\/wp\/v2\/pages\/2926","targetHints":{"allow":["GET"]}}],"collection":[{"href":"http:\/\/suryn.pl\/index.php\/wp-json\/wp\/v2\/pages"}],"about":[{"href":"http:\/\/suryn.pl\/index.php\/wp-json\/wp\/v2\/types\/page"}],"author":[{"embeddable":true,"href":"http:\/\/suryn.pl\/index.php\/wp-json\/wp\/v2\/users\/1"}],"replies":[{"embeddable":true,"href":"http:\/\/suryn.pl\/index.php\/wp-json\/wp\/v2\/comments?post=2926"}],"version-history":[{"count":11,"href":"http:\/\/suryn.pl\/index.php\/wp-json\/wp\/v2\/pages\/2926\/revisions"}],"predecessor-version":[{"id":3066,"href":"http:\/\/suryn.pl\/index.php\/wp-json\/wp\/v2\/pages\/2926\/revisions\/3066"}],"wp:attachment":[{"href":"http:\/\/suryn.pl\/index.php\/wp-json\/wp\/v2\/media?parent=2926"}],"curies":[{"name":"wp","href":"https:\/\/api.w.org\/{rel}","templated":true}]}}