{"id":2920,"date":"2022-06-01T20:31:45","date_gmt":"2022-06-01T18:31:45","guid":{"rendered":"http:\/\/suryn.pl\/?page_id=2920"},"modified":"2022-06-02T11:37:26","modified_gmt":"2022-06-02T09:37:26","slug":"wlasnie","status":"publish","type":"page","link":"http:\/\/suryn.pl\/index.php\/wlasnie\/","title":{"rendered":"\u00a0"},"content":{"rendered":"\n<p><\/p>\n\n\n\n<p style=\"font-size:24px\"><strong>W\u0142a\u015bnie\u00a0<\/strong><\/p>\n\n\n\n<p><\/p>\n\n\n\n<p style=\"font-size:18px\">w\u0142a\u015bnie zupe\u0142nie pogodnie pogrzebali\u015bmy dzie\u0144<\/p>\n\n\n\n<p style=\"font-size:18px\">kto skorzysta\u0142 z tej lekcji<\/p>\n\n\n\n<p style=\"font-size:18px\">a kto ledwo przep\u0142yn\u0105\u0142?<\/p>\n\n\n\n<p style=\"font-size:18px\">nieustanne epifanie<\/p>\n\n\n\n<p style=\"font-size:18px\">a dla ciebie wtorek<\/p>\n\n\n\n<p style=\"font-size:18px\">oby\u015b by\u0142 t\u0105 si\u0142\u0105 co niezmiennie p\u0142ynie przez zmiany<\/p>\n\n\n\n<p style=\"font-size:18px\">samotno\u015b\u0107 jest jak nauczyciel&nbsp;<\/p>\n\n\n\n<p style=\"font-size:18px\">akurat na teraz&nbsp;<\/p>\n\n\n\n<p style=\"font-size:18px\">wi\u0119c nie uciekaj cho\u0107by do najcudowniejszych \u015bwi\u0105ty\u0144<\/p>\n\n\n\n<p style=\"font-size:18px\">jeste\u015b niepomiernie wa\u017cniejszy od ka\u017cdej<\/p>\n\n\n\n<p><\/p>\n\n\n\n<div style=\"height:431px\" aria-hidden=\"true\" class=\"wp-block-spacer\"><\/div>\n\n\n\n<p class=\"has-text-align-right\"><a href=\"http:\/\/suryn.pl\/index.php\/wiersze-wszystkie\/\">Wszystkie wiersze<\/a><\/p>\n","protected":false},"excerpt":{"rendered":"<p>W\u0142a\u015bnie\u00a0 w\u0142a\u015bnie zupe\u0142nie pogodnie pogrzebali\u015bmy dzie\u0144 kto skorzysta\u0142 z tej lekcji a kto ledwo przep\u0142yn\u0105\u0142? nieustanne epifanie a dla ciebie wtorek oby\u015b by\u0142 t\u0105 si\u0142\u0105 co niezmiennie p\u0142ynie przez zmiany samotno\u015b\u0107 jest jak nauczyciel&nbsp; akurat na teraz&nbsp; wi\u0119c nie uciekaj cho\u0107by do najcudowniejszych \u015bwi\u0105ty\u0144 jeste\u015b niepomiernie wa\u017cniejszy od ka\u017cdej Wszystkie wiersze<\/p>\n","protected":false},"author":1,"featured_media":0,"parent":0,"menu_order":0,"comment_status":"closed","ping_status":"closed","template":"","meta":{"footnotes":""},"class_list":["post-2920","page","type-page","status-publish","hentry"],"_links":{"self":[{"href":"http:\/\/suryn.pl\/index.php\/wp-json\/wp\/v2\/pages\/2920","targetHints":{"allow":["GET"]}}],"collection":[{"href":"http:\/\/suryn.pl\/index.php\/wp-json\/wp\/v2\/pages"}],"about":[{"href":"http:\/\/suryn.pl\/index.php\/wp-json\/wp\/v2\/types\/page"}],"author":[{"embeddable":true,"href":"http:\/\/suryn.pl\/index.php\/wp-json\/wp\/v2\/users\/1"}],"replies":[{"embeddable":true,"href":"http:\/\/suryn.pl\/index.php\/wp-json\/wp\/v2\/comments?post=2920"}],"version-history":[{"count":3,"href":"http:\/\/suryn.pl\/index.php\/wp-json\/wp\/v2\/pages\/2920\/revisions"}],"predecessor-version":[{"id":3029,"href":"http:\/\/suryn.pl\/index.php\/wp-json\/wp\/v2\/pages\/2920\/revisions\/3029"}],"wp:attachment":[{"href":"http:\/\/suryn.pl\/index.php\/wp-json\/wp\/v2\/media?parent=2920"}],"curies":[{"name":"wp","href":"https:\/\/api.w.org\/{rel}","templated":true}]}}