{"id":2910,"date":"2022-06-01T20:24:56","date_gmt":"2022-06-01T18:24:56","guid":{"rendered":"http:\/\/suryn.pl\/?page_id=2910"},"modified":"2022-06-02T19:07:23","modified_gmt":"2022-06-02T17:07:23","slug":"kobieta","status":"publish","type":"page","link":"http:\/\/suryn.pl\/index.php\/kobieta\/","title":{"rendered":""},"content":{"rendered":"\n<p><\/p>\n\n\n\n<p style=\"font-size:24px\"><strong>Kobieta<\/strong><\/p>\n\n\n\n<p style=\"font-size:18px\"><\/p>\n\n\n\n<p style=\"font-size:18px\">otwiera muszle<\/p>\n\n\n\n<p style=\"font-size:18px\">na pla\u017cy s\u0142o\u0144ce za chwil\u0119 utonie<\/p>\n\n\n\n<p style=\"font-size:18px\">per\u0142y rzuca na prawo<\/p>\n\n\n\n<p style=\"font-size:18px\">muszle do morza<\/p>\n\n\n\n<p style=\"font-size:18px\">jest pi\u0119kniejsza od zachodu<\/p>\n\n\n\n<p style=\"font-size:18px\">chcia\u0142bym j\u0105 posi\u0105\u015b\u0107<\/p>\n\n\n\n<p style=\"font-size:18px\">jej m\u0142odo\u015b\u0107 t\u0142umaczy mi fale&nbsp;<\/p>\n\n\n\n<p style=\"font-size:18px\">piasek&nbsp;i per\u0142y<\/p>\n\n\n\n<p style=\"font-size:18px\">ale<\/p>\n\n\n\n<p style=\"font-size:18px\">nie jestem z tego obrazu<\/p>\n\n\n\n<p style=\"font-size:18px\">i nie bardzo wiem co zrobi\u0119 <\/p>\n\n\n\n<p style=\"font-size:18px\">z tym wieczorem<\/p>\n\n\n\n<div style=\"height:554px\" aria-hidden=\"true\" class=\"wp-block-spacer\"><\/div>\n\n\n\n<p class=\"has-text-align-right\"><a href=\"http:\/\/suryn.pl\/index.php\/wiersze-wszystkie\/\">Wszystkie wiersze<\/a><\/p>\n","protected":false},"excerpt":{"rendered":"<p>Kobieta otwiera muszle na pla\u017cy s\u0142o\u0144ce za chwil\u0119 utonie per\u0142y rzuca na prawo muszle do morza jest pi\u0119kniejsza od zachodu chcia\u0142bym j\u0105 posi\u0105\u015b\u0107 jej m\u0142odo\u015b\u0107 t\u0142umaczy mi fale&nbsp; piasek&nbsp;i per\u0142y ale nie jestem z tego obrazu i nie bardzo wiem co zrobi\u0119 z tym wieczorem Wszystkie wiersze<\/p>\n","protected":false},"author":1,"featured_media":0,"parent":0,"menu_order":0,"comment_status":"closed","ping_status":"closed","template":"","meta":{"footnotes":""},"class_list":["post-2910","page","type-page","status-publish","hentry"],"_links":{"self":[{"href":"http:\/\/suryn.pl\/index.php\/wp-json\/wp\/v2\/pages\/2910","targetHints":{"allow":["GET"]}}],"collection":[{"href":"http:\/\/suryn.pl\/index.php\/wp-json\/wp\/v2\/pages"}],"about":[{"href":"http:\/\/suryn.pl\/index.php\/wp-json\/wp\/v2\/types\/page"}],"author":[{"embeddable":true,"href":"http:\/\/suryn.pl\/index.php\/wp-json\/wp\/v2\/users\/1"}],"replies":[{"embeddable":true,"href":"http:\/\/suryn.pl\/index.php\/wp-json\/wp\/v2\/comments?post=2910"}],"version-history":[{"count":5,"href":"http:\/\/suryn.pl\/index.php\/wp-json\/wp\/v2\/pages\/2910\/revisions"}],"predecessor-version":[{"id":3072,"href":"http:\/\/suryn.pl\/index.php\/wp-json\/wp\/v2\/pages\/2910\/revisions\/3072"}],"wp:attachment":[{"href":"http:\/\/suryn.pl\/index.php\/wp-json\/wp\/v2\/media?parent=2910"}],"curies":[{"name":"wp","href":"https:\/\/api.w.org\/{rel}","templated":true}]}}