{"id":290,"date":"2021-05-18T18:30:43","date_gmt":"2021-05-18T16:30:43","guid":{"rendered":"http:\/\/suryn.pl\/?page_id=290"},"modified":"2021-05-19T14:06:27","modified_gmt":"2021-05-19T12:06:27","slug":"strona-8-i-9","status":"publish","type":"page","link":"http:\/\/suryn.pl\/index.php\/strona-8-i-9\/","title":{"rendered":"Strona 8 i 9"},"content":{"rendered":"\n<pre class=\"wp-block-verse\" style=\"font-size:17px\"><strong><em>Na po\u015bwi\u0119cenie kawa\u0142ka ziemi<\/em><\/strong>\n<strong><em>Allanowi Ginsbergowi<\/em><\/strong>\n<em>&nbsp;<\/em>\n<em>Masz racj\u0119 Allan \u2013 wszyscy mamy racj\u0119<\/em>\n<em>\u015bwi\u0119te s\u0142oneczniki Rockland<\/em>\n<em>wszystkie \u015bwi\u0119te s\u0142oneczniki<\/em>\n<em>&nbsp;<\/em>\n<em>Pos\u0142uchaj<\/em>\n<em>daruj\u0119 tobie cierpienia stacyjne<\/em>\n<em>moje szkice lunarne<\/em>\n<em>oniryki fatalne<\/em>\n<em>szepty sakralne<\/em>\n<em>strachy manualne<\/em>\n<em>&nbsp;<\/em>\n<em>Pos\u0142uchaj<\/em>\n<em>by\u0142a naga i szczera jak kopia Don Kichota<\/em>\n<em>lubi\u0142a karmi\u0107 poet\u00f3w w klatkach<\/em>\n<em>nie wiem czy wiesz \u017ce poeta<\/em>\n<em>to pierwsze stadium owada<\/em>\n<em>&nbsp;<\/em>\n<em>Pos\u0142uchaj<\/em>\n<em>\u017cal Colombiny to ca\u0142kiem r\u00f3\u017cowy pomys\u0142<\/em>\n<em>na bia\u0142ej r\u0119ce Boga<\/em>\n<em>gdy si\u0119 o tym dowiedzia\u0142a p\u0119k\u0142o mechaniczne<\/em>\n<em>serce<\/em>\n<em>Pos\u0142uchaj<\/em>\n<em>ty kt\u00f3ry szybujesz nad biologi\u0105<\/em>\n<em>ju\u017c ci chromosomy ukr\u0119ci\u0142y stryczek<\/em>\n<em>ale nie o tym<\/em>\n<em>o twoich zwierz\u0119tach chcia\u0142bym<\/em>\n<em>ale z daleka bo znam ich krwiste nawyki<\/em>\n<em>ot\u00f3\u017c \u2013 daj im wolno\u015b\u0107<\/em>\n<em>niech gnaj\u0105 w mityczne lasy<\/em>\n<em>niech stadem wybuchn\u0105 na sklepieniach jaski\u0144<\/em>\n<em>bo inna to my\u015bl i inne polowanie<\/em>\n<em>&nbsp;<\/em>\n<em>Pos\u0142uchaj<\/em>\n<em>szept betonowych m\u00f3zg\u00f3w<\/em>\n<em>wyros\u0142o mi miasto<\/em>\n<em>jak wyrok na b\u0142\u0119kit<\/em>\n<em>w nim odmierzam cztery pory b\u00f3lu<\/em>\n<em>pierwsza jest sin\u0105 hien\u0105 ob\u017cart\u0105 moim snem<\/em>\n<em>druga pospiesznym deptaniem kamienia<\/em>\n<em>trzecia papierow\u0105 corrid\u0105<\/em>\n<em>czwarta gestem nadziei granatowego guru<\/em>\n<em>&nbsp;<\/em>\n<em>Pos\u0142uchaj<\/em>\n<em>da\u0142em ci zbo\u017ca i minera\u0142y<\/em>\n<em>licencj\u0119 na szcz\u0119\u015bcie<\/em>\n<em>kim jeste\u015b<\/em>\n<em>jeste\u015b obrazem kobiety<\/em>\n<em>\u017cegluj\u0105cej po martwych morzach<\/em>\n<em>jeste\u015b zapomnianym s\u0142owem<\/em>\n<em>w india\u0144skiej legendzie<\/em>\n<em>dla ciebie ten b\u0142\u0119kitny lunapark<\/em>\n<em>pe\u0142en dzikich liczb<\/em>\n<em>i niecierpliwych tajemnic<\/em><\/pre>\n\n\n\n<div style=\"height:55px\" aria-hidden=\"true\" class=\"wp-block-spacer\"><\/div>\n\n\n\n<p>Co powiedzia\u0142by Suryn, gdyby dzi\u015b&nbsp;m\u00f3g\u0142&nbsp;przeczyta\u0107&nbsp;ten wiersz we w\u0142a\u015bciwej formie. Mo\u017ce co\u015b&nbsp;takiego?<\/p>\n\n\n\n<p>\u2013 Wielce mnie ucieszy\u0142e\u015b&nbsp;S\u0142apiku,&nbsp;\u017ce\u015b&nbsp;trzyma\u0142&nbsp;t\u0119&nbsp;histori\u0119&nbsp;tak d\u0142ugo w pami\u0119ci, na pohybel redaktorskim pomys\u0142om. Je\u015bli chcesz, mo\u017cemy si\u0119&nbsp;gdzie\u015b&nbsp;razem wybra\u0107&nbsp;z tej okazji. Zr\u00f3bmy sobie&nbsp;\u015bwi\u0119to!<\/p>\n\n\n\n<p>Z pewno\u015bci\u0105&nbsp;powiedzia\u0142by \u201eS\u0142apiku\u201d, bowiem panowie m\u00f3wili w tamtych czasach do siebie wy\u0142\u0105cznie po nazwisku. A je\u015bli&nbsp;\u015bwi\u0119to, to przyda\u0142by si\u0119&nbsp;te\u017c&nbsp;Darski.<\/p>\n\n\n\n<p class=\"has-text-align-right\"><a href=\"http:\/\/suryn.pl\/index.php\/4-2\/\" data-type=\"URL\" data-id=\"http:\/\/suryn.pl\/index.php\/4-2\/\">Poprzednia<\/a>\u00a0 <a href=\"http:\/\/suryn.pl\/index.php\/strona-10-i-11\/\" data-type=\"URL\" data-id=\"http:\/\/suryn.pl\/index.php\/strona-10-i-11\/\">Nast\u0119pna<\/a><\/p>\n","protected":false},"excerpt":{"rendered":"<p>Na po\u015bwi\u0119cenie kawa\u0142ka ziemi Allanowi Ginsbergowi &nbsp; Masz racj\u0119 Allan \u2013 wszyscy mamy racj\u0119 \u015bwi\u0119te s\u0142oneczniki Rockland wszystkie \u015bwi\u0119te s\u0142oneczniki &nbsp; Pos\u0142uchaj daruj\u0119 tobie cierpienia stacyjne moje szkice lunarne oniryki fatalne szepty sakralne strachy manualne &nbsp; Pos\u0142uchaj by\u0142a naga i szczera jak kopia Don Kichota lubi\u0142a karmi\u0107 poet\u00f3w w klatkach nie wiem czy wiesz \u017ce poeta to pierwsze stadium owada &#8230;<\/p>\n","protected":false},"author":1,"featured_media":0,"parent":0,"menu_order":0,"comment_status":"closed","ping_status":"closed","template":"","meta":{"footnotes":""},"class_list":["post-290","page","type-page","status-publish","hentry"],"_links":{"self":[{"href":"http:\/\/suryn.pl\/index.php\/wp-json\/wp\/v2\/pages\/290","targetHints":{"allow":["GET"]}}],"collection":[{"href":"http:\/\/suryn.pl\/index.php\/wp-json\/wp\/v2\/pages"}],"about":[{"href":"http:\/\/suryn.pl\/index.php\/wp-json\/wp\/v2\/types\/page"}],"author":[{"embeddable":true,"href":"http:\/\/suryn.pl\/index.php\/wp-json\/wp\/v2\/users\/1"}],"replies":[{"embeddable":true,"href":"http:\/\/suryn.pl\/index.php\/wp-json\/wp\/v2\/comments?post=290"}],"version-history":[{"count":17,"href":"http:\/\/suryn.pl\/index.php\/wp-json\/wp\/v2\/pages\/290\/revisions"}],"predecessor-version":[{"id":740,"href":"http:\/\/suryn.pl\/index.php\/wp-json\/wp\/v2\/pages\/290\/revisions\/740"}],"wp:attachment":[{"href":"http:\/\/suryn.pl\/index.php\/wp-json\/wp\/v2\/media?parent=290"}],"curies":[{"name":"wp","href":"https:\/\/api.w.org\/{rel}","templated":true}]}}