{"id":2894,"date":"2022-06-01T20:12:47","date_gmt":"2022-06-01T18:12:47","guid":{"rendered":"http:\/\/suryn.pl\/?page_id=2894"},"modified":"2022-06-02T18:43:29","modified_gmt":"2022-06-02T16:43:29","slug":"dla-ani","status":"publish","type":"page","link":"http:\/\/suryn.pl\/index.php\/dla-ani\/","title":{"rendered":""},"content":{"rendered":"\n<p><\/p>\n\n\n\n<p style=\"font-size:24px\"><strong>Dla Ani<\/strong><\/p>\n\n\n\n<p><\/p>\n\n\n\n<p style=\"font-size:18px\">\u0142agodno\u015b\u0107 mieszka w twej d\u0142oni<\/p>\n\n\n\n<p class=\"has-text-align-left\" style=\"font-size:19px\">a ptak zachwytu w oczach<\/p>\n\n\n\n<p style=\"font-size:18px\">s\u0142owa twe ko\u0142ysz\u0105<\/p>\n\n\n\n<p style=\"font-size:18px\">a milczenie \u015bwieci<\/p>\n\n\n\n<p style=\"font-size:18px;letter-spacing:1px\">pachniesz t\u0119sknot\u0105 wi\u0119ksz\u0105 ni\u017c \u015bwiat!<\/p>\n\n\n\n<p><\/p>\n\n\n\n<p><\/p>\n\n\n\n<p><\/p>\n\n\n\n<p><\/p>\n\n\n\n<p><\/p>\n\n\n\n<p><\/p>\n\n\n\n<p><\/p>\n\n\n\n<p><\/p>\n\n\n\n<p><\/p>\n\n\n\n<p><\/p>\n\n\n\n<div style=\"height:202px\" aria-hidden=\"true\" class=\"wp-block-spacer\"><\/div>\n\n\n\n<p><\/p>\n\n\n\n<p class=\"has-text-align-right\"><a href=\"http:\/\/suryn.pl\/index.php\/wiersze-wszystkie\/\">Wszystkie wiersze<\/a><\/p>\n","protected":false},"excerpt":{"rendered":"<p>Dla Ani \u0142agodno\u015b\u0107 mieszka w twej d\u0142oni a ptak zachwytu w oczach s\u0142owa twe ko\u0142ysz\u0105 a milczenie \u015bwieci pachniesz t\u0119sknot\u0105 wi\u0119ksz\u0105 ni\u017c \u015bwiat! Wszystkie wiersze<\/p>\n","protected":false},"author":1,"featured_media":0,"parent":0,"menu_order":0,"comment_status":"closed","ping_status":"closed","template":"","meta":{"footnotes":""},"class_list":["post-2894","page","type-page","status-publish","hentry"],"_links":{"self":[{"href":"http:\/\/suryn.pl\/index.php\/wp-json\/wp\/v2\/pages\/2894","targetHints":{"allow":["GET"]}}],"collection":[{"href":"http:\/\/suryn.pl\/index.php\/wp-json\/wp\/v2\/pages"}],"about":[{"href":"http:\/\/suryn.pl\/index.php\/wp-json\/wp\/v2\/types\/page"}],"author":[{"embeddable":true,"href":"http:\/\/suryn.pl\/index.php\/wp-json\/wp\/v2\/users\/1"}],"replies":[{"embeddable":true,"href":"http:\/\/suryn.pl\/index.php\/wp-json\/wp\/v2\/comments?post=2894"}],"version-history":[{"count":19,"href":"http:\/\/suryn.pl\/index.php\/wp-json\/wp\/v2\/pages\/2894\/revisions"}],"predecessor-version":[{"id":3053,"href":"http:\/\/suryn.pl\/index.php\/wp-json\/wp\/v2\/pages\/2894\/revisions\/3053"}],"wp:attachment":[{"href":"http:\/\/suryn.pl\/index.php\/wp-json\/wp\/v2\/media?parent=2894"}],"curies":[{"name":"wp","href":"https:\/\/api.w.org\/{rel}","templated":true}]}}