{"id":2888,"date":"2022-06-01T20:08:39","date_gmt":"2022-06-01T18:08:39","guid":{"rendered":"http:\/\/suryn.pl\/?page_id=2888"},"modified":"2022-06-02T18:42:29","modified_gmt":"2022-06-02T16:42:29","slug":"widzenie-niebo-krwawi","status":"publish","type":"page","link":"http:\/\/suryn.pl\/index.php\/widzenie-niebo-krwawi\/","title":{"rendered":""},"content":{"rendered":"\n<p><\/p>\n\n\n\n<p><\/p>\n\n\n\n<p style=\"font-size:24px\"><strong>Widzenie<\/strong><\/p>\n\n\n\n<p><\/p>\n\n\n\n<p><\/p>\n\n\n\n<p style=\"font-size:18px\">niebo krwawi<\/p>\n\n\n\n<p style=\"font-size:18px\">zn\u00f3w Hammurabi prawa stanowi<\/p>\n\n\n\n<p style=\"font-size:18px\">Lech, Czech i Rus&nbsp;<\/p>\n\n\n\n<p style=\"font-size:18px\">id\u0105 przez r\u00f3wnin\u0119<\/p>\n\n\n\n<p style=\"font-size:18px\">nios\u0105 zbrodni\u0119 i nadziej\u0119<\/p>\n\n\n\n<p><\/p>\n\n\n\n<p style=\"font-size:18px\">dnieje w polu i w sercu<\/p>\n\n\n\n<p style=\"font-size:18px\">i tyle \u0142aski ile widzenia<\/p>\n\n\n\n<p style=\"font-size:18px\">i tyle nowego&nbsp;<\/p>\n\n\n\n<p style=\"font-size:18px\">ile przebaczenia<\/p>\n\n\n\n<p style=\"font-size:18px\">amen<\/p>\n\n\n\n<p class=\"has-text-align-right\"><a href=\"http:\/\/suryn.pl\/index.php\/wiersze-wszystkie\/\">Wszystkie wiersze<\/a><\/p>\n","protected":false},"excerpt":{"rendered":"<p>Widzenie niebo krwawi zn\u00f3w Hammurabi prawa stanowi Lech, Czech i Rus&nbsp; id\u0105 przez r\u00f3wnin\u0119 nios\u0105 zbrodni\u0119 i nadziej\u0119 dnieje w polu i w sercu i tyle \u0142aski ile widzenia i tyle nowego&nbsp; ile przebaczenia amen Wszystkie wiersze<\/p>\n","protected":false},"author":1,"featured_media":0,"parent":0,"menu_order":0,"comment_status":"closed","ping_status":"closed","template":"","meta":{"footnotes":""},"class_list":["post-2888","page","type-page","status-publish","hentry"],"_links":{"self":[{"href":"http:\/\/suryn.pl\/index.php\/wp-json\/wp\/v2\/pages\/2888","targetHints":{"allow":["GET"]}}],"collection":[{"href":"http:\/\/suryn.pl\/index.php\/wp-json\/wp\/v2\/pages"}],"about":[{"href":"http:\/\/suryn.pl\/index.php\/wp-json\/wp\/v2\/types\/page"}],"author":[{"embeddable":true,"href":"http:\/\/suryn.pl\/index.php\/wp-json\/wp\/v2\/users\/1"}],"replies":[{"embeddable":true,"href":"http:\/\/suryn.pl\/index.php\/wp-json\/wp\/v2\/comments?post=2888"}],"version-history":[{"count":4,"href":"http:\/\/suryn.pl\/index.php\/wp-json\/wp\/v2\/pages\/2888\/revisions"}],"predecessor-version":[{"id":3023,"href":"http:\/\/suryn.pl\/index.php\/wp-json\/wp\/v2\/pages\/2888\/revisions\/3023"}],"wp:attachment":[{"href":"http:\/\/suryn.pl\/index.php\/wp-json\/wp\/v2\/media?parent=2888"}],"curies":[{"name":"wp","href":"https:\/\/api.w.org\/{rel}","templated":true}]}}