{"id":2421,"date":"2021-10-20T23:06:29","date_gmt":"2021-10-20T21:06:29","guid":{"rendered":"http:\/\/suryn.pl\/?page_id=2421"},"modified":"2021-10-21T22:00:39","modified_gmt":"2021-10-21T20:00:39","slug":"2421-2","status":"publish","type":"page","link":"http:\/\/suryn.pl\/index.php\/2421-2\/","title":{"rendered":""},"content":{"rendered":"\n<p><\/p>\n\n\n\n<h2 class=\"wp-block-heading\"><strong>Z<\/strong>mieni\u0142 si\u0119 wiatr<\/h2>\n\n\n\n<h2 class=\"wp-block-heading\">skrzypi ziemia<\/h2>\n\n\n\n<h2 class=\"wp-block-heading\">flagi wieczoru<\/h2>\n\n\n\n<h2 class=\"wp-block-heading\">oklaskuj\u0105 m\u00f3j wyjazd<\/h2>\n\n\n\n<h2 class=\"wp-block-heading\">gin\u0105 bajki na \u0142\u0105kach<\/h2>\n\n\n\n<h2 class=\"wp-block-heading\">na szynach mg\u0142a<\/h2>\n\n\n\n<h2 class=\"wp-block-heading\">dok\u0105d Telemachu?\u2026<\/h2>\n\n\n\n<div style=\"height:272px\" aria-hidden=\"true\" class=\"wp-block-spacer\"><\/div>\n\n\n\n<p class=\"has-text-align-right\"><a href=\"http:\/\/suryn.pl\/index.php\/wiersze-wszystkie\/\">Wszystkie wiersze<\/a><\/p>\n","protected":false},"excerpt":{"rendered":"<p>Zmieni\u0142 si\u0119 wiatr skrzypi ziemia flagi wieczoru oklaskuj\u0105 m\u00f3j wyjazd gin\u0105 bajki na \u0142\u0105kach na szynach mg\u0142a dok\u0105d Telemachu?\u2026 Wszystkie wiersze<\/p>\n","protected":false},"author":1,"featured_media":0,"parent":0,"menu_order":0,"comment_status":"closed","ping_status":"closed","template":"","meta":{"footnotes":""},"class_list":["post-2421","page","type-page","status-publish","hentry"],"_links":{"self":[{"href":"http:\/\/suryn.pl\/index.php\/wp-json\/wp\/v2\/pages\/2421","targetHints":{"allow":["GET"]}}],"collection":[{"href":"http:\/\/suryn.pl\/index.php\/wp-json\/wp\/v2\/pages"}],"about":[{"href":"http:\/\/suryn.pl\/index.php\/wp-json\/wp\/v2\/types\/page"}],"author":[{"embeddable":true,"href":"http:\/\/suryn.pl\/index.php\/wp-json\/wp\/v2\/users\/1"}],"replies":[{"embeddable":true,"href":"http:\/\/suryn.pl\/index.php\/wp-json\/wp\/v2\/comments?post=2421"}],"version-history":[{"count":3,"href":"http:\/\/suryn.pl\/index.php\/wp-json\/wp\/v2\/pages\/2421\/revisions"}],"predecessor-version":[{"id":2775,"href":"http:\/\/suryn.pl\/index.php\/wp-json\/wp\/v2\/pages\/2421\/revisions\/2775"}],"wp:attachment":[{"href":"http:\/\/suryn.pl\/index.php\/wp-json\/wp\/v2\/media?parent=2421"}],"curies":[{"name":"wp","href":"https:\/\/api.w.org\/{rel}","templated":true}]}}