{"id":2416,"date":"2021-10-20T23:05:16","date_gmt":"2021-10-20T21:05:16","guid":{"rendered":"http:\/\/suryn.pl\/?page_id=2416"},"modified":"2021-10-21T22:00:14","modified_gmt":"2021-10-21T20:00:14","slug":"2416-2","status":"publish","type":"page","link":"http:\/\/suryn.pl\/index.php\/2416-2\/","title":{"rendered":""},"content":{"rendered":"\n<p><\/p>\n\n\n\n<h2 class=\"wp-block-heading\"><strong>Z<\/strong>gubi\u0142em <\/h2>\n\n\n\n<h2 class=\"wp-block-heading\">zapomnia\u0142em<\/h2>\n\n\n\n<h2 class=\"wp-block-heading\">pozwoli\u0142em zniszczy\u0107<\/h2>\n\n\n\n<h2 class=\"wp-block-heading\">cisz\u0119<\/h2>\n\n\n\n<h2 class=\"wp-block-heading\">i teraz na \u0142asce<\/h2>\n\n\n\n<h2 class=\"wp-block-heading\">\u015bwiata latam <\/h2>\n\n\n\n<h2 class=\"wp-block-heading\">jak zerwany latawiec<\/h2>\n\n\n\n<div style=\"height:179px\" aria-hidden=\"true\" class=\"wp-block-spacer\"><\/div>\n\n\n\n<p class=\"has-text-align-right\"><a href=\"http:\/\/suryn.pl\/index.php\/wiersze-wszystkie\/\">Wszystkie wiersze<\/a><\/p>\n","protected":false},"excerpt":{"rendered":"<p>Zgubi\u0142em zapomnia\u0142em pozwoli\u0142em zniszczy\u0107 cisz\u0119 i teraz na \u0142asce \u015bwiata latam jak zerwany latawiec Wszystkie wiersze<\/p>\n","protected":false},"author":1,"featured_media":0,"parent":0,"menu_order":0,"comment_status":"closed","ping_status":"closed","template":"","meta":{"footnotes":""},"class_list":["post-2416","page","type-page","status-publish","hentry"],"_links":{"self":[{"href":"http:\/\/suryn.pl\/index.php\/wp-json\/wp\/v2\/pages\/2416","targetHints":{"allow":["GET"]}}],"collection":[{"href":"http:\/\/suryn.pl\/index.php\/wp-json\/wp\/v2\/pages"}],"about":[{"href":"http:\/\/suryn.pl\/index.php\/wp-json\/wp\/v2\/types\/page"}],"author":[{"embeddable":true,"href":"http:\/\/suryn.pl\/index.php\/wp-json\/wp\/v2\/users\/1"}],"replies":[{"embeddable":true,"href":"http:\/\/suryn.pl\/index.php\/wp-json\/wp\/v2\/comments?post=2416"}],"version-history":[{"count":5,"href":"http:\/\/suryn.pl\/index.php\/wp-json\/wp\/v2\/pages\/2416\/revisions"}],"predecessor-version":[{"id":2774,"href":"http:\/\/suryn.pl\/index.php\/wp-json\/wp\/v2\/pages\/2416\/revisions\/2774"}],"wp:attachment":[{"href":"http:\/\/suryn.pl\/index.php\/wp-json\/wp\/v2\/media?parent=2416"}],"curies":[{"name":"wp","href":"https:\/\/api.w.org\/{rel}","templated":true}]}}