{"id":2409,"date":"2021-10-20T23:02:58","date_gmt":"2021-10-20T21:02:58","guid":{"rendered":"http:\/\/suryn.pl\/?page_id=2409"},"modified":"2021-10-21T21:58:51","modified_gmt":"2021-10-21T19:58:51","slug":"2409-2","status":"publish","type":"page","link":"http:\/\/suryn.pl\/index.php\/2409-2\/","title":{"rendered":""},"content":{"rendered":"\n<p><\/p>\n\n\n\n<p style=\"font-size:24px\"><strong>Zapomnia\u0142em<\/strong><\/p>\n\n\n\n<h2 class=\"wp-block-heading\">nic nie zosta\u0142o napisane<\/h2>\n\n\n\n<h2 class=\"wp-block-heading\">nic nie czyta\u0142em<\/h2>\n\n\n\n<h2 class=\"wp-block-heading\">je\u015bli to sen<\/h2>\n\n\n\n<h2 class=\"wp-block-heading\">nie bud\u017acie mnie<\/h2>\n\n\n\n<div style=\"height:202px\" aria-hidden=\"true\" class=\"wp-block-spacer\"><\/div>\n\n\n\n<p class=\"has-text-align-right\"><a href=\"http:\/\/suryn.pl\/index.php\/wiersze-wszystkie\/\">Wszystkie wiersze<\/a><\/p>\n","protected":false},"excerpt":{"rendered":"<p>Zapomnia\u0142em nic nie zosta\u0142o napisane nic nie czyta\u0142em je\u015bli to sen nie bud\u017acie mnie Wszystkie wiersze<\/p>\n","protected":false},"author":1,"featured_media":0,"parent":0,"menu_order":0,"comment_status":"closed","ping_status":"closed","template":"","meta":{"footnotes":""},"class_list":["post-2409","page","type-page","status-publish","hentry"],"_links":{"self":[{"href":"http:\/\/suryn.pl\/index.php\/wp-json\/wp\/v2\/pages\/2409","targetHints":{"allow":["GET"]}}],"collection":[{"href":"http:\/\/suryn.pl\/index.php\/wp-json\/wp\/v2\/pages"}],"about":[{"href":"http:\/\/suryn.pl\/index.php\/wp-json\/wp\/v2\/types\/page"}],"author":[{"embeddable":true,"href":"http:\/\/suryn.pl\/index.php\/wp-json\/wp\/v2\/users\/1"}],"replies":[{"embeddable":true,"href":"http:\/\/suryn.pl\/index.php\/wp-json\/wp\/v2\/comments?post=2409"}],"version-history":[{"count":3,"href":"http:\/\/suryn.pl\/index.php\/wp-json\/wp\/v2\/pages\/2409\/revisions"}],"predecessor-version":[{"id":2771,"href":"http:\/\/suryn.pl\/index.php\/wp-json\/wp\/v2\/pages\/2409\/revisions\/2771"}],"wp:attachment":[{"href":"http:\/\/suryn.pl\/index.php\/wp-json\/wp\/v2\/media?parent=2409"}],"curies":[{"name":"wp","href":"https:\/\/api.w.org\/{rel}","templated":true}]}}