{"id":2403,"date":"2021-10-20T23:00:53","date_gmt":"2021-10-20T21:00:53","guid":{"rendered":"http:\/\/suryn.pl\/?page_id=2403"},"modified":"2022-06-01T21:40:09","modified_gmt":"2022-06-01T19:40:09","slug":"2403-2","status":"publish","type":"page","link":"http:\/\/suryn.pl\/index.php\/2403-2\/","title":{"rendered":""},"content":{"rendered":"\n<p><\/p>\n\n\n\n<p style=\"font-size:24px\"><strong>Wyraz<\/strong><\/p>\n\n\n\n<h2 class=\"wp-block-heading\">jest taki jeden<\/h2>\n\n\n\n<h2 class=\"wp-block-heading\">pono\u0107 ska\u0142y mia\u017cd\u017cy<\/h2>\n\n\n\n<h2 class=\"wp-block-heading\">wypowiedziany akuratnie<\/h2>\n\n\n\n<h2 class=\"wp-block-heading\">miasto zniesie z powierzchni<\/h2>\n\n\n\n<h2 class=\"wp-block-heading\">wulkan obudzi<\/h2>\n\n\n\n<h2 class=\"wp-block-heading\">kobiet\u0119 uczyni tobie przychyln\u0105<\/h2>\n\n\n\n<h2 class=\"wp-block-heading\">otworzy wszystkie bramy<\/h2>\n\n\n\n<h2 class=\"wp-block-heading\">lecz<\/h2>\n\n\n\n<h2 class=\"wp-block-heading\">przez zwyk\u0142e niechlujstwo<\/h2>\n\n\n\n<h2 class=\"wp-block-heading\">zapomnia\u0142em<\/h2>\n\n\n\n<div style=\"height:100px\" aria-hidden=\"true\" class=\"wp-block-spacer\"><\/div>\n\n\n\n<p class=\"has-text-align-right\"><a href=\"http:\/\/suryn.pl\/index.php\/wiersze-wszystkie\/\">Wszystkie wiersze<\/a><\/p>\n","protected":false},"excerpt":{"rendered":"<p>Wyraz jest taki jeden pono\u0107 ska\u0142y mia\u017cd\u017cy wypowiedziany akuratnie miasto zniesie z powierzchni wulkan obudzi kobiet\u0119 uczyni tobie przychyln\u0105 otworzy wszystkie bramy lecz przez zwyk\u0142e niechlujstwo zapomnia\u0142em Wszystkie wiersze<\/p>\n","protected":false},"author":1,"featured_media":0,"parent":0,"menu_order":0,"comment_status":"closed","ping_status":"closed","template":"","meta":{"footnotes":""},"class_list":["post-2403","page","type-page","status-publish","hentry"],"_links":{"self":[{"href":"http:\/\/suryn.pl\/index.php\/wp-json\/wp\/v2\/pages\/2403","targetHints":{"allow":["GET"]}}],"collection":[{"href":"http:\/\/suryn.pl\/index.php\/wp-json\/wp\/v2\/pages"}],"about":[{"href":"http:\/\/suryn.pl\/index.php\/wp-json\/wp\/v2\/types\/page"}],"author":[{"embeddable":true,"href":"http:\/\/suryn.pl\/index.php\/wp-json\/wp\/v2\/users\/1"}],"replies":[{"embeddable":true,"href":"http:\/\/suryn.pl\/index.php\/wp-json\/wp\/v2\/comments?post=2403"}],"version-history":[{"count":2,"href":"http:\/\/suryn.pl\/index.php\/wp-json\/wp\/v2\/pages\/2403\/revisions"}],"predecessor-version":[{"id":2770,"href":"http:\/\/suryn.pl\/index.php\/wp-json\/wp\/v2\/pages\/2403\/revisions\/2770"}],"wp:attachment":[{"href":"http:\/\/suryn.pl\/index.php\/wp-json\/wp\/v2\/media?parent=2403"}],"curies":[{"name":"wp","href":"https:\/\/api.w.org\/{rel}","templated":true}]}}