{"id":2392,"date":"2021-10-20T22:57:39","date_gmt":"2021-10-20T20:57:39","guid":{"rendered":"http:\/\/suryn.pl\/?page_id=2392"},"modified":"2021-10-21T21:55:34","modified_gmt":"2021-10-21T19:55:34","slug":"2392-2","status":"publish","type":"page","link":"http:\/\/suryn.pl\/index.php\/2392-2\/","title":{"rendered":""},"content":{"rendered":"\n<p><\/p>\n\n\n\n<h2 class=\"wp-block-heading\">Wspina\u0142em si\u0119 po muzyce<\/h2>\n\n\n\n<h2 class=\"wp-block-heading\">do Ciebie<\/h2>\n\n\n\n<h2 class=\"wp-block-heading\">po linie z powietrza<\/h2>\n\n\n\n<h2 class=\"wp-block-heading\">ko\u0142ysany, pomylony, zapomniany<\/h2>\n\n\n\n<h2 class=\"wp-block-heading\">i zdarzy\u0142 si\u0119 cud&nbsp;&nbsp;<\/h2>\n\n\n\n<h2 class=\"wp-block-heading\">w\u0142a\u015bnie tu<\/h2>\n\n\n\n<h2 class=\"wp-block-heading\">cho\u0107 nic si\u0119 nie sta\u0142o<\/h2>\n\n\n\n<h2 class=\"wp-block-heading\">poj\u0105\u0142em to jasno<\/h2>\n\n\n\n<h2 class=\"wp-block-heading\">sosna nie b\u0119dzie d\u0119bem<\/h2>\n\n\n\n<h2 class=\"wp-block-heading\">sp\u0142ywa woda po kamieniach<\/h2>\n\n\n\n<h2 class=\"wp-block-heading\">s\u0142o\u0144ce z moj\u0105 twarz\u0105<\/h2>\n\n\n\n<h2 class=\"wp-block-heading\">nigdy nie znika<\/h2>\n\n\n\n<h2 class=\"wp-block-heading\">i ju\u017c nie musz\u0119 ci\u0119 szuka\u0107<\/h2>\n\n\n\n<div style=\"height:100px\" aria-hidden=\"true\" class=\"wp-block-spacer\"><\/div>\n\n\n\n<p class=\"has-text-align-right\"><a href=\"http:\/\/suryn.pl\/index.php\/wiersze-wszystkie\/\">Wszystkie wiersze<\/a><\/p>\n","protected":false},"excerpt":{"rendered":"<p>Wspina\u0142em si\u0119 po muzyce do Ciebie po linie z powietrza ko\u0142ysany, pomylony, zapomniany i zdarzy\u0142 si\u0119 cud&nbsp;&nbsp; w\u0142a\u015bnie tu cho\u0107 nic si\u0119 nie sta\u0142o poj\u0105\u0142em to jasno sosna nie b\u0119dzie d\u0119bem sp\u0142ywa woda po kamieniach s\u0142o\u0144ce z moj\u0105 twarz\u0105 nigdy nie znika i ju\u017c nie musz\u0119 ci\u0119 szuka\u0107 Wszystkie wiersze<\/p>\n","protected":false},"author":1,"featured_media":0,"parent":0,"menu_order":0,"comment_status":"closed","ping_status":"closed","template":"","meta":{"footnotes":""},"class_list":["post-2392","page","type-page","status-publish","hentry"],"_links":{"self":[{"href":"http:\/\/suryn.pl\/index.php\/wp-json\/wp\/v2\/pages\/2392","targetHints":{"allow":["GET"]}}],"collection":[{"href":"http:\/\/suryn.pl\/index.php\/wp-json\/wp\/v2\/pages"}],"about":[{"href":"http:\/\/suryn.pl\/index.php\/wp-json\/wp\/v2\/types\/page"}],"author":[{"embeddable":true,"href":"http:\/\/suryn.pl\/index.php\/wp-json\/wp\/v2\/users\/1"}],"replies":[{"embeddable":true,"href":"http:\/\/suryn.pl\/index.php\/wp-json\/wp\/v2\/comments?post=2392"}],"version-history":[{"count":2,"href":"http:\/\/suryn.pl\/index.php\/wp-json\/wp\/v2\/pages\/2392\/revisions"}],"predecessor-version":[{"id":2766,"href":"http:\/\/suryn.pl\/index.php\/wp-json\/wp\/v2\/pages\/2392\/revisions\/2766"}],"wp:attachment":[{"href":"http:\/\/suryn.pl\/index.php\/wp-json\/wp\/v2\/media?parent=2392"}],"curies":[{"name":"wp","href":"https:\/\/api.w.org\/{rel}","templated":true}]}}