{"id":2383,"date":"2021-10-20T22:52:06","date_gmt":"2021-10-20T20:52:06","guid":{"rendered":"http:\/\/suryn.pl\/?page_id=2383"},"modified":"2021-10-21T21:51:18","modified_gmt":"2021-10-21T19:51:18","slug":"2383-2","status":"publish","type":"page","link":"http:\/\/suryn.pl\/index.php\/2383-2\/","title":{"rendered":""},"content":{"rendered":"\n<p><\/p>\n\n\n\n<p style=\"font-size:24px\"><strong>Wojtkowi Darskiemu na urodziny<\/strong><\/p>\n\n\n\n<h2 class=\"wp-block-heading\">kwiat wpad\u0142 w wod\u0119<\/h2>\n\n\n\n<h2 class=\"wp-block-heading\">\u015bmiech w niebo<\/h2>\n\n\n\n<h2 class=\"wp-block-heading\">szli\u015bmy w g\u00f3r\u0119 Drawy<\/h2>\n\n\n\n<h2 class=\"wp-block-heading\">poluj\u0105c na fenomeny<\/h2>\n\n\n\n<h2 class=\"wp-block-heading\">\u015bwiat\u0142o mia\u0142o smak s\u0142\u00f3w<\/h2>\n\n\n\n<h2 class=\"wp-block-heading\">kt\u00f3re jak kolibry unosi\u0142y si\u0119<\/h2>\n\n\n\n<h2 class=\"wp-block-heading\">nad nami<\/h2>\n\n\n\n<h2 class=\"wp-block-heading\">polsko-niemiecka droga opowiada\u0142a<\/h2>\n\n\n\n<h2 class=\"wp-block-heading\">histori\u0119 cz\u0142owieka, kt\u00f3ry niczego si\u0119<\/h2>\n\n\n\n<h2 class=\"wp-block-heading\">nie nauczy\u0142<\/h2>\n\n\n\n<h2 class=\"wp-block-heading\">wtedy powiedzia\u0142e\u015b,<\/h2>\n\n\n\n<h2 class=\"wp-block-heading\">\u017ce idziemy i m\u00f3wimy wiersze<\/h2>\n\n\n\n<h2 class=\"wp-block-heading\">ja na to, \u017ce pisanie sta\u0142o si\u0119 za \u0142atwe<\/h2>\n\n\n\n<h2 class=\"wp-block-heading\">sp\u0142oszony jastrz\u0105b zakwili\u0142,<\/h2>\n\n\n\n<h2 class=\"wp-block-heading\">zatoczy\u0142 ko\u0142o i pofrun\u0105\u0142 za rzek\u0119<\/h2>\n\n\n\n<h2 class=\"wp-block-heading\">widzieli\u015bmy wiele<\/h2>\n\n\n\n<h2 class=\"wp-block-heading\">wiedzieli\u015bmy za du\u017co \u2013 to nie u\u0142atwia \u017cycia<\/h2>\n\n\n\n<h2 class=\"wp-block-heading\">teraz tobie plot\u0119 warkocz z wiary i nadziei<\/h2>\n\n\n\n<h2 class=\"wp-block-heading\">a kwiat, co dziesi\u0119\u0107 lat temu wpad\u0142 do rzeki<\/h2>\n\n\n\n<h2 class=\"wp-block-heading\">niech dop\u0142ynie do Gi\u017cycka<\/h2>\n\n\n\n<div style=\"height:100px\" aria-hidden=\"true\" class=\"wp-block-spacer\"><\/div>\n\n\n\n<p class=\"has-text-align-right\"><a href=\"http:\/\/suryn.pl\/index.php\/wiersze-wszystkie\/\">Wszystkie wiersze<\/a><\/p>\n","protected":false},"excerpt":{"rendered":"<p>Wojtkowi Darskiemu na urodziny kwiat wpad\u0142 w wod\u0119 \u015bmiech w niebo szli\u015bmy w g\u00f3r\u0119 Drawy poluj\u0105c na fenomeny \u015bwiat\u0142o mia\u0142o smak s\u0142\u00f3w kt\u00f3re jak kolibry unosi\u0142y si\u0119 nad nami polsko-niemiecka droga opowiada\u0142a histori\u0119 cz\u0142owieka, kt\u00f3ry niczego si\u0119 nie nauczy\u0142 wtedy powiedzia\u0142e\u015b, \u017ce idziemy i m\u00f3wimy wiersze ja na to, \u017ce pisanie sta\u0142o si\u0119 za \u0142atwe sp\u0142oszony jastrz\u0105b zakwili\u0142, zatoczy\u0142 ko\u0142o &#8230;<\/p>\n","protected":false},"author":1,"featured_media":0,"parent":0,"menu_order":0,"comment_status":"closed","ping_status":"closed","template":"","meta":{"footnotes":""},"class_list":["post-2383","page","type-page","status-publish","hentry"],"_links":{"self":[{"href":"http:\/\/suryn.pl\/index.php\/wp-json\/wp\/v2\/pages\/2383","targetHints":{"allow":["GET"]}}],"collection":[{"href":"http:\/\/suryn.pl\/index.php\/wp-json\/wp\/v2\/pages"}],"about":[{"href":"http:\/\/suryn.pl\/index.php\/wp-json\/wp\/v2\/types\/page"}],"author":[{"embeddable":true,"href":"http:\/\/suryn.pl\/index.php\/wp-json\/wp\/v2\/users\/1"}],"replies":[{"embeddable":true,"href":"http:\/\/suryn.pl\/index.php\/wp-json\/wp\/v2\/comments?post=2383"}],"version-history":[{"count":2,"href":"http:\/\/suryn.pl\/index.php\/wp-json\/wp\/v2\/pages\/2383\/revisions"}],"predecessor-version":[{"id":2762,"href":"http:\/\/suryn.pl\/index.php\/wp-json\/wp\/v2\/pages\/2383\/revisions\/2762"}],"wp:attachment":[{"href":"http:\/\/suryn.pl\/index.php\/wp-json\/wp\/v2\/media?parent=2383"}],"curies":[{"name":"wp","href":"https:\/\/api.w.org\/{rel}","templated":true}]}}