{"id":2373,"date":"2021-10-20T22:47:50","date_gmt":"2021-10-20T20:47:50","guid":{"rendered":"http:\/\/suryn.pl\/?page_id=2373"},"modified":"2021-10-21T21:19:42","modified_gmt":"2021-10-21T19:19:42","slug":"2373-2","status":"publish","type":"page","link":"http:\/\/suryn.pl\/index.php\/2373-2\/","title":{"rendered":""},"content":{"rendered":"\n<p><\/p>\n\n\n\n<p style=\"font-size:24px\"><strong>Wiosna<\/strong><\/p>\n\n\n\n<h2 class=\"wp-block-heading\">deszcz radosny<\/h2>\n\n\n\n<h2 class=\"wp-block-heading\">wysoka t\u0119sknota<\/h2>\n\n\n\n<h2 class=\"wp-block-heading\">otwarte okna<\/h2>\n\n\n\n<h2 class=\"wp-block-heading\">nadchodz\u0105 kolory<\/h2>\n\n\n\n<h2 class=\"wp-block-heading\">uciekaj\u0105 pytania<\/h2>\n\n\n\n<h2 class=\"wp-block-heading\">\u015bwiat\u0142o widzialne<\/h2>\n\n\n\n<h2 class=\"wp-block-heading\">daj Panie<\/h2>\n\n\n\n<h2 class=\"wp-block-heading\">oko z onyksu<\/h2>\n\n\n\n<h2 class=\"wp-block-heading\">oko z topazu<\/h2>\n\n\n\n<h2 class=\"wp-block-heading\">oko w oko<\/h2>\n\n\n\n<div style=\"height:100px\" aria-hidden=\"true\" class=\"wp-block-spacer\"><\/div>\n\n\n\n<p class=\"has-text-align-right\"><a href=\"http:\/\/suryn.pl\/index.php\/wiersze-wszystkie\/\">Wszystkie wiersze<\/a><\/p>\n","protected":false},"excerpt":{"rendered":"<p>Wiosna deszcz radosny wysoka t\u0119sknota otwarte okna nadchodz\u0105 kolory uciekaj\u0105 pytania \u015bwiat\u0142o widzialne daj Panie oko z onyksu oko z topazu oko w oko Wszystkie wiersze<\/p>\n","protected":false},"author":1,"featured_media":0,"parent":0,"menu_order":0,"comment_status":"closed","ping_status":"closed","template":"","meta":{"footnotes":""},"class_list":["post-2373","page","type-page","status-publish","hentry"],"_links":{"self":[{"href":"http:\/\/suryn.pl\/index.php\/wp-json\/wp\/v2\/pages\/2373","targetHints":{"allow":["GET"]}}],"collection":[{"href":"http:\/\/suryn.pl\/index.php\/wp-json\/wp\/v2\/pages"}],"about":[{"href":"http:\/\/suryn.pl\/index.php\/wp-json\/wp\/v2\/types\/page"}],"author":[{"embeddable":true,"href":"http:\/\/suryn.pl\/index.php\/wp-json\/wp\/v2\/users\/1"}],"replies":[{"embeddable":true,"href":"http:\/\/suryn.pl\/index.php\/wp-json\/wp\/v2\/comments?post=2373"}],"version-history":[{"count":2,"href":"http:\/\/suryn.pl\/index.php\/wp-json\/wp\/v2\/pages\/2373\/revisions"}],"predecessor-version":[{"id":2759,"href":"http:\/\/suryn.pl\/index.php\/wp-json\/wp\/v2\/pages\/2373\/revisions\/2759"}],"wp:attachment":[{"href":"http:\/\/suryn.pl\/index.php\/wp-json\/wp\/v2\/media?parent=2373"}],"curies":[{"name":"wp","href":"https:\/\/api.w.org\/{rel}","templated":true}]}}