{"id":2362,"date":"2021-10-20T22:43:29","date_gmt":"2021-10-20T20:43:29","guid":{"rendered":"http:\/\/suryn.pl\/?page_id=2362"},"modified":"2021-10-21T21:17:29","modified_gmt":"2021-10-21T19:17:29","slug":"2362-2","status":"publish","type":"page","link":"http:\/\/suryn.pl\/index.php\/2362-2\/","title":{"rendered":""},"content":{"rendered":"\n<p><\/p>\n\n\n\n<p style=\"font-size:24px\"><strong>Wieczorem w domu<\/strong><\/p>\n\n\n\n<h2 class=\"wp-block-heading\">ogie\u0144 w kominku p\u0142onie rado\u015bnie<\/h2>\n\n\n\n<h2 class=\"wp-block-heading\">p\u0142omienie ta\u0144cz\u0105<\/h2>\n\n\n\n<h2 class=\"wp-block-heading\">po \u015bcianie i twarzy<\/h2>\n\n\n\n<h2 class=\"wp-block-heading\">i nagle widz\u0119<\/h2>\n\n\n\n<h2 class=\"wp-block-heading\">jak stworzenie<\/h2>\n\n\n\n<h2 class=\"wp-block-heading\">wyp\u0142oszone z gor\u0105cego polana<\/h2>\n\n\n\n<h2 class=\"wp-block-heading\">usi\u0142uje uciec<\/h2>\n\n\n\n<h2 class=\"wp-block-heading\">przed niepoj\u0119tym b\u00f3lem<\/h2>\n\n\n\n<h2 class=\"wp-block-heading\">a to \u2013 ja<\/h2>\n\n\n\n<div style=\"height:376px\" aria-hidden=\"true\" class=\"wp-block-spacer\"><\/div>\n\n\n\n<p class=\"has-text-align-right\"><a href=\"http:\/\/suryn.pl\/index.php\/wiersze-wszystkie\/\">Wszystkie wiersze<\/a><\/p>\n","protected":false},"excerpt":{"rendered":"<p>Wieczorem w domu ogie\u0144 w kominku p\u0142onie rado\u015bnie p\u0142omienie ta\u0144cz\u0105 po \u015bcianie i twarzy i nagle widz\u0119 jak stworzenie wyp\u0142oszone z gor\u0105cego polana usi\u0142uje uciec przed niepoj\u0119tym b\u00f3lem a to \u2013 ja Wszystkie wiersze<\/p>\n","protected":false},"author":1,"featured_media":0,"parent":0,"menu_order":0,"comment_status":"closed","ping_status":"closed","template":"","meta":{"footnotes":""},"class_list":["post-2362","page","type-page","status-publish","hentry"],"_links":{"self":[{"href":"http:\/\/suryn.pl\/index.php\/wp-json\/wp\/v2\/pages\/2362","targetHints":{"allow":["GET"]}}],"collection":[{"href":"http:\/\/suryn.pl\/index.php\/wp-json\/wp\/v2\/pages"}],"about":[{"href":"http:\/\/suryn.pl\/index.php\/wp-json\/wp\/v2\/types\/page"}],"author":[{"embeddable":true,"href":"http:\/\/suryn.pl\/index.php\/wp-json\/wp\/v2\/users\/1"}],"replies":[{"embeddable":true,"href":"http:\/\/suryn.pl\/index.php\/wp-json\/wp\/v2\/comments?post=2362"}],"version-history":[{"count":3,"href":"http:\/\/suryn.pl\/index.php\/wp-json\/wp\/v2\/pages\/2362\/revisions"}],"predecessor-version":[{"id":2756,"href":"http:\/\/suryn.pl\/index.php\/wp-json\/wp\/v2\/pages\/2362\/revisions\/2756"}],"wp:attachment":[{"href":"http:\/\/suryn.pl\/index.php\/wp-json\/wp\/v2\/media?parent=2362"}],"curies":[{"name":"wp","href":"https:\/\/api.w.org\/{rel}","templated":true}]}}