{"id":2359,"date":"2021-10-20T22:42:17","date_gmt":"2021-10-20T20:42:17","guid":{"rendered":"http:\/\/suryn.pl\/?page_id=2359"},"modified":"2021-10-21T21:16:22","modified_gmt":"2021-10-21T19:16:22","slug":"2359-2","status":"publish","type":"page","link":"http:\/\/suryn.pl\/index.php\/2359-2\/","title":{"rendered":""},"content":{"rendered":"\n<p><\/p>\n\n\n\n<h2 class=\"wp-block-heading\"><strong>W<\/strong>idzia\u0142em go<\/h2>\n\n\n\n<h2 class=\"wp-block-heading\">szed\u0142 suchym strumieniem<\/h2>\n\n\n\n<h2 class=\"wp-block-heading\">u\u015bmiechni\u0119ty<\/h2>\n\n\n\n<h2 class=\"wp-block-heading\">i obj\u0119ty wczesnym s\u0142o\u0144cem &#8211;<\/h2>\n\n\n\n<h2 class=\"wp-block-heading\">\u015bwi\u0119ty z przedmie\u015bcia<\/h2>\n\n\n\n<h2 class=\"wp-block-heading\">m\u00f3dl si\u0119 za nami<\/h2>\n\n\n\n<h2 class=\"wp-block-heading\">nie musimy ci\u0119 widzie\u0107<\/h2>\n\n\n\n<h2 class=\"wp-block-heading\">nie musimy ci\u0119 s\u0142ysze\u0107<\/h2>\n\n\n\n<h2 class=\"wp-block-heading\">wystarczy, \u017ce jeste\u015b<\/h2>\n\n\n\n<div style=\"height:437px\" aria-hidden=\"true\" class=\"wp-block-spacer\"><\/div>\n\n\n\n<p class=\"has-text-align-right\"><a href=\"http:\/\/suryn.pl\/index.php\/wiersze-wszystkie\/\">Wszystkie wiersze<\/a><\/p>\n","protected":false},"excerpt":{"rendered":"<p>Widzia\u0142em go szed\u0142 suchym strumieniem u\u015bmiechni\u0119ty i obj\u0119ty wczesnym s\u0142o\u0144cem &#8211; \u015bwi\u0119ty z przedmie\u015bcia m\u00f3dl si\u0119 za nami nie musimy ci\u0119 widzie\u0107 nie musimy ci\u0119 s\u0142ysze\u0107 wystarczy, \u017ce jeste\u015b Wszystkie wiersze<\/p>\n","protected":false},"author":1,"featured_media":0,"parent":0,"menu_order":0,"comment_status":"closed","ping_status":"closed","template":"","meta":{"footnotes":""},"class_list":["post-2359","page","type-page","status-publish","hentry"],"_links":{"self":[{"href":"http:\/\/suryn.pl\/index.php\/wp-json\/wp\/v2\/pages\/2359","targetHints":{"allow":["GET"]}}],"collection":[{"href":"http:\/\/suryn.pl\/index.php\/wp-json\/wp\/v2\/pages"}],"about":[{"href":"http:\/\/suryn.pl\/index.php\/wp-json\/wp\/v2\/types\/page"}],"author":[{"embeddable":true,"href":"http:\/\/suryn.pl\/index.php\/wp-json\/wp\/v2\/users\/1"}],"replies":[{"embeddable":true,"href":"http:\/\/suryn.pl\/index.php\/wp-json\/wp\/v2\/comments?post=2359"}],"version-history":[{"count":2,"href":"http:\/\/suryn.pl\/index.php\/wp-json\/wp\/v2\/pages\/2359\/revisions"}],"predecessor-version":[{"id":2754,"href":"http:\/\/suryn.pl\/index.php\/wp-json\/wp\/v2\/pages\/2359\/revisions\/2754"}],"wp:attachment":[{"href":"http:\/\/suryn.pl\/index.php\/wp-json\/wp\/v2\/media?parent=2359"}],"curies":[{"name":"wp","href":"https:\/\/api.w.org\/{rel}","templated":true}]}}