{"id":2349,"date":"2021-10-20T22:38:50","date_gmt":"2021-10-20T20:38:50","guid":{"rendered":"http:\/\/suryn.pl\/?page_id=2349"},"modified":"2021-10-21T21:14:03","modified_gmt":"2021-10-21T19:14:03","slug":"2349-2","status":"publish","type":"page","link":"http:\/\/suryn.pl\/index.php\/2349-2\/","title":{"rendered":""},"content":{"rendered":"\n<p><\/p>\n\n\n\n<p style=\"font-size:24px\"><strong>Wezwanie<\/strong><\/p>\n\n\n\n<h2 class=\"wp-block-heading\">us\u0142ysza\u0142em wezwanie:<\/h2>\n\n\n\n<h2 class=\"wp-block-heading\">&#8211; porzu\u0107 wszystko<\/h2>\n\n\n\n<h2 class=\"wp-block-heading\">i p\u00f3jd\u017a za mn\u0105<\/h2>\n\n\n\n<p><\/p>\n\n\n\n<h2 class=\"wp-block-heading\">ale nie wiedzia\u0142am<\/h2>\n\n\n\n<h2 class=\"wp-block-heading\">za kim i dok\u0105d<\/h2>\n\n\n\n<h2 class=\"wp-block-heading\">mam si\u0119 uda\u0107<\/h2>\n\n\n\n<h2 class=\"wp-block-heading\">\u015bwiat jak dzie\u0144<\/h2>\n\n\n\n<h2 class=\"wp-block-heading\">\u017cycie jak sen<\/h2>\n\n\n\n<h2 class=\"wp-block-heading\">c\u00f3\u017c mog\u0142em straci\u0107?<\/h2>\n\n\n\n<h2 class=\"wp-block-heading\">zyska\u0107 mog\u0142em wszystko<\/h2>\n\n\n\n<h2 class=\"wp-block-heading\">poszed\u0142em za g\u0142osem<\/h2>\n\n\n\n<h2 class=\"wp-block-heading\">i szukam mego mistrza<\/h2>\n\n\n\n<h2 class=\"wp-block-heading\">do dzi\u015b<\/h2>\n\n\n\n<div style=\"height:100px\" aria-hidden=\"true\" class=\"wp-block-spacer\"><\/div>\n\n\n\n<p class=\"has-text-align-right\"><a href=\"http:\/\/suryn.pl\/index.php\/wiersze-wszystkie\/\">Wszystkie wiersze<\/a><\/p>\n","protected":false},"excerpt":{"rendered":"<p>Wezwanie us\u0142ysza\u0142em wezwanie: &#8211; porzu\u0107 wszystko i p\u00f3jd\u017a za mn\u0105 ale nie wiedzia\u0142am za kim i dok\u0105d mam si\u0119 uda\u0107 \u015bwiat jak dzie\u0144 \u017cycie jak sen c\u00f3\u017c mog\u0142em straci\u0107? zyska\u0107 mog\u0142em wszystko poszed\u0142em za g\u0142osem i szukam mego mistrza do dzi\u015b Wszystkie wiersze<\/p>\n","protected":false},"author":1,"featured_media":0,"parent":0,"menu_order":0,"comment_status":"closed","ping_status":"closed","template":"","meta":{"footnotes":""},"class_list":["post-2349","page","type-page","status-publish","hentry"],"_links":{"self":[{"href":"http:\/\/suryn.pl\/index.php\/wp-json\/wp\/v2\/pages\/2349","targetHints":{"allow":["GET"]}}],"collection":[{"href":"http:\/\/suryn.pl\/index.php\/wp-json\/wp\/v2\/pages"}],"about":[{"href":"http:\/\/suryn.pl\/index.php\/wp-json\/wp\/v2\/types\/page"}],"author":[{"embeddable":true,"href":"http:\/\/suryn.pl\/index.php\/wp-json\/wp\/v2\/users\/1"}],"replies":[{"embeddable":true,"href":"http:\/\/suryn.pl\/index.php\/wp-json\/wp\/v2\/comments?post=2349"}],"version-history":[{"count":3,"href":"http:\/\/suryn.pl\/index.php\/wp-json\/wp\/v2\/pages\/2349\/revisions"}],"predecessor-version":[{"id":2750,"href":"http:\/\/suryn.pl\/index.php\/wp-json\/wp\/v2\/pages\/2349\/revisions\/2750"}],"wp:attachment":[{"href":"http:\/\/suryn.pl\/index.php\/wp-json\/wp\/v2\/media?parent=2349"}],"curies":[{"name":"wp","href":"https:\/\/api.w.org\/{rel}","templated":true}]}}