{"id":2341,"date":"2021-10-20T22:36:59","date_gmt":"2021-10-20T20:36:59","guid":{"rendered":"http:\/\/suryn.pl\/?page_id=2341"},"modified":"2021-10-21T21:10:54","modified_gmt":"2021-10-21T19:10:54","slug":"2341-2","status":"publish","type":"page","link":"http:\/\/suryn.pl\/index.php\/2341-2\/","title":{"rendered":""},"content":{"rendered":"\n<p><\/p>\n\n\n\n<p style=\"font-size:24px\"><strong>Warmia<\/strong><\/p>\n\n\n\n<h2 class=\"wp-block-heading\">albo stara ba\u015b\u0144<\/h2>\n\n\n\n<h2 class=\"wp-block-heading\">nikt jej ju\u017c dzi\u015b nie pami\u0119ta<\/h2>\n\n\n\n<h2 class=\"wp-block-heading\">mi\u0142o\u015b\u0107 i melancholia pod niskim niebem<\/h2>\n\n\n\n<h2 class=\"wp-block-heading\">kraina senna<\/h2>\n\n\n\n<h2 class=\"wp-block-heading\">i krzyk \u017curawi w r\u00f3\u017cowy poranek<\/h2>\n\n\n\n<h2 class=\"wp-block-heading\">a o zachodzie <\/h2>\n\n\n\n<h2 class=\"wp-block-heading\">na bure wzg\u00f3rza<\/h2>\n\n\n\n<h2 class=\"wp-block-heading\">s\u0142o\u0144ce wylewa <\/h2>\n\n\n\n<h2 class=\"wp-block-heading\">star\u0105 krew<\/h2>\n\n\n\n<div style=\"height:313px\" aria-hidden=\"true\" class=\"wp-block-spacer\"><\/div>\n\n\n\n<p class=\"has-text-align-right\"><a href=\"http:\/\/suryn.pl\/index.php\/wiersze-wszystkie\/\">Wszystkie wiersze<\/a><\/p>\n","protected":false},"excerpt":{"rendered":"<p>Warmia albo stara ba\u015b\u0144 nikt jej ju\u017c dzi\u015b nie pami\u0119ta mi\u0142o\u015b\u0107 i melancholia pod niskim niebem kraina senna i krzyk \u017curawi w r\u00f3\u017cowy poranek a o zachodzie na bure wzg\u00f3rza s\u0142o\u0144ce wylewa star\u0105 krew Wszystkie wiersze<\/p>\n","protected":false},"author":1,"featured_media":0,"parent":0,"menu_order":0,"comment_status":"closed","ping_status":"closed","template":"","meta":{"footnotes":""},"class_list":["post-2341","page","type-page","status-publish","hentry"],"_links":{"self":[{"href":"http:\/\/suryn.pl\/index.php\/wp-json\/wp\/v2\/pages\/2341","targetHints":{"allow":["GET"]}}],"collection":[{"href":"http:\/\/suryn.pl\/index.php\/wp-json\/wp\/v2\/pages"}],"about":[{"href":"http:\/\/suryn.pl\/index.php\/wp-json\/wp\/v2\/types\/page"}],"author":[{"embeddable":true,"href":"http:\/\/suryn.pl\/index.php\/wp-json\/wp\/v2\/users\/1"}],"replies":[{"embeddable":true,"href":"http:\/\/suryn.pl\/index.php\/wp-json\/wp\/v2\/comments?post=2341"}],"version-history":[{"count":4,"href":"http:\/\/suryn.pl\/index.php\/wp-json\/wp\/v2\/pages\/2341\/revisions"}],"predecessor-version":[{"id":2744,"href":"http:\/\/suryn.pl\/index.php\/wp-json\/wp\/v2\/pages\/2341\/revisions\/2744"}],"wp:attachment":[{"href":"http:\/\/suryn.pl\/index.php\/wp-json\/wp\/v2\/media?parent=2341"}],"curies":[{"name":"wp","href":"https:\/\/api.w.org\/{rel}","templated":true}]}}