{"id":2332,"date":"2021-10-20T22:33:48","date_gmt":"2021-10-20T20:33:48","guid":{"rendered":"http:\/\/suryn.pl\/?page_id=2332"},"modified":"2021-10-21T21:07:03","modified_gmt":"2021-10-21T19:07:03","slug":"2332-2","status":"publish","type":"page","link":"http:\/\/suryn.pl\/index.php\/2332-2\/","title":{"rendered":""},"content":{"rendered":"\n<p><\/p>\n\n\n\n<h2 class=\"wp-block-heading\"><strong>U<\/strong>krzy\u017cowane \u015bwiat\u0142o<\/h2>\n\n\n\n<h2 class=\"wp-block-heading\">nadal \u015bwieci<\/h2>\n\n\n\n<h2 class=\"wp-block-heading\">nie ma granic w ogrodzie \u015bwiata<\/h2>\n\n\n\n<h2 class=\"wp-block-heading\">Adam szuka owocu<\/h2>\n\n\n\n<h2 class=\"wp-block-heading\">prawdy<\/h2>\n\n\n\n<h2 class=\"wp-block-heading\">w szybach autobus\u00f3w<\/h2>\n\n\n\n<h2 class=\"wp-block-heading\">w b\u0142ysku reklam<\/h2>\n\n\n\n<h2 class=\"wp-block-heading\">w moich i twoich oczach<\/h2>\n\n\n\n<div style=\"height:364px\" aria-hidden=\"true\" class=\"wp-block-spacer\"><\/div>\n\n\n\n<p class=\"has-text-align-right\"><a href=\"http:\/\/suryn.pl\/index.php\/wiersze-wszystkie\/\">Wszystkie wiersze<\/a><\/p>\n","protected":false},"excerpt":{"rendered":"<p>Ukrzy\u017cowane \u015bwiat\u0142o nadal \u015bwieci nie ma granic w ogrodzie \u015bwiata Adam szuka owocu prawdy w szybach autobus\u00f3w w b\u0142ysku reklam w moich i twoich oczach Wszystkie wiersze<\/p>\n","protected":false},"author":1,"featured_media":0,"parent":0,"menu_order":0,"comment_status":"closed","ping_status":"closed","template":"","meta":{"footnotes":""},"class_list":["post-2332","page","type-page","status-publish","hentry"],"_links":{"self":[{"href":"http:\/\/suryn.pl\/index.php\/wp-json\/wp\/v2\/pages\/2332","targetHints":{"allow":["GET"]}}],"collection":[{"href":"http:\/\/suryn.pl\/index.php\/wp-json\/wp\/v2\/pages"}],"about":[{"href":"http:\/\/suryn.pl\/index.php\/wp-json\/wp\/v2\/types\/page"}],"author":[{"embeddable":true,"href":"http:\/\/suryn.pl\/index.php\/wp-json\/wp\/v2\/users\/1"}],"replies":[{"embeddable":true,"href":"http:\/\/suryn.pl\/index.php\/wp-json\/wp\/v2\/comments?post=2332"}],"version-history":[{"count":2,"href":"http:\/\/suryn.pl\/index.php\/wp-json\/wp\/v2\/pages\/2332\/revisions"}],"predecessor-version":[{"id":2737,"href":"http:\/\/suryn.pl\/index.php\/wp-json\/wp\/v2\/pages\/2332\/revisions\/2737"}],"wp:attachment":[{"href":"http:\/\/suryn.pl\/index.php\/wp-json\/wp\/v2\/media?parent=2332"}],"curies":[{"name":"wp","href":"https:\/\/api.w.org\/{rel}","templated":true}]}}