{"id":2325,"date":"2021-10-20T22:31:29","date_gmt":"2021-10-20T20:31:29","guid":{"rendered":"http:\/\/suryn.pl\/?page_id=2325"},"modified":"2021-10-21T20:11:14","modified_gmt":"2021-10-21T18:11:14","slug":"2325-2","status":"publish","type":"page","link":"http:\/\/suryn.pl\/index.php\/2325-2\/","title":{"rendered":""},"content":{"rendered":"\n<p><\/p>\n\n\n\n<p style=\"font-size:24px\"><strong>Tuczenie anio\u0142a<\/strong><\/p>\n\n\n\n<h2 class=\"wp-block-heading\">zaczyna si\u0119 niewinnie<\/h2>\n\n\n\n<h2 class=\"wp-block-heading\">dajmy na to<\/h2>\n\n\n\n<h2 class=\"wp-block-heading\">od przystawki<\/h2>\n\n\n\n<h2 class=\"wp-block-heading\">jeszcze nie k\u0142amstwo<\/h2>\n\n\n\n<h2 class=\"wp-block-heading\">powiedzmy wygoda<\/h2>\n\n\n\n<h2 class=\"wp-block-heading\">s\u0142owa samopas na \u0142\u0105ce dnia<\/h2>\n\n\n\n<h2 class=\"wp-block-heading\">pas\u0105 si\u0119 bez pasterza<\/h2>\n\n\n\n<h2 class=\"wp-block-heading\">nie trzeba wiele \u2013 strategia z fotela<\/h2>\n\n\n\n<h2 class=\"wp-block-heading\">i nie wiedzie\u0107 kiedy<\/h2>\n\n\n\n<h2 class=\"wp-block-heading\">z nieba zdj\u0119ty<\/h2>\n\n\n\n<h2 class=\"wp-block-heading\">przez komplementy<\/h2>\n\n\n\n<h2 class=\"wp-block-heading\">ci\u0105gnie skrzyd\u0142ami<\/h2>\n\n\n\n<h2 class=\"wp-block-heading\">mi\u0142o\u015b\u0107 ubiera si\u0119 w cia\u0142o<\/h2>\n\n\n\n<h2 class=\"wp-block-heading\">wiara wzgl\u0119dna<\/h2>\n\n\n\n<h2 class=\"wp-block-heading\">za to nadziei pe\u0142ne kieszenie<\/h2>\n\n\n\n<h2 class=\"wp-block-heading\">i ch\u0119tnie na coraz dalsze wyprawy<\/h2>\n\n\n\n<h2 class=\"wp-block-heading\">posy\u0142amy sumienie<\/h2>\n\n\n\n<div style=\"height:100px\" aria-hidden=\"true\" class=\"wp-block-spacer\"><\/div>\n\n\n\n<p class=\"has-text-align-right\"><a href=\"http:\/\/suryn.pl\/index.php\/wiersze-wszystkie\/\">Wszystkie wiersze<\/a><\/p>\n","protected":false},"excerpt":{"rendered":"<p>Tuczenie anio\u0142a zaczyna si\u0119 niewinnie dajmy na to od przystawki jeszcze nie k\u0142amstwo powiedzmy wygoda s\u0142owa samopas na \u0142\u0105ce dnia pas\u0105 si\u0119 bez pasterza nie trzeba wiele \u2013 strategia z fotela i nie wiedzie\u0107 kiedy z nieba zdj\u0119ty przez komplementy ci\u0105gnie skrzyd\u0142ami mi\u0142o\u015b\u0107 ubiera si\u0119 w cia\u0142o wiara wzgl\u0119dna za to nadziei pe\u0142ne kieszenie i ch\u0119tnie na coraz dalsze wyprawy &#8230;<\/p>\n","protected":false},"author":1,"featured_media":0,"parent":0,"menu_order":0,"comment_status":"closed","ping_status":"closed","template":"","meta":{"footnotes":""},"class_list":["post-2325","page","type-page","status-publish","hentry"],"_links":{"self":[{"href":"http:\/\/suryn.pl\/index.php\/wp-json\/wp\/v2\/pages\/2325","targetHints":{"allow":["GET"]}}],"collection":[{"href":"http:\/\/suryn.pl\/index.php\/wp-json\/wp\/v2\/pages"}],"about":[{"href":"http:\/\/suryn.pl\/index.php\/wp-json\/wp\/v2\/types\/page"}],"author":[{"embeddable":true,"href":"http:\/\/suryn.pl\/index.php\/wp-json\/wp\/v2\/users\/1"}],"replies":[{"embeddable":true,"href":"http:\/\/suryn.pl\/index.php\/wp-json\/wp\/v2\/comments?post=2325"}],"version-history":[{"count":2,"href":"http:\/\/suryn.pl\/index.php\/wp-json\/wp\/v2\/pages\/2325\/revisions"}],"predecessor-version":[{"id":2732,"href":"http:\/\/suryn.pl\/index.php\/wp-json\/wp\/v2\/pages\/2325\/revisions\/2732"}],"wp:attachment":[{"href":"http:\/\/suryn.pl\/index.php\/wp-json\/wp\/v2\/media?parent=2325"}],"curies":[{"name":"wp","href":"https:\/\/api.w.org\/{rel}","templated":true}]}}