{"id":2322,"date":"2021-10-20T22:30:26","date_gmt":"2021-10-20T20:30:26","guid":{"rendered":"http:\/\/suryn.pl\/?page_id=2322"},"modified":"2021-10-21T20:10:34","modified_gmt":"2021-10-21T18:10:34","slug":"2322-2","status":"publish","type":"page","link":"http:\/\/suryn.pl\/index.php\/2322-2\/","title":{"rendered":""},"content":{"rendered":"\n<p><\/p>\n\n\n\n<h2 class=\"wp-block-heading\"><strong>T<\/strong>rzeba by\u0142o co\u015b pokocha\u0107<\/h2>\n\n\n\n<h2 class=\"wp-block-heading\">Pan Themerson pokocha\u0142 DEFINICJE<\/h2>\n\n\n\n<h2 class=\"wp-block-heading\">ponad wszelk\u0105 pami\u0119\u0107<\/h2>\n\n\n\n<h2 class=\"wp-block-heading\">pokocha\u0142&#8230;<\/h2>\n\n\n\n<h2 class=\"wp-block-heading\">logiczne, fizyczne dno s\u0142owa<\/h2>\n\n\n\n<h2 class=\"wp-block-heading\">m\u00f3zg karmi\u0142 ch\u0142odn\u0105 estetyk\u0105<\/h2>\n\n\n\n<h2 class=\"wp-block-heading\">obraz\u00f3w, rzeczy, zjawisk<\/h2>\n\n\n\n<h2 class=\"wp-block-heading\">podejrzewa\u0142 \u017cycie o oszustwo<\/h2>\n\n\n\n<h2 class=\"wp-block-heading\">i sam stwarza\u0142 ciep\u0142o<\/h2>\n\n\n\n<h2 class=\"wp-block-heading\">i mawia\u0142, \u017ce jedyne prawdziwe ciep\u0142o<\/h2>\n\n\n\n<h2 class=\"wp-block-heading\">to jego osobiste 36,6 stopni C&nbsp;<\/h2>\n\n\n\n<h2 class=\"wp-block-heading\">zachwyty wa\u017c\u0105 i mierz\u0105<\/h2>\n\n\n\n<h2 class=\"wp-block-heading\">a mi\u0142o\u015b\u0107 to jeszcze jedna reakcja chemiczna<\/h2>\n\n\n\n<div style=\"height:100px\" aria-hidden=\"true\" class=\"wp-block-spacer\"><\/div>\n\n\n\n<p class=\"has-text-align-right\"><a href=\"http:\/\/suryn.pl\/index.php\/wiersze-wszystkie\/\">Wszystkie wiersze<\/a><\/p>\n","protected":false},"excerpt":{"rendered":"<p>Trzeba by\u0142o co\u015b pokocha\u0107 Pan Themerson pokocha\u0142 DEFINICJE ponad wszelk\u0105 pami\u0119\u0107 pokocha\u0142&#8230; logiczne, fizyczne dno s\u0142owa m\u00f3zg karmi\u0142 ch\u0142odn\u0105 estetyk\u0105 obraz\u00f3w, rzeczy, zjawisk podejrzewa\u0142 \u017cycie o oszustwo i sam stwarza\u0142 ciep\u0142o i mawia\u0142, \u017ce jedyne prawdziwe ciep\u0142o to jego osobiste 36,6 stopni C&nbsp; zachwyty wa\u017c\u0105 i mierz\u0105 a mi\u0142o\u015b\u0107 to jeszcze jedna reakcja chemiczna Wszystkie wiersze<\/p>\n","protected":false},"author":1,"featured_media":0,"parent":0,"menu_order":0,"comment_status":"closed","ping_status":"closed","template":"","meta":{"footnotes":""},"class_list":["post-2322","page","type-page","status-publish","hentry"],"_links":{"self":[{"href":"http:\/\/suryn.pl\/index.php\/wp-json\/wp\/v2\/pages\/2322","targetHints":{"allow":["GET"]}}],"collection":[{"href":"http:\/\/suryn.pl\/index.php\/wp-json\/wp\/v2\/pages"}],"about":[{"href":"http:\/\/suryn.pl\/index.php\/wp-json\/wp\/v2\/types\/page"}],"author":[{"embeddable":true,"href":"http:\/\/suryn.pl\/index.php\/wp-json\/wp\/v2\/users\/1"}],"replies":[{"embeddable":true,"href":"http:\/\/suryn.pl\/index.php\/wp-json\/wp\/v2\/comments?post=2322"}],"version-history":[{"count":2,"href":"http:\/\/suryn.pl\/index.php\/wp-json\/wp\/v2\/pages\/2322\/revisions"}],"predecessor-version":[{"id":2731,"href":"http:\/\/suryn.pl\/index.php\/wp-json\/wp\/v2\/pages\/2322\/revisions\/2731"}],"wp:attachment":[{"href":"http:\/\/suryn.pl\/index.php\/wp-json\/wp\/v2\/media?parent=2322"}],"curies":[{"name":"wp","href":"https:\/\/api.w.org\/{rel}","templated":true}]}}